{"id":371,"date":"2021-03-11T23:45:11","date_gmt":"2021-03-11T22:45:11","guid":{"rendered":"http:\/\/duplexpiano.de\/?page_id=371"},"modified":"2025-12-04T18:30:18","modified_gmt":"2025-12-04T17:30:18","slug":"david-stromberg","status":"publish","type":"page","link":"https:\/\/duplexpiano.de\/en\/david-stromberg\/","title":{"rendered":"David Stromberg"},"content":{"rendered":"<div data-elementor-type=\"wp-page\" data-elementor-id=\"371\" class=\"elementor elementor-371\">\n\t\t\t\t\t\t<section class=\"elementor-section elementor-top-section elementor-element elementor-element-ea64158 elementor-section-full_width elementor-section-height-default elementor-section-height-default\" data-id=\"ea64158\" data-element_type=\"section\" data-e-type=\"section\">\n\t\t\t\t\t\t<div class=\"elementor-container elementor-column-gap-default\">\n\t\t\t\t\t<div class=\"elementor-column elementor-col-66 elementor-top-column elementor-element elementor-element-179b842\" data-id=\"179b842\" data-element_type=\"column\" data-e-type=\"column\">\n\t\t\t<div class=\"elementor-widget-wrap elementor-element-populated\">\n\t\t\t\t\t\t<div class=\"elementor-element elementor-element-e984129 elementor-widget__width-initial elementor-widget elementor-widget-text-editor\" data-id=\"e984129\" data-element_type=\"widget\" data-e-type=\"widget\" data-widget_type=\"text-editor.default\">\n\t\t\t\t<div class=\"elementor-widget-container\">\n\t\t\t\t\t\t\t\t\t<p>\u201eMagie faszinierender Cellok\u00fcnste\u201c, \u201ekontemplative Tiefe\u201c<br \/>\u201eVorschein erf\u00fcllter \u00e4sthetischer Utopie\u201c<br \/>S\u00fcddeutsche Zeitung<\/p><p>Der Cellist David Stromberg sucht nach neuen H\u00f6rerlebnissen \u2013 sei es mit dem Barockcello, dem Cello piccolo oder dem modernen Cello. Ihn fasziniert die Alte Musik wie auch die Neue Musik, er sucht in der Improvisation nach neuen Ausdrucksformen, arrangiert altbekannte Meisterwerke, sodass sie in einem ganz neuen Gewand erscheinen, und er forscht nach vergessenen Instrumenten.<\/p><p>Gemeinsam mit dem Cellisten Sebastian Hess wiederentdeckte David Stromberg den Komponisten Emanuel Mo\u00f3r. Sie nahmen in Kooperation mit dem Bayerischen Rundfunk eine CD mit Solo- und Kammermusikwerken von Emanuel Mo\u00f3r auf. Im Doppelkonzert f\u00fcr zwei Celli wurden sie von den N\u00fcrnberger Symphonikern begleitet.<\/p><p>Seine CD \u201eTransition\u201c erschien in Kooperation mit Deutschlandradio. Er spielt darauf das Cellokonzert von Schumann, die Rokoko-Variationen von Tschaikowski sowie weitere romantische Charakterst\u00fccke in seinen eigenen Bearbeitungen f\u00fcr Cello und Bl\u00e4serquintett. Diese Bearbeitungen ver\u00f6ffentlichte David Stromberg im Sikorski Musikverlag. \u201eEin ganz neuer Charakter. Das ist h\u00f6renswert!\u201c,\u00a0SWR2.\u00a0\u201eDie Werke erfahren eine neue Eindringlichkeit\u201c,\u00a0NDR Kultur.\u00a0\u201eGlasklare Kostbarkeiten\u201c,\u00a0Concerti Magazin.\u00a0Die CD wurde \u201eCD der Woche\u201c beim SWR. Weitere Rezensionen erfolgten in renommierten Printmedien wie \u201eDie Welt\u201c, \u201eWiener Zeitung\u201c und \u201esonic Magazin\u201c.<\/p><p>Die Gesamtaufnahme der Solosuiten f\u00fcr Cello von Johann-Sebastian Bach auf Barockinstrumenten kam im Sommer 2022 beim Label Oehms Classics auf den Markt.\u00a0&#8222;So gestaltet er einerseits eine zusammenh\u00e4ngende Welt der sechs Suiten wie auch eine zielgenaue Hinwendung zu den Details jedes Satzes und jeder Phrase&#8220;,\u00a0Pizzicato Magazin.\u00a0\u201eEine Herausforderung mit gl\u00fccklichem Ausgang\u201c\u00a0, Crescendo Magazin.<\/p><p>Seine CD \u201eSonatas for Duplex Piano and Cello\u201c erschien im Mai 2023.<br \/>Zusammen mit Florian Uhlig spielte er Sonaten von Mo\u00f3r, Dohn\u00e1nyi und<br \/>Strauss ein.\u00a0\u201eIhr zupackend direktes Musizieren macht das erregte<br \/>Innenleben der Werke bestens h\u00f6rbar.\u201c\u00a0Pizzicato Magazin.\u00a0\u201eFaszinierendes<br \/>Album\u201c, S\u00fcdwest Presse. Die CD wurde im RBB, NDR, SWR, WDR und im<br \/>Deutschlandradio vorgestellt.<\/p><p>David Stromberg veranstaltet die \u201eEmanuel Mo\u00f3r Konzertreihe\u201c in der Elbphilharmonie Hamburg.\u00a0Mit der Geigerin Lena Neudauer und dem Pianisten Florian Uhlig am Duplex Piano f\u00fchrte er das Tripelkonzert von Emanuel Mo\u00f3r bei der Er\u00f6ffnung des neuen Siemens Auditoriums in Erlangen auf, Deutschlandradio nahm das Konzert f\u00fcr das Radio auf.<\/p><p>David Stromberg absolvierte sein Cello-Studium an der Hamburger Hochschule f\u00fcr Musik und Theater in der Klasse von Prof. Wolfgang Mehlhorn sowie am Musikinstitut Schloss\u00a0Edsberg in Stockholm bei Prof. Frans Helmerson.\u00a0Die Improvisation besch\u00e4ftigt David Stromberg seit langem und er gibt Meisterkurse zum Thema \u201eImprovisation von Kadenzen in klassischen Solokonzerten\u201c an Musikhochschulen.<\/p><p>www.davidstromberg.de<\/p>\t\t\t\t\t\t\t\t<\/div>\n\t\t\t\t<\/div>\n\t\t\t\t\t<\/div>\n\t\t<\/div>\n\t\t\t\t<div class=\"elementor-column elementor-col-33 elementor-top-column elementor-element elementor-element-94b5507\" data-id=\"94b5507\" data-element_type=\"column\" data-e-type=\"column\">\n\t\t\t<div class=\"elementor-widget-wrap elementor-element-populated\">\n\t\t\t\t\t\t<div class=\"elementor-element elementor-element-978c0e6 elementor-widget elementor-widget-image\" data-id=\"978c0e6\" data-element_type=\"widget\" data-e-type=\"widget\" data-widget_type=\"image.default\">\n\t\t\t\t<div class=\"elementor-widget-container\">\n\t\t\t\t\t\t\t\t\t\t\t\t\t\t\t<img fetchpriority=\"high\" decoding=\"async\" width=\"1024\" height=\"731\" src=\"https:\/\/duplexpiano.de\/wp-content\/uploads\/2021\/03\/Auswahl-David-Stromberg-Nov-2018-credit-Raimar-von-Wienskowski-7-1024x731.jpg\" class=\"attachment-large size-large wp-image-820\" alt=\"\" srcset=\"https:\/\/duplexpiano.de\/wp-content\/uploads\/2021\/03\/Auswahl-David-Stromberg-Nov-2018-credit-Raimar-von-Wienskowski-7-1024x731.jpg 1024w, https:\/\/duplexpiano.de\/wp-content\/uploads\/2021\/03\/Auswahl-David-Stromberg-Nov-2018-credit-Raimar-von-Wienskowski-7-300x214.jpg 300w, https:\/\/duplexpiano.de\/wp-content\/uploads\/2021\/03\/Auswahl-David-Stromberg-Nov-2018-credit-Raimar-von-Wienskowski-7-768x549.jpg 768w, https:\/\/duplexpiano.de\/wp-content\/uploads\/2021\/03\/Auswahl-David-Stromberg-Nov-2018-credit-Raimar-von-Wienskowski-7-1536x1097.jpg 1536w, https:\/\/duplexpiano.de\/wp-content\/uploads\/2021\/03\/Auswahl-David-Stromberg-Nov-2018-credit-Raimar-von-Wienskowski-7-2048x1463.jpg 2048w\" sizes=\"(max-width: 1024px) 100vw, 1024px\" \/>\t\t\t\t\t\t\t\t\t\t\t\t\t\t\t<\/div>\n\t\t\t\t<\/div>\n\t\t\t\t\t<\/div>\n\t\t<\/div>\n\t\t\t\t\t<\/div>\n\t\t<\/section>\n\t\t\t\t<\/div>","protected":false},"excerpt":{"rendered":"<p>\u201eMagie faszinierender Cellok\u00fcnste\u201c, \u201ekontemplative Tiefe\u201c\u201eVorschein erf\u00fcllter \u00e4sthetischer Utopie\u201cS\u00fcddeutsche Zeitung Der Cellist David Stromberg sucht nach neuen H\u00f6rerlebnissen \u2013 sei es mit dem Barockcello, dem Cello piccolo oder dem modernen Cello. Ihn fasziniert die Alte Musik wie auch die Neue Musik, er sucht in der Improvisation nach neuen Ausdrucksformen, arrangiert altbekannte Meisterwerke, sodass sie in einem [&hellip;]<\/p>\n","protected":false},"author":1,"featured_media":0,"parent":0,"menu_order":0,"comment_status":"closed","ping_status":"closed","template":"","meta":{"ocean_post_layout":"","ocean_both_sidebars_style":"","ocean_both_sidebars_content_width":0,"ocean_both_sidebars_sidebars_width":0,"ocean_sidebar":"","ocean_second_sidebar":"","ocean_disable_margins":"enable","ocean_add_body_class":"","ocean_shortcode_before_top_bar":"","ocean_shortcode_after_top_bar":"","ocean_shortcode_before_header":"","ocean_shortcode_after_header":"","ocean_has_shortcode":"","ocean_shortcode_after_title":"","ocean_shortcode_before_footer_widgets":"","ocean_shortcode_after_footer_widgets":"","ocean_shortcode_before_footer_bottom":"","ocean_shortcode_after_footer_bottom":"","ocean_display_top_bar":"default","ocean_display_header":"default","ocean_header_style":"","ocean_center_header_left_menu":"","ocean_custom_header_template":"","ocean_custom_logo":0,"ocean_custom_retina_logo":0,"ocean_custom_logo_max_width":0,"ocean_custom_logo_tablet_max_width":0,"ocean_custom_logo_mobile_max_width":0,"ocean_custom_logo_max_height":0,"ocean_custom_logo_tablet_max_height":0,"ocean_custom_logo_mobile_max_height":0,"ocean_header_custom_menu":"","ocean_menu_typo_font_family":"","ocean_menu_typo_font_subset":"","ocean_menu_typo_font_size":0,"ocean_menu_typo_font_size_tablet":0,"ocean_menu_typo_font_size_mobile":0,"ocean_menu_typo_font_size_unit":"px","ocean_menu_typo_font_weight":"","ocean_menu_typo_font_weight_tablet":"","ocean_menu_typo_font_weight_mobile":"","ocean_menu_typo_transform":"","ocean_menu_typo_transform_tablet":"","ocean_menu_typo_transform_mobile":"","ocean_menu_typo_line_height":0,"ocean_menu_typo_line_height_tablet":0,"ocean_menu_typo_line_height_mobile":0,"ocean_menu_typo_line_height_unit":"","ocean_menu_typo_spacing":0,"ocean_menu_typo_spacing_tablet":0,"ocean_menu_typo_spacing_mobile":0,"ocean_menu_typo_spacing_unit":"","ocean_menu_link_color":"","ocean_menu_link_color_hover":"","ocean_menu_link_color_active":"","ocean_menu_link_background":"","ocean_menu_link_hover_background":"","ocean_menu_link_active_background":"","ocean_menu_social_links_bg":"","ocean_menu_social_hover_links_bg":"","ocean_menu_social_links_color":"","ocean_menu_social_hover_links_color":"","ocean_disable_title":"default","ocean_disable_heading":"default","ocean_post_title":"","ocean_post_subheading":"","ocean_post_title_style":"","ocean_post_title_background_color":"","ocean_post_title_background":0,"ocean_post_title_bg_image_position":"","ocean_post_title_bg_image_attachment":"","ocean_post_title_bg_image_repeat":"","ocean_post_title_bg_image_size":"","ocean_post_title_height":0,"ocean_post_title_bg_overlay":0.5,"ocean_post_title_bg_overlay_color":"","ocean_disable_breadcrumbs":"default","ocean_breadcrumbs_color":"","ocean_breadcrumbs_separator_color":"","ocean_breadcrumbs_links_color":"","ocean_breadcrumbs_links_hover_color":"","ocean_display_footer_widgets":"default","ocean_display_footer_bottom":"default","ocean_custom_footer_template":"","footnotes":""},"class_list":["post-371","page","type-page","status-publish","hentry","entry"],"_links":{"self":[{"href":"https:\/\/duplexpiano.de\/en\/wp-json\/wp\/v2\/pages\/371","targetHints":{"allow":["GET"]}}],"collection":[{"href":"https:\/\/duplexpiano.de\/en\/wp-json\/wp\/v2\/pages"}],"about":[{"href":"https:\/\/duplexpiano.de\/en\/wp-json\/wp\/v2\/types\/page"}],"author":[{"embeddable":true,"href":"https:\/\/duplexpiano.de\/en\/wp-json\/wp\/v2\/users\/1"}],"replies":[{"embeddable":true,"href":"https:\/\/duplexpiano.de\/en\/wp-json\/wp\/v2\/comments?post=371"}],"version-history":[{"count":0,"href":"https:\/\/duplexpiano.de\/en\/wp-json\/wp\/v2\/pages\/371\/revisions"}],"wp:attachment":[{"href":"https:\/\/duplexpiano.de\/en\/wp-json\/wp\/v2\/media?parent=371"}],"curies":[{"name":"wp","href":"https:\/\/api.w.org\/{rel}","templated":true}]}}