{"id":354,"date":"2021-03-11T23:03:59","date_gmt":"2021-03-11T22:03:59","guid":{"rendered":"http:\/\/duplexpiano.de\/?page_id=354"},"modified":"2025-12-04T18:20:30","modified_gmt":"2025-12-04T17:20:30","slug":"biografie","status":"publish","type":"page","link":"https:\/\/duplexpiano.de\/en\/biografie\/","title":{"rendered":"Biography"},"content":{"rendered":"<div data-elementor-type=\"wp-page\" data-elementor-id=\"354\" class=\"elementor elementor-354\">\n\t\t\t\t\t\t<section class=\"elementor-section elementor-top-section elementor-element elementor-element-51fe650 elementor-section-full_width elementor-section-height-default elementor-section-height-default\" data-id=\"51fe650\" data-element_type=\"section\" data-e-type=\"section\">\n\t\t\t\t\t\t<div class=\"elementor-container elementor-column-gap-default\">\n\t\t\t\t\t<div class=\"elementor-column elementor-col-66 elementor-top-column elementor-element elementor-element-721df7d\" data-id=\"721df7d\" data-element_type=\"column\" data-e-type=\"column\">\n\t\t\t<div class=\"elementor-widget-wrap elementor-element-populated\">\n\t\t\t\t\t\t<div class=\"elementor-element elementor-element-af9a6df elementor-widget elementor-widget-text-editor\" data-id=\"af9a6df\" data-element_type=\"widget\" data-e-type=\"widget\" data-widget_type=\"text-editor.default\">\n\t\t\t\t<div class=\"elementor-widget-container\">\n\t\t\t\t\t\t\t\t\t<p><b>Emanuels&nbsp;Herkunft<\/b><br>Emanuel&nbsp;wird im Jahr 1863 geboren. Kindheit in Ungarn, Vater j\u00fcdischer&nbsp;Kantor, Emanuel spielt Orgel in der Gemeinde, sp\u00e4ter&nbsp;Konzertt\u00e4tigkeit als Pianist.&nbsp;<\/p>\n<p><b>Love<\/b><br>Heirat&nbsp;mit Anita Burke. Anita stammt aus einer irisch-amerikanischen&nbsp;Familie. Ihr Vater ist durch den Import von irischem Whiskey nach&nbsp;Amerika zu Reichtum gekommen. Emanuel und Anita lassen sich f\u00fcr 12&nbsp;Jahre in England auf einem Landsitz nieder. Emanuel&nbsp;komponiert und&nbsp;f\u00fchrt in gro\u00dfz\u00fcgigen Verh\u00e4ltnissen das Leben eines Landlords.&nbsp;Anita umsorgt Emanuel in stiller Liebe.<\/p>\n<p><b>Rise<\/b><br>\u00dcbersiedlung&nbsp;nach Lausanne in die Schweiz. Sieben Jahre ohne festen Wohnsitz,&nbsp;Emanuel und Anita residieren in Luxushotels in Lausanne.<\/p>\n<p>Intense work as a composer. Friendship with Pablo Casals, the most important musicians and orchestras perform his works: Casals, Eug\u00e8ne Ysa\u00ffe, Alfred Cortot, Vienna Philharmonic, Berlin Philharmonic.<\/p>\n<p>Casals&nbsp;schreibt am 15. Dezember 1908 aus Moskau:<br><i>&#8222;Begeisterter&nbsp;Erfolg f\u00fcr das Doppelkonzert in Moskau. Nachdem wir sechs Mal auf&nbsp;das Podium zur\u00fcckkehrten, mussten wir das Intermezzo als Zugabe&nbsp;geben. Wir fahren zu Weihnachten zur\u00fcck nach Paris. Wir senden Ihnen&nbsp;sch\u00f6nste Erinnerungen.<br>Ihre Freunde, Pablo und Guilherminia.&#8220;<\/i><\/p>\n<p><i>&nbsp;<\/i><\/p>\n<p><b>Emanuel with disturbing character traits<\/b><br>Emanuel&nbsp;schafft sich durch scharfz\u00fcngige und verletzende \u00c4u\u00dferungen und&nbsp;Handlungen&nbsp;Feinde. Beispiel: Casals gelingt es mit M\u00fche, ein Werk&nbsp;Emanuels in seinem Konzertprogramm in einer renommierten, aber&nbsp;konservativen Konzertreihe in London zu platzieren.&nbsp;Sein Partner am&nbsp;Klavier geh\u00f6rt zum Establishment dieser Konzertreihe. Emanuel ist&nbsp;bei der Generalprobe zugegen und wird zunehmend erboster \u00fcber die&nbsp;Art und Weise, wie der Pianist Bach interpretiert. Er st\u00fcrmt nach&nbsp;vorn, unterbricht den Pianisten und spielt ihm&nbsp;das ganze Werk vor, um&nbsp;zu zeigen, wie es aufzuf\u00fchren ist.<\/p>\n<p><b>Strokes of fate<\/b><br>Zwei&nbsp;S\u00f6hne sterben kurz nach der Geburt. Anita und Emanuel nahmen ein&nbsp;M\u00e4dchen und einen Jungen aus Anitas Familie auf. Der Junge, er war&nbsp;gleichsam ein Sohn geworden, f\u00e4llt im Krieg. Emanuels Kreativit\u00e4t&nbsp;versiegt auf der H\u00e4lfte seines Lebens \u2013 er komponiert&nbsp;nicht mehr.<\/p>\n<p><b>Das&nbsp;Duplex Coupler Grand Piano<\/b><br>Mit&nbsp;zwei Schreinern zers\u00e4gt Emanuel ein Klavier und baut einen ersten&nbsp;Prototyp des neuen Instrumentes. Damit kann er die Schweizer&nbsp;Klaviermanufaktur Schmidt-Flohr in Bern \u00fcberzeugen, zwei Fl\u00fcgel&nbsp;professionell herzustellen. Sp\u00e4ter verbindet sich Emanuel mit der&nbsp;Aeolian Company London. Die Firma hat zwar ein gro\u00dfes, weltweites&nbsp;Vertriebsnetz und hohe Verkaufszahlen, stellt aber nicht so&nbsp;hochwertige Instrumente her. Die Firma kann die Erwartungen und&nbsp;Absprachen nicht erf\u00fcllen. Emanuel erweist sich als genialer&nbsp;Konstrukteur, aber als wenig geschickter Verhandler. Erst mit dem&nbsp;Einstieg der Firma Pleyel aus Paris erf\u00e4hrt das Projekt Auftrieb. Es&nbsp;kommt zu einer deutlichen Verbesserung der Mechanik, sp\u00e4ter steigen&nbsp;die Marktf\u00fchrer ein: Bechstein, Steinway, B\u00f6sendorfer. Die&nbsp;positive&nbsp;Rezeption des Instrumentes in den Metropolen des Konzertlebens ist&nbsp;durch vielf\u00e4ltige Konzertkritiken belegt.<\/p>\n<p><b>Neue&nbsp;Liebe<\/b><br>Winifred&nbsp;Christie ist als Pianistin ein Weltstar. Sie ist von dem Instrument&nbsp;begeistert und stellt es der \u00d6ffentlichkeit vor. Intensive&nbsp;Zusammenarbeit mit Emanuel. Anita erkrankt und stirbt. Kurz darauf&nbsp;heiraten Winifred und Emanuel.<br>Winifred&nbsp;reist mit dem Duplex Coupler Grand Piano um die Welt. Sie tritt mit&nbsp;den Berliner Philharmonikern, den Wiener Philharmonikern, dem&nbsp;Concertgebouw Orchestra auf und gastiert in der Carnegie Hall und&nbsp;spielt dabei das Duplex Coupler Grand Piano.<\/p>\n<p><b>Werner&nbsp;von Siemens<\/b><br>Siemens&nbsp;l\u00e4sst ein Duplex Coupler Grand Piano bei Steinway bauen. Dieses&nbsp;Instrument steht jahrelang in seinem privaten Konzertsaal in seiner&nbsp;Villa in Berlin. Illustre G\u00e4ste finden sich dort ein. Mit Werner von&nbsp;Siemens entwickelt Emanuel ein Klavier mit zwei&nbsp;Manualen ohne Resonanzboden.&nbsp;Der Ton wird von den Saiten mit elektrischen Tonabnehmern auf Lautsprecher&nbsp;\u00fcbertragen. Die Erfindung wird patentiert.<\/p>\n<p><b>Tod,&nbsp;zweiter Weltkrieg<\/b><br>Emanuel&nbsp;stirbt 1931. Damit verliert die Idee eine innere Triebkraft. Der 2.&nbsp;Weltkrieg zerst\u00f6rt alle Bem\u00fchungen. Die Familie verleugnet den&nbsp;j\u00fcdischen Glauben, um zu \u00fcberleben.<\/p>\n<p><b>Epilogue<\/b><br>After the war, Winifred tries to bring the Duplex Coupler Grand Piano back into people's consciousness. She commissions compositions and gives grants to composers who compose for the instrument. International concert soloists such as Gunnar Johansen or Leopold Godowsky play the instrument. Bruno Walter is enthusiastic about the \"enormous sonority\" and presents the instrument in Berlin and Vienna. Nevertheless, the Duplex Coupler Grand Piano falls into oblivion. Why did it come to this?<\/p>\t\t\t\t\t\t\t\t<\/div>\n\t\t\t\t<\/div>\n\t\t\t\t\t<\/div>\n\t\t<\/div>\n\t\t\t\t<div class=\"elementor-column elementor-col-33 elementor-top-column elementor-element elementor-element-a04bcb5\" data-id=\"a04bcb5\" data-element_type=\"column\" data-e-type=\"column\">\n\t\t\t<div class=\"elementor-widget-wrap elementor-element-populated\">\n\t\t\t\t\t\t<div class=\"elementor-element elementor-element-9bf1032 elementor-widget elementor-widget-image\" data-id=\"9bf1032\" data-element_type=\"widget\" data-e-type=\"widget\" data-widget_type=\"image.default\">\n\t\t\t\t<div class=\"elementor-widget-container\">\n\t\t\t\t\t\t\t\t\t\t\t\t<figure class=\"wp-caption\">\n\t\t\t\t\t\t\t\t\t\t<img fetchpriority=\"high\" decoding=\"async\" width=\"615\" height=\"1024\" src=\"https:\/\/duplexpiano.de\/wp-content\/uploads\/2021\/03\/Emanuel-ca-1890-615x1024.jpg\" class=\"attachment-large size-large wp-image-196\" alt=\"\" srcset=\"https:\/\/duplexpiano.de\/wp-content\/uploads\/2021\/03\/Emanuel-ca-1890-615x1024.jpg 615w, https:\/\/duplexpiano.de\/wp-content\/uploads\/2021\/03\/Emanuel-ca-1890-180x300.jpg 180w, https:\/\/duplexpiano.de\/wp-content\/uploads\/2021\/03\/Emanuel-ca-1890-768x1278.jpg 768w, https:\/\/duplexpiano.de\/wp-content\/uploads\/2021\/03\/Emanuel-ca-1890-923x1536.jpg 923w, https:\/\/duplexpiano.de\/wp-content\/uploads\/2021\/03\/Emanuel-ca-1890-1231x2048.jpg 1231w, https:\/\/duplexpiano.de\/wp-content\/uploads\/2021\/03\/Emanuel-ca-1890-36x60.jpg 36w, https:\/\/duplexpiano.de\/wp-content\/uploads\/2021\/03\/Emanuel-ca-1890.jpg 1297w\" sizes=\"(max-width: 615px) 100vw, 615px\" \/>\t\t\t\t\t\t\t\t\t\t\t<figcaption class=\"widget-image-caption wp-caption-text\">Emanuel around 1890<\/figcaption>\n\t\t\t\t\t\t\t\t\t\t<\/figure>\n\t\t\t\t\t\t\t\t\t<\/div>\n\t\t\t\t<\/div>\n\t\t\t\t<div class=\"elementor-element elementor-element-806d1f9 elementor-widget elementor-widget-image\" data-id=\"806d1f9\" data-element_type=\"widget\" data-e-type=\"widget\" data-widget_type=\"image.default\">\n\t\t\t\t<div class=\"elementor-widget-container\">\n\t\t\t\t\t\t\t\t\t\t\t\t<figure class=\"wp-caption\">\n\t\t\t\t\t\t\t\t\t\t<img decoding=\"async\" width=\"1024\" height=\"554\" src=\"https:\/\/duplexpiano.de\/wp-content\/uploads\/2021\/03\/Emanuel-Henrik-Anita-1024x554.jpg\" class=\"attachment-large size-large wp-image-197\" alt=\"\" srcset=\"https:\/\/duplexpiano.de\/wp-content\/uploads\/2021\/03\/Emanuel-Henrik-Anita-1024x554.jpg 1024w, https:\/\/duplexpiano.de\/wp-content\/uploads\/2021\/03\/Emanuel-Henrik-Anita-300x162.jpg 300w, https:\/\/duplexpiano.de\/wp-content\/uploads\/2021\/03\/Emanuel-Henrik-Anita-768x415.jpg 768w, https:\/\/duplexpiano.de\/wp-content\/uploads\/2021\/03\/Emanuel-Henrik-Anita-1536x830.jpg 1536w, https:\/\/duplexpiano.de\/wp-content\/uploads\/2021\/03\/Emanuel-Henrik-Anita-2048x1107.jpg 2048w, https:\/\/duplexpiano.de\/wp-content\/uploads\/2021\/03\/Emanuel-Henrik-Anita-111x60.jpg 111w\" sizes=\"(max-width: 1024px) 100vw, 1024px\" \/>\t\t\t\t\t\t\t\t\t\t\t<figcaption class=\"widget-image-caption wp-caption-text\">Emanuel, brother Henrik Mo\u00f3r and Anita<\/figcaption>\n\t\t\t\t\t\t\t\t\t\t<\/figure>\n\t\t\t\t\t\t\t\t\t<\/div>\n\t\t\t\t<\/div>\n\t\t\t\t<div class=\"elementor-element elementor-element-240b592 elementor-widget elementor-widget-image\" data-id=\"240b592\" data-element_type=\"widget\" data-e-type=\"widget\" data-widget_type=\"image.default\">\n\t\t\t\t<div class=\"elementor-widget-container\">\n\t\t\t\t\t\t\t\t\t\t\t\t<figure class=\"wp-caption\">\n\t\t\t\t\t\t\t\t\t\t<img decoding=\"async\" width=\"1024\" height=\"738\" src=\"https:\/\/duplexpiano.de\/wp-content\/uploads\/2021\/03\/Hotel-Chateau-dO\u0301uchy-Lausanne-1024x738.jpg\" class=\"attachment-large size-large wp-image-199\" alt=\"\" srcset=\"https:\/\/duplexpiano.de\/wp-content\/uploads\/2021\/03\/Hotel-Chateau-dO\u0301uchy-Lausanne-1024x738.jpg 1024w, https:\/\/duplexpiano.de\/wp-content\/uploads\/2021\/03\/Hotel-Chateau-dO\u0301uchy-Lausanne-300x216.jpg 300w, https:\/\/duplexpiano.de\/wp-content\/uploads\/2021\/03\/Hotel-Chateau-dO\u0301uchy-Lausanne-768x554.jpg 768w, https:\/\/duplexpiano.de\/wp-content\/uploads\/2021\/03\/Hotel-Chateau-dO\u0301uchy-Lausanne-1536x1108.jpg 1536w, https:\/\/duplexpiano.de\/wp-content\/uploads\/2021\/03\/Hotel-Chateau-dO\u0301uchy-Lausanne-2048x1477.jpg 2048w, https:\/\/duplexpiano.de\/wp-content\/uploads\/2021\/03\/Hotel-Chateau-dO\u0301uchy-Lausanne-83x60.jpg 83w\" sizes=\"(max-width: 1024px) 100vw, 1024px\" \/>\t\t\t\t\t\t\t\t\t\t\t<figcaption class=\"widget-image-caption wp-caption-text\">Hotel Chateau d\u00b4Ouchy Lausanne<\/figcaption>\n\t\t\t\t\t\t\t\t\t\t<\/figure>\n\t\t\t\t\t\t\t\t\t<\/div>\n\t\t\t\t<\/div>\n\t\t\t\t<div class=\"elementor-element elementor-element-5d7d04e elementor-widget elementor-widget-image\" data-id=\"5d7d04e\" data-element_type=\"widget\" data-e-type=\"widget\" data-widget_type=\"image.default\">\n\t\t\t\t<div class=\"elementor-widget-container\">\n\t\t\t\t\t\t\t\t\t\t\t\t<figure class=\"wp-caption\">\n\t\t\t\t\t\t\t\t\t\t<img loading=\"lazy\" decoding=\"async\" width=\"1024\" height=\"903\" src=\"https:\/\/duplexpiano.de\/wp-content\/uploads\/2022\/03\/Casals-Moor-Thibaud-Cortot-checks-001-1.v41-1024x903.jpg\" class=\"attachment-large size-large wp-image-1821\" alt=\"\" srcset=\"https:\/\/duplexpiano.de\/wp-content\/uploads\/2022\/03\/Casals-Moor-Thibaud-Cortot-checks-001-1.v41-1024x903.jpg 1024w, https:\/\/duplexpiano.de\/wp-content\/uploads\/2022\/03\/Casals-Moor-Thibaud-Cortot-checks-001-1.v41-300x265.jpg 300w, https:\/\/duplexpiano.de\/wp-content\/uploads\/2022\/03\/Casals-Moor-Thibaud-Cortot-checks-001-1.v41-768x678.jpg 768w, https:\/\/duplexpiano.de\/wp-content\/uploads\/2022\/03\/Casals-Moor-Thibaud-Cortot-checks-001-1.v41-1536x1355.jpg 1536w, https:\/\/duplexpiano.de\/wp-content\/uploads\/2022\/03\/Casals-Moor-Thibaud-Cortot-checks-001-1.v41-2048x1807.jpg 2048w, https:\/\/duplexpiano.de\/wp-content\/uploads\/2022\/03\/Casals-Moor-Thibaud-Cortot-checks-001-1.v41-14x12.jpg 14w\" sizes=\"(max-width: 1024px) 100vw, 1024px\" \/>\t\t\t\t\t\t\t\t\t\t\t<figcaption class=\"widget-image-caption wp-caption-text\">Pablo Casals, Jaques Thibaud, Emanuel Mo\u00f3r, Alfred Cortot<\/figcaption>\n\t\t\t\t\t\t\t\t\t\t<\/figure>\n\t\t\t\t\t\t\t\t\t<\/div>\n\t\t\t\t<\/div>\n\t\t\t\t<div class=\"elementor-element elementor-element-a395099 elementor-widget elementor-widget-image\" data-id=\"a395099\" data-element_type=\"widget\" data-e-type=\"widget\" data-widget_type=\"image.default\">\n\t\t\t\t<div class=\"elementor-widget-container\">\n\t\t\t\t\t\t\t\t\t\t\t\t<figure class=\"wp-caption\">\n\t\t\t\t\t\t\t\t\t\t<img loading=\"lazy\" decoding=\"async\" width=\"1024\" height=\"802\" src=\"https:\/\/duplexpiano.de\/wp-content\/uploads\/2021\/03\/Casals-Postkarte-1024x802.jpg\" class=\"attachment-large size-large wp-image-450\" alt=\"\" srcset=\"https:\/\/duplexpiano.de\/wp-content\/uploads\/2021\/03\/Casals-Postkarte-1024x802.jpg 1024w, https:\/\/duplexpiano.de\/wp-content\/uploads\/2021\/03\/Casals-Postkarte-300x235.jpg 300w, https:\/\/duplexpiano.de\/wp-content\/uploads\/2021\/03\/Casals-Postkarte-768x601.jpg 768w, https:\/\/duplexpiano.de\/wp-content\/uploads\/2021\/03\/Casals-Postkarte-1536x1202.jpg 1536w, https:\/\/duplexpiano.de\/wp-content\/uploads\/2021\/03\/Casals-Postkarte-2048x1603.jpg 2048w\" sizes=\"(max-width: 1024px) 100vw, 1024px\" \/>\t\t\t\t\t\t\t\t\t\t\t<figcaption class=\"widget-image-caption wp-caption-text\">Postcard by Pablo Casals from Moscow<\/figcaption>\n\t\t\t\t\t\t\t\t\t\t<\/figure>\n\t\t\t\t\t\t\t\t\t<\/div>\n\t\t\t\t<\/div>\n\t\t\t\t<div class=\"elementor-element elementor-element-c752d2f elementor-widget elementor-widget-image\" data-id=\"c752d2f\" data-element_type=\"widget\" data-e-type=\"widget\" data-widget_type=\"image.default\">\n\t\t\t\t<div class=\"elementor-widget-container\">\n\t\t\t\t\t\t\t\t\t\t\t\t<figure class=\"wp-caption\">\n\t\t\t\t\t\t\t\t\t\t<img loading=\"lazy\" decoding=\"async\" width=\"734\" height=\"1024\" src=\"https:\/\/duplexpiano.de\/wp-content\/uploads\/2021\/03\/Winifred-und-Emanuel-734x1024.jpg\" class=\"attachment-large size-large wp-image-825\" alt=\"\" srcset=\"https:\/\/duplexpiano.de\/wp-content\/uploads\/2021\/03\/Winifred-und-Emanuel-734x1024.jpg 734w, https:\/\/duplexpiano.de\/wp-content\/uploads\/2021\/03\/Winifred-und-Emanuel-215x300.jpg 215w, https:\/\/duplexpiano.de\/wp-content\/uploads\/2021\/03\/Winifred-und-Emanuel-768x1071.jpg 768w, https:\/\/duplexpiano.de\/wp-content\/uploads\/2021\/03\/Winifred-und-Emanuel-1101x1536.jpg 1101w, https:\/\/duplexpiano.de\/wp-content\/uploads\/2021\/03\/Winifred-und-Emanuel-1468x2048.jpg 1468w, https:\/\/duplexpiano.de\/wp-content\/uploads\/2021\/03\/Winifred-und-Emanuel.jpg 1530w\" sizes=\"(max-width: 734px) 100vw, 734px\" \/>\t\t\t\t\t\t\t\t\t\t\t<figcaption class=\"widget-image-caption wp-caption-text\">Winifred and Emanuel<\/figcaption>\n\t\t\t\t\t\t\t\t\t\t<\/figure>\n\t\t\t\t\t\t\t\t\t<\/div>\n\t\t\t\t<\/div>\n\t\t\t\t<div class=\"elementor-element elementor-element-0a3a76e elementor-widget elementor-widget-image\" data-id=\"0a3a76e\" data-element_type=\"widget\" data-e-type=\"widget\" data-widget_type=\"image.default\">\n\t\t\t\t<div class=\"elementor-widget-container\">\n\t\t\t\t\t\t\t\t\t\t\t\t<figure class=\"wp-caption\">\n\t\t\t\t\t\t\t\t\t\t<img loading=\"lazy\" decoding=\"async\" width=\"1024\" height=\"769\" src=\"https:\/\/duplexpiano.de\/wp-content\/uploads\/2021\/03\/Godowsky-1024x769.jpg\" class=\"attachment-large size-large wp-image-445\" alt=\"\" srcset=\"https:\/\/duplexpiano.de\/wp-content\/uploads\/2021\/03\/Godowsky-1024x769.jpg 1024w, https:\/\/duplexpiano.de\/wp-content\/uploads\/2021\/03\/Godowsky-300x225.jpg 300w, https:\/\/duplexpiano.de\/wp-content\/uploads\/2021\/03\/Godowsky-768x576.jpg 768w, https:\/\/duplexpiano.de\/wp-content\/uploads\/2021\/03\/Godowsky.jpg 1267w\" sizes=\"(max-width: 1024px) 100vw, 1024px\" \/>\t\t\t\t\t\t\t\t\t\t\t<figcaption class=\"widget-image-caption wp-caption-text\">Leopold Godowsky<\/figcaption>\n\t\t\t\t\t\t\t\t\t\t<\/figure>\n\t\t\t\t\t\t\t\t\t<\/div>\n\t\t\t\t<\/div>\n\t\t\t\t<div class=\"elementor-element elementor-element-d1f0c55 elementor-widget elementor-widget-image\" data-id=\"d1f0c55\" data-element_type=\"widget\" data-e-type=\"widget\" data-widget_type=\"image.default\">\n\t\t\t\t<div class=\"elementor-widget-container\">\n\t\t\t\t\t\t\t\t\t\t\t\t<figure class=\"wp-caption\">\n\t\t\t\t\t\t\t\t\t\t<img loading=\"lazy\" decoding=\"async\" width=\"750\" height=\"513\" src=\"https:\/\/duplexpiano.de\/wp-content\/uploads\/2021\/03\/Johansen-Gunnar-04.jpg\" class=\"attachment-large size-large wp-image-455\" alt=\"\" srcset=\"https:\/\/duplexpiano.de\/wp-content\/uploads\/2021\/03\/Johansen-Gunnar-04.jpg 750w, https:\/\/duplexpiano.de\/wp-content\/uploads\/2021\/03\/Johansen-Gunnar-04-300x205.jpg 300w\" sizes=\"(max-width: 750px) 100vw, 750px\" \/>\t\t\t\t\t\t\t\t\t\t\t<figcaption class=\"widget-image-caption wp-caption-text\">Gunnar Johansen<\/figcaption>\n\t\t\t\t\t\t\t\t\t\t<\/figure>\n\t\t\t\t\t\t\t\t\t<\/div>\n\t\t\t\t<\/div>\n\t\t\t\t<div class=\"elementor-element elementor-element-7723413 elementor-widget elementor-widget-image\" data-id=\"7723413\" data-element_type=\"widget\" data-e-type=\"widget\" data-widget_type=\"image.default\">\n\t\t\t\t<div class=\"elementor-widget-container\">\n\t\t\t\t\t\t\t\t\t\t\t\t<figure class=\"wp-caption\">\n\t\t\t\t\t\t\t\t\t\t<img loading=\"lazy\" decoding=\"async\" width=\"929\" height=\"707\" src=\"https:\/\/duplexpiano.de\/wp-content\/uploads\/2021\/03\/Winifred2.jpg\" class=\"attachment-large size-large wp-image-446\" alt=\"\" srcset=\"https:\/\/duplexpiano.de\/wp-content\/uploads\/2021\/03\/Winifred2.jpg 929w, https:\/\/duplexpiano.de\/wp-content\/uploads\/2021\/03\/Winifred2-300x228.jpg 300w, https:\/\/duplexpiano.de\/wp-content\/uploads\/2021\/03\/Winifred2-768x584.jpg 768w\" sizes=\"(max-width: 929px) 100vw, 929px\" \/>\t\t\t\t\t\t\t\t\t\t\t<figcaption class=\"widget-image-caption wp-caption-text\">Winifred<\/figcaption>\n\t\t\t\t\t\t\t\t\t\t<\/figure>\n\t\t\t\t\t\t\t\t\t<\/div>\n\t\t\t\t<\/div>\n\t\t\t\t\t<\/div>\n\t\t<\/div>\n\t\t\t\t\t<\/div>\n\t\t<\/section>\n\t\t\t\t<\/div>","protected":false},"excerpt":{"rendered":"<p>Emanuels&nbsp;HerkunftEmanuel&nbsp;wird im Jahr 1863 geboren. Kindheit in Ungarn, Vater j\u00fcdischer&nbsp;Kantor, Emanuel spielt Orgel in der Gemeinde, sp\u00e4ter&nbsp;Konzertt\u00e4tigkeit als Pianist.&nbsp; LiebeHeirat&nbsp;mit Anita Burke. Anita stammt aus einer irisch-amerikanischen&nbsp;Familie. Ihr Vater ist durch den Import von irischem Whiskey nach&nbsp;Amerika zu Reichtum gekommen. Emanuel und Anita lassen sich f\u00fcr 12&nbsp;Jahre in England auf einem Landsitz nieder. Emanuel&nbsp;komponiert und&nbsp;f\u00fchrt [&hellip;]<\/p>\n","protected":false},"author":1,"featured_media":0,"parent":0,"menu_order":0,"comment_status":"closed","ping_status":"closed","template":"","meta":{"ocean_post_layout":"","ocean_both_sidebars_style":"","ocean_both_sidebars_content_width":0,"ocean_both_sidebars_sidebars_width":0,"ocean_sidebar":"","ocean_second_sidebar":"","ocean_disable_margins":"enable","ocean_add_body_class":"","ocean_shortcode_before_top_bar":"","ocean_shortcode_after_top_bar":"","ocean_shortcode_before_header":"","ocean_shortcode_after_header":"","ocean_has_shortcode":"","ocean_shortcode_after_title":"","ocean_shortcode_before_footer_widgets":"","ocean_shortcode_after_footer_widgets":"","ocean_shortcode_before_footer_bottom":"","ocean_shortcode_after_footer_bottom":"","ocean_display_top_bar":"default","ocean_display_header":"default","ocean_header_style":"","ocean_center_header_left_menu":"","ocean_custom_header_template":"","ocean_custom_logo":0,"ocean_custom_retina_logo":0,"ocean_custom_logo_max_width":0,"ocean_custom_logo_tablet_max_width":0,"ocean_custom_logo_mobile_max_width":0,"ocean_custom_logo_max_height":0,"ocean_custom_logo_tablet_max_height":0,"ocean_custom_logo_mobile_max_height":0,"ocean_header_custom_menu":"","ocean_menu_typo_font_family":"","ocean_menu_typo_font_subset":"","ocean_menu_typo_font_size":0,"ocean_menu_typo_font_size_tablet":0,"ocean_menu_typo_font_size_mobile":0,"ocean_menu_typo_font_size_unit":"px","ocean_menu_typo_font_weight":"","ocean_menu_typo_font_weight_tablet":"","ocean_menu_typo_font_weight_mobile":"","ocean_menu_typo_transform":"","ocean_menu_typo_transform_tablet":"","ocean_menu_typo_transform_mobile":"","ocean_menu_typo_line_height":0,"ocean_menu_typo_line_height_tablet":0,"ocean_menu_typo_line_height_mobile":0,"ocean_menu_typo_line_height_unit":"","ocean_menu_typo_spacing":0,"ocean_menu_typo_spacing_tablet":0,"ocean_menu_typo_spacing_mobile":0,"ocean_menu_typo_spacing_unit":"","ocean_menu_link_color":"","ocean_menu_link_color_hover":"","ocean_menu_link_color_active":"","ocean_menu_link_background":"","ocean_menu_link_hover_background":"","ocean_menu_link_active_background":"","ocean_menu_social_links_bg":"","ocean_menu_social_hover_links_bg":"","ocean_menu_social_links_color":"","ocean_menu_social_hover_links_color":"","ocean_disable_title":"default","ocean_disable_heading":"default","ocean_post_title":"","ocean_post_subheading":"","ocean_post_title_style":"","ocean_post_title_background_color":"","ocean_post_title_background":0,"ocean_post_title_bg_image_position":"","ocean_post_title_bg_image_attachment":"","ocean_post_title_bg_image_repeat":"","ocean_post_title_bg_image_size":"","ocean_post_title_height":0,"ocean_post_title_bg_overlay":0.5,"ocean_post_title_bg_overlay_color":"","ocean_disable_breadcrumbs":"default","ocean_breadcrumbs_color":"","ocean_breadcrumbs_separator_color":"","ocean_breadcrumbs_links_color":"","ocean_breadcrumbs_links_hover_color":"","ocean_display_footer_widgets":"default","ocean_display_footer_bottom":"default","ocean_custom_footer_template":"","footnotes":""},"class_list":["post-354","page","type-page","status-publish","hentry","entry"],"_links":{"self":[{"href":"https:\/\/duplexpiano.de\/en\/wp-json\/wp\/v2\/pages\/354","targetHints":{"allow":["GET"]}}],"collection":[{"href":"https:\/\/duplexpiano.de\/en\/wp-json\/wp\/v2\/pages"}],"about":[{"href":"https:\/\/duplexpiano.de\/en\/wp-json\/wp\/v2\/types\/page"}],"author":[{"embeddable":true,"href":"https:\/\/duplexpiano.de\/en\/wp-json\/wp\/v2\/users\/1"}],"replies":[{"embeddable":true,"href":"https:\/\/duplexpiano.de\/en\/wp-json\/wp\/v2\/comments?post=354"}],"version-history":[{"count":0,"href":"https:\/\/duplexpiano.de\/en\/wp-json\/wp\/v2\/pages\/354\/revisions"}],"wp:attachment":[{"href":"https:\/\/duplexpiano.de\/en\/wp-json\/wp\/v2\/media?parent=354"}],"curies":[{"name":"wp","href":"https:\/\/api.w.org\/{rel}","templated":true}]}}