{"id":2333,"date":"2023-07-19T22:19:51","date_gmt":"2023-07-19T20:19:51","guid":{"rendered":"http:\/\/duplexpiano.de\/?page_id=2333"},"modified":"2025-12-04T18:37:34","modified_gmt":"2025-12-04T17:37:34","slug":"suedwest-presse","status":"publish","type":"page","link":"https:\/\/duplexpiano.de\/en\/suedwest-presse\/","title":{"rendered":"S\u00fcdwest-Presse"},"content":{"rendered":"\t\t<div data-elementor-type=\"wp-page\" data-elementor-id=\"2333\" class=\"elementor elementor-2333\">\n\t\t\t\t\t\t<section class=\"elementor-section elementor-top-section elementor-element elementor-element-3cae574 elementor-section-boxed elementor-section-height-default elementor-section-height-default\" data-id=\"3cae574\" data-element_type=\"section\" data-e-type=\"section\">\n\t\t\t\t\t\t<div class=\"elementor-container elementor-column-gap-default\">\n\t\t\t\t\t<div class=\"elementor-column elementor-col-100 elementor-top-column elementor-element elementor-element-1ac2f10\" data-id=\"1ac2f10\" data-element_type=\"column\" data-e-type=\"column\">\n\t\t\t<div class=\"elementor-widget-wrap elementor-element-populated\">\n\t\t\t\t\t\t<div class=\"elementor-element elementor-element-5af79f3 elementor-widget elementor-widget-text-editor\" data-id=\"5af79f3\" data-element_type=\"widget\" data-e-type=\"widget\" data-widget_type=\"text-editor.default\">\n\t\t\t\t<div class=\"elementor-widget-container\">\n\t\t\t\t\t\t\t\t\t<div class=\"flex flex-grow flex-col gap-3\"><div class=\"min-h-[20px] flex items-start overflow-x-auto whitespace-pre-wrap break-words flex-col gap-4\"><div class=\"markdown prose w-full break-words dark:prose-invert light\"><p><strong>Inspiriert vom Duplex Piano<\/strong><\/p><p>Klassisch \u201eDas Duplex Piano ist die gr\u00f6\u00dfte Errungenschaft im Klavierbau seit der Erfindung des Hammerfl\u00fcgels\u201c, urteilte einst der gro\u00dfe Pianist Wilhelm Backhaus. Wie recht er damit hatte, l\u00e4sst sich auf der bei Oehms (Vertrieb Naxos) erschienenen CD \u201eSonatas for Cello and Duplex Piano\u201c nachvollziehen. Zum ersten Mal in der Geschichte der Musikaufzeichnung ist das Instrument darauf zu h\u00f6ren. Pianist Florian Uhlig und David Stromberg (Cello) spielen die Cellosonaten von Ernst von Dohn\u00e1nyi (op. 8) und Richard Strauss (op. 6). Hauptwerk des faszinierenden Albums ist die Weltersteinspielung der Sonate op. 22 von Emanuel Mo\u00f3r (1863\u20131931).<\/p><p>Was ist eigentlich ein \u201eDuplex Piano\u201c und wie haben Sie dieses au\u00dfergew\u00f6hnliche Instrument entdeckt? David Stromberg: Das Duplex Piano ist ein Konzertfl\u00fcgel mit zwei Manualen. Mittels eines Pedals k\u00f6nnen alle T\u00f6ne verdoppelt werden. So ergeben sich eine enorme Klangf\u00fclle und neuartige Klangschichtungen. Dieser Fl\u00fcgel war um 1930 in den Zentren der klassischen Musik viel zu h\u00f6ren. Entwickelt hatte ihn der ungarische Komponist Emanuel Mo\u00f3r. 2017 stie\u00df ich erstmals auf dessen Musik. Ich bemerkte dann, dass er auch Erfinder war. Seitdem machte ich es mir zur Aufgabe, sein Duplex Piano auf die Konzertb\u00fchnen zur\u00fcckzubringen.<\/p><p>Wie kam es zur Programmauswahl der CD? Florian Uhlig und ich haben Sonaten gew\u00e4hlt, die gut zum Duplex Piano passen. Vor allem Emanuel Mo\u00f3r wollten wir als Komponisten pr\u00e4sentieren. Uns fiel ein Foto in die H\u00e4nde, auf dem Ernst von Dohn\u00e1nyi ein Konzert mit dem Duplex Piano dirigiert: Der Saal ist ausverkauft, und Winifred Christie, M\u00f3ors zweite Ehefrau, sitzt am Fl\u00fcgel. Da war klar: Dohn\u00e1nyis Sonate f\u00fcr Cello und Klavier m\u00fcssen wir auch aufnehmen. Und das Jugendwerk von Richard Strauss passt mit seinem Sturm und Drang ebenfalls wunderbar zum Duplex Piano und zur Kraft neuer Ideen.<\/p><p>Was fasziniert Sie als Cellist gerade am Duplex Piano? Es ist f\u00fcr mich ein Erlebnis, mit dem Violoncello in den Klang des Duplex Pianos einzutauchen. Das ist sehr inspirierend und regt mich zu intensivem Musizieren an. Wie kann es sein, dass ein Komponist, dessen Werke von den besten Musikern seiner Zeit aufgef\u00fchrt wurden und der vom Cellisten Pablo Casals als Genie angesehen wurde, nach nur rund 100 Jahren weitgehend in Vergessenheit geriet? Und wie kann es sein, dass heute kaum jemand mehr das Duplex Piano kennt, wo es doch von den wichtigsten Orchestern der Welt genutzt wurde?<\/p><p>Burkhard Sch\u00e4fer<\/p><\/div><\/div><\/div>\t\t\t\t\t\t\t\t<\/div>\n\t\t\t\t<\/div>\n\t\t\t\t\t<\/div>\n\t\t<\/div>\n\t\t\t\t\t<\/div>\n\t\t<\/section>\n\t\t\t\t<section class=\"elementor-section elementor-top-section elementor-element elementor-element-52e4f05 elementor-section-boxed elementor-section-height-default elementor-section-height-default\" data-id=\"52e4f05\" data-element_type=\"section\" data-e-type=\"section\">\n\t\t\t\t\t\t<div class=\"elementor-container elementor-column-gap-default\">\n\t\t\t\t\t<div class=\"elementor-column elementor-col-100 elementor-top-column elementor-element elementor-element-41f1d34\" data-id=\"41f1d34\" data-element_type=\"column\" data-e-type=\"column\">\n\t\t\t<div class=\"elementor-widget-wrap elementor-element-populated\">\n\t\t\t\t\t\t<div class=\"elementor-element elementor-element-dd91695 elementor-widget elementor-widget-image\" data-id=\"dd91695\" data-element_type=\"widget\" data-e-type=\"widget\" data-widget_type=\"image.default\">\n\t\t\t\t<div class=\"elementor-widget-container\">\n\t\t\t\t\t\t\t\t\t\t\t\t\t\t\t<img fetchpriority=\"high\" decoding=\"async\" width=\"676\" height=\"1024\" src=\"http:\/\/duplexpiano.de\/wp-content\/uploads\/2023\/07\/CD_Rez_Duplex_Piano_SWP_20230418-676x1024.jpg\" class=\"attachment-large size-large wp-image-2339\" alt=\"\" srcset=\"http:\/\/duplexpiano.de\/wp-content\/uploads\/2023\/07\/CD_Rez_Duplex_Piano_SWP_20230418-676x1024.jpg 676w, http:\/\/duplexpiano.de\/wp-content\/uploads\/2023\/07\/CD_Rez_Duplex_Piano_SWP_20230418-198x300.jpg 198w, http:\/\/duplexpiano.de\/wp-content\/uploads\/2023\/07\/CD_Rez_Duplex_Piano_SWP_20230418-768x1163.jpg 768w, http:\/\/duplexpiano.de\/wp-content\/uploads\/2023\/07\/CD_Rez_Duplex_Piano_SWP_20230418-1014x1536.jpg 1014w, http:\/\/duplexpiano.de\/wp-content\/uploads\/2023\/07\/CD_Rez_Duplex_Piano_SWP_20230418-1352x2048.jpg 1352w, http:\/\/duplexpiano.de\/wp-content\/uploads\/2023\/07\/CD_Rez_Duplex_Piano_SWP_20230418-8x12.jpg 8w, http:\/\/duplexpiano.de\/wp-content\/uploads\/2023\/07\/CD_Rez_Duplex_Piano_SWP_20230418-scaled.jpg 1690w\" sizes=\"(max-width: 676px) 100vw, 676px\" \/>\t\t\t\t\t\t\t\t\t\t\t\t\t\t\t<\/div>\n\t\t\t\t<\/div>\n\t\t\t\t\t<\/div>\n\t\t<\/div>\n\t\t\t\t\t<\/div>\n\t\t<\/section>\n\t\t\t\t<\/div>\n\t\t","protected":false},"excerpt":{"rendered":"<p>Inspiriert vom Duplex Piano Klassisch \u201eDas Duplex Piano ist die gr\u00f6\u00dfte Errungenschaft im Klavierbau seit der Erfindung des Hammerfl\u00fcgels\u201c, urteilte einst der gro\u00dfe Pianist Wilhelm Backhaus. Wie recht er damit hatte, l\u00e4sst sich auf der bei Oehms (Vertrieb Naxos) erschienenen CD \u201eSonatas for Cello and Duplex Piano\u201c nachvollziehen. Zum ersten Mal in der Geschichte der [&hellip;]<\/p>\n","protected":false},"author":1,"featured_media":0,"parent":0,"menu_order":0,"comment_status":"closed","ping_status":"closed","template":"","meta":{"ocean_post_layout":"","ocean_both_sidebars_style":"","ocean_both_sidebars_content_width":0,"ocean_both_sidebars_sidebars_width":0,"ocean_sidebar":"","ocean_second_sidebar":"","ocean_disable_margins":"enable","ocean_add_body_class":"","ocean_shortcode_before_top_bar":"","ocean_shortcode_after_top_bar":"","ocean_shortcode_before_header":"","ocean_shortcode_after_header":"","ocean_has_shortcode":"","ocean_shortcode_after_title":"","ocean_shortcode_before_footer_widgets":"","ocean_shortcode_after_footer_widgets":"","ocean_shortcode_before_footer_bottom":"","ocean_shortcode_after_footer_bottom":"","ocean_display_top_bar":"default","ocean_display_header":"default","ocean_header_style":"","ocean_center_header_left_menu":"","ocean_custom_header_template":"","ocean_custom_logo":0,"ocean_custom_retina_logo":0,"ocean_custom_logo_max_width":0,"ocean_custom_logo_tablet_max_width":0,"ocean_custom_logo_mobile_max_width":0,"ocean_custom_logo_max_height":0,"ocean_custom_logo_tablet_max_height":0,"ocean_custom_logo_mobile_max_height":0,"ocean_header_custom_menu":"","ocean_menu_typo_font_family":"","ocean_menu_typo_font_subset":"","ocean_menu_typo_font_size":0,"ocean_menu_typo_font_size_tablet":0,"ocean_menu_typo_font_size_mobile":0,"ocean_menu_typo_font_size_unit":"px","ocean_menu_typo_font_weight":"","ocean_menu_typo_font_weight_tablet":"","ocean_menu_typo_font_weight_mobile":"","ocean_menu_typo_transform":"","ocean_menu_typo_transform_tablet":"","ocean_menu_typo_transform_mobile":"","ocean_menu_typo_line_height":0,"ocean_menu_typo_line_height_tablet":0,"ocean_menu_typo_line_height_mobile":0,"ocean_menu_typo_line_height_unit":"","ocean_menu_typo_spacing":0,"ocean_menu_typo_spacing_tablet":0,"ocean_menu_typo_spacing_mobile":0,"ocean_menu_typo_spacing_unit":"","ocean_menu_link_color":"","ocean_menu_link_color_hover":"","ocean_menu_link_color_active":"","ocean_menu_link_background":"","ocean_menu_link_hover_background":"","ocean_menu_link_active_background":"","ocean_menu_social_links_bg":"","ocean_menu_social_hover_links_bg":"","ocean_menu_social_links_color":"","ocean_menu_social_hover_links_color":"","ocean_disable_title":"default","ocean_disable_heading":"default","ocean_post_title":"","ocean_post_subheading":"","ocean_post_title_style":"","ocean_post_title_background_color":"","ocean_post_title_background":0,"ocean_post_title_bg_image_position":"","ocean_post_title_bg_image_attachment":"","ocean_post_title_bg_image_repeat":"","ocean_post_title_bg_image_size":"","ocean_post_title_height":0,"ocean_post_title_bg_overlay":0.5,"ocean_post_title_bg_overlay_color":"","ocean_disable_breadcrumbs":"default","ocean_breadcrumbs_color":"","ocean_breadcrumbs_separator_color":"","ocean_breadcrumbs_links_color":"","ocean_breadcrumbs_links_hover_color":"","ocean_display_footer_widgets":"default","ocean_display_footer_bottom":"default","ocean_custom_footer_template":"","footnotes":""},"class_list":["post-2333","page","type-page","status-publish","hentry","entry"],"_links":{"self":[{"href":"https:\/\/duplexpiano.de\/en\/wp-json\/wp\/v2\/pages\/2333","targetHints":{"allow":["GET"]}}],"collection":[{"href":"https:\/\/duplexpiano.de\/en\/wp-json\/wp\/v2\/pages"}],"about":[{"href":"https:\/\/duplexpiano.de\/en\/wp-json\/wp\/v2\/types\/page"}],"author":[{"embeddable":true,"href":"https:\/\/duplexpiano.de\/en\/wp-json\/wp\/v2\/users\/1"}],"replies":[{"embeddable":true,"href":"https:\/\/duplexpiano.de\/en\/wp-json\/wp\/v2\/comments?post=2333"}],"version-history":[{"count":0,"href":"https:\/\/duplexpiano.de\/en\/wp-json\/wp\/v2\/pages\/2333\/revisions"}],"wp:attachment":[{"href":"https:\/\/duplexpiano.de\/en\/wp-json\/wp\/v2\/media?parent=2333"}],"curies":[{"name":"wp","href":"https:\/\/api.w.org\/{rel}","templated":true}]}}