{"id":2327,"date":"2023-07-19T22:13:05","date_gmt":"2023-07-19T20:13:05","guid":{"rendered":"http:\/\/duplexpiano.de\/?page_id=2327"},"modified":"2023-07-19T22:18:28","modified_gmt":"2023-07-19T20:18:28","slug":"crescendo","status":"publish","type":"page","link":"https:\/\/duplexpiano.de\/en\/crescendo\/","title":{"rendered":"Crescendo"},"content":{"rendered":"\t\t<div data-elementor-type=\"wp-page\" data-elementor-id=\"2327\" class=\"elementor elementor-2327\">\n\t\t\t\t\t\t<section class=\"elementor-section elementor-top-section elementor-element elementor-element-f7b5d77 elementor-section-boxed elementor-section-height-default elementor-section-height-default\" data-id=\"f7b5d77\" data-element_type=\"section\" data-e-type=\"section\">\n\t\t\t\t\t\t<div class=\"elementor-container elementor-column-gap-default\">\n\t\t\t\t\t<div class=\"elementor-column elementor-col-100 elementor-top-column elementor-element elementor-element-5572ea4\" data-id=\"5572ea4\" data-element_type=\"column\" data-e-type=\"column\">\n\t\t\t<div class=\"elementor-widget-wrap elementor-element-populated\">\n\t\t\t\t\t\t<div class=\"elementor-element elementor-element-8b8efd9 elementor-widget elementor-widget-text-editor\" data-id=\"8b8efd9\" data-element_type=\"widget\" data-e-type=\"widget\" data-widget_type=\"text-editor.default\">\n\t\t\t\t<div class=\"elementor-widget-container\">\n\t\t\t\t\t\t\t\t\t<div class=\"px-4 py-2 flex bg-gray-dark justify-center\"><h1>David Stromberg und Florian Uhlig: Ein klang\u00adli\u00adches Ereignis<\/h1><\/div><header class=\"print:hidden\"><nav id=\"crescendo-navigation\" class=\"fixed z-20 inset-x-0 top-0 bg-white min-h-[4rem]\"><div class=\"p-4\"><div class=\"pt-4 max-w-5xl mx-auto w-full\">\u00a0<\/div><\/div><\/nav><\/header><p>\u00a0<\/p><main class=\"pt-12\"><p>\u00a0<\/p><section class=\"crescendo-partner print:hidden bg-gray-dark w-full flex items-center justify-center py-8\"><div class=\"max-w-5xl mx-auto h-full flex items-center\"><a class=\"h-full flex items-center\" href=\"https:\/\/ticketshop.bayreuther-festspiele.de\/de.html\" target=\"_blank\" rel=\"noopener sponsored\"> <picture> <source srcset=\"https:\/\/crescendo.de\/wp-content\/uploads\/2023\/07\/BF_MR_Crescendo.png\" media=\"(max-width: 699px)\" \/> <source srcset=\"https:\/\/crescendo.de\/wp-content\/uploads\/2023\/07\/BF_Billboard_Crescendo.png\" media=\"(min-width: 700px)\" \/>\u00a0 <\/picture> <\/a><\/div><\/section><article id=\"post-174130\" class=\"pt-4 space-y-8 post-174130 post type-post status-publish format-standard has-post-thumbnail hentry category-klassik category-medien personen-bruno-walter personen-david personen-ernst-von-dohnanyi personen-florian-uhlig personen-richard-strauss\"><header class=\"flex flex-col\"><div class=\"max-w-5xl mx-auto space-y-4 w-full\"><div class=\"flex flex-col sm:flex-row space-y-6 sm:space-y-0\"><div class=\"sm:pr-4 w-full sm:w-6\/12\"><img fetchpriority=\"high\" decoding=\"async\" class=\"w-full object-contain wp-post-image\" src=\"https:\/\/crescendo.de\/wp-content\/uploads\/2023\/06\/David-Stromberg-und-Florian-Uhlig_c_Raimar-von-Wienskowski_qu-1024x1024.jpg\" sizes=\"max-width(1536px) 100vw, 100vw\" srcset=\"https:\/\/crescendo.de\/wp-content\/uploads\/2023\/06\/David-Stromberg-und-Florian-Uhlig_c_Raimar-von-Wienskowski_qu-1024x1024.jpg 1024w, https:\/\/crescendo.de\/wp-content\/uploads\/2023\/06\/David-Stromberg-und-Florian-Uhlig_c_Raimar-von-Wienskowski_qu-300x300.jpg 300w, https:\/\/crescendo.de\/wp-content\/uploads\/2023\/06\/David-Stromberg-und-Florian-Uhlig_c_Raimar-von-Wienskowski_qu-150x150.jpg 150w, https:\/\/crescendo.de\/wp-content\/uploads\/2023\/06\/David-Stromberg-und-Florian-Uhlig_c_Raimar-von-Wienskowski_qu-768x768.jpg 768w, https:\/\/crescendo.de\/wp-content\/uploads\/2023\/06\/David-Stromberg-und-Florian-Uhlig_c_Raimar-von-Wienskowski_qu-1536x1536.jpg 1536w, https:\/\/crescendo.de\/wp-content\/uploads\/2023\/06\/David-Stromberg-und-Florian-Uhlig_c_Raimar-von-Wienskowski_qu-2048x2048.jpg 2048w, https:\/\/crescendo.de\/wp-content\/uploads\/2023\/06\/David-Stromberg-und-Florian-Uhlig_c_Raimar-von-Wienskowski_qu-240x240.jpg 240w, https:\/\/crescendo.de\/wp-content\/uploads\/2023\/06\/David-Stromberg-und-Florian-Uhlig_c_Raimar-von-Wienskowski_qu-480x480.jpg 480w, https:\/\/crescendo.de\/wp-content\/uploads\/2023\/06\/David-Stromberg-und-Florian-Uhlig_c_Raimar-von-Wienskowski_qu-464x464.jpg 464w, https:\/\/crescendo.de\/wp-content\/uploads\/2023\/06\/David-Stromberg-und-Florian-Uhlig_c_Raimar-von-Wienskowski_qu-928x928.jpg 928w, https:\/\/crescendo.de\/wp-content\/uploads\/2023\/06\/David-Stromberg-und-Florian-Uhlig_c_Raimar-von-Wienskowski_qu-736x736.jpg 736w, https:\/\/crescendo.de\/wp-content\/uploads\/2023\/06\/David-Stromberg-und-Florian-Uhlig_c_Raimar-von-Wienskowski_qu-1472x1472.jpg 1472w, https:\/\/crescendo.de\/wp-content\/uploads\/2023\/06\/David-Stromberg-und-Florian-Uhlig_c_Raimar-von-Wienskowski_qu-1320x1320.jpg 1320w\" alt=\"\" width=\"1024\" height=\"1024\" \/><\/div><div class=\"flex flex-col sm:w-6\/12 space-y-3 px-4 sm:px-0 sm:pl-8\"><p class=\"uppercase tracking-[4px] text-xs\">David Stromberg und Florian Uhlig<\/p><div><h2 class=\"text-2xl sm:text-4xl font-serif font-semibold\">Ein klang\u00adli\u00adches Ereignis<\/h2><\/div><div class=\"text-sm\"><p>von <a class=\"link\" href=\"https:\/\/crescendo.de\/author\/ruth-renee-reif\/\">Ruth Ren\u00e9e Reif<\/a><\/p><p>20. Juni 2023<\/p><\/div><div class=\"h-full flex items-end pb-4\"><header class=\"flex flex-col\"><div class=\"max-w-5xl mx-auto space-y-4 w-full\"><div class=\"flex flex-col sm:flex-row space-y-6 sm:space-y-0\"><div class=\"flex flex-col sm:w-6\/12 space-y-3 px-4 sm:px-0 sm:pl-8\"><div class=\"h-full flex items-end pb-4\"><p class=\"font-bold text-base leading-[1.5rem]\">David Stromberg hat mit Florian Uhlig ein Album mit Sonaten f\u00fcr Cello und Duplex Piano aufgenommen. Im Gespr\u00e4ch stellt er das Instrument vor und erz\u00e4hlt von seiner Entdeckung.\u00a0<\/p><\/div><\/div><\/div><\/div><\/header><main id=\"crescendo-article\" class=\"max-w-3xl px-4 space-y-7 mx-auto\"><p>Der Cellist\u00a0<a class=\"st_tag internal_tag crescendo-internal-link\" title=\"Mehr Beitr\u00e4ge \u00fcber David\" href=\"https:\/\/crescendo.de\/personen\/david\/\" rel=\"tag\">David<\/a>\u00a0Strom\u00adberg und der Pianist\u00a0<a class=\"st_tag internal_tag crescendo-internal-link\" title=\"Mehr Beitr\u00e4ge \u00fcber Florian Uhlig\" href=\"https:\/\/crescendo.de\/personen\/florian-uhlig\/\" rel=\"tag\">Florian Uhlig<\/a>\u00a0haben mit Werken von Emanuel Mo\u00f3r,\u00a0<a class=\"st_tag internal_tag crescendo-internal-link\" title=\"Mehr Beitr\u00e4ge \u00fcber Ernst von Dohn\u00e1nyi\" href=\"https:\/\/crescendo.de\/personen\/ernst-von-dohnanyi\/\" rel=\"tag\">Ernst von Dohn\u00e1nyi<\/a>und\u00a0<a class=\"st_tag internal_tag crescendo-internal-link\" title=\"Mehr Beitr\u00e4ge \u00fcber Richard Strauss\" href=\"https:\/\/crescendo.de\/personen\/richard-strauss\/\" rel=\"tag\">Richard Strauss<\/a>\u00a0ein Album aufge\u00adnommen. Die Beson\u00adder\u00adheiten der Aufnahme liegen in der Wieder\u00adent\u00adde\u00adckung des Kompo\u00adnisten Mo\u00f3r und des Instru\u00adments. Florian Uhlig spielt auf einem B\u00f6sen\u00addorfer Duplex Piano.<\/p><p><strong>CRESCENDO: Herr Strom\u00adberg, Sie haben mit dem Pianisten Florian Uhlig ein Album mit Sonaten f\u00fcr Cello und Duplex Piano aufge\u00adnommen. Wie sind Sie als Cellist auf das Instru\u00adment aufmerksam geworden?<\/strong><\/p><p><strong>David Strom\u00adberg:<\/strong>\u00a0Vor rund sechs Jahren suchte ich f\u00fcr eine Aufnahme mit dem Cellisten Sebas\u00adtian Hess nach Werken f\u00fcr zwei Celli und Orchester. Dabei stie\u00df ich auf ein St\u00fcck von Emanuel Mo\u00f3r. Von diesem Kompo\u00adnisten hatte ich bislang nichts geh\u00f6rt. Aber von seiner Musik war ich begeis\u00adtert. Im Zuge der Aufnahme stellte ich fest, dass Mo\u00f3r auch Erfinder war und dieses Duplex Piano konstru\u00adiert hatte. Es reizte mich, damit ein Projekt durch\u00adzu\u00adf\u00fchren und es auf die Konzert\u00adb\u00fchne zur\u00fcck\u00adzu\u00adbringen.<\/p><p><strong>Wie konnte Mo\u00f3r vergessen werden, wenn er, wie Sie im Booklet schreiben, so bedeu\u00adtend war und \u00fcber 200 Werke hinter\u00adlie\u00df?<\/strong><\/p><p>Das ist tats\u00e4ch\u00adlich erstaun\u00adlich. Aus der Musik kann ich es mir nicht erkl\u00e4ren. Diese Sonaten f\u00fcr Cello und Klavier sind Meis\u00adter\u00adwerke. Auch wurden seine Kompo\u00adsi\u00adtionen von den besten Musi\u00adkern seiner Zeit gespielt wie den Berliner Phil\u00adhar\u00admo\u00adni\u00adkern und dem Concert\u00adge\u00adbou\u00adwor\u00adkest Amsterdam. Pablo Casals z\u00e4hlte zu seinen gr\u00f6\u00dften F\u00f6rde\u00adrern. Ein Grund f\u00fcr sein Vergessen k\u00f6nnte darin liegen, dass er Jude war. Als er 1931 verstarb, begann die NS-Zeit.<\/p><p><strong>Sie zitieren\u00a0<a class=\"st_tag internal_tag crescendo-internal-link\" title=\"Mehr Beitr\u00e4ge \u00fcber Bruno Walter\" href=\"https:\/\/crescendo.de\/personen\/bruno-walter\/\" rel=\"tag\">Bruno Walter<\/a>, der sich f\u00fcr die F\u00fclle des Klangs begeis\u00adterte, der durch Kopp\u00adlung und Okta\u00advie\u00adrung entstehe. K\u00f6nnten Sie diesen tech\u00adni\u00adschen Hinter\u00adgrund etwas erl\u00e4u\u00adtern?<\/strong><\/p><p>Das Duplex Piano hat zwei Manuale und ein Kopp\u00adlungs\u00adpedal. Mit diesem Pedal kann man die T\u00f6ne auf dem unteren Manual durch Okta\u00advie\u00adrung verdop\u00adpeln. Wenn man zum Beispiel das einge\u00adstri\u00adchene C\u00a0anschl\u00e4gt und das Pedal tritt, erklingt das zwei\u00adge\u00adstri\u00adchene C\u00a0eine Oktave h\u00f6her eben\u00adfalls. Diese Verdopp\u00adlung schafft die Klang\u00adf\u00fclle. Die beiden Manuale erm\u00f6g\u00adli\u00adchen verschie\u00addene Klang\u00adwir\u00adkungen. So kann man etwa die Haupt\u00adstimme mit Verdopp\u00adlung auf dem unteren Manual spielen und die Neben\u00adstimme ohne Verdopp\u00adlung auf dem oberen.<\/p><p><strong>Hat Mo\u00f3r in seinen Parti\u00adturen vermerkt, welche Passagen gedop\u00adpelt werden sollen?<\/strong><\/p><p>Mo\u00f3r h\u00f6rte auf zu kompo\u00adnieren, als er den Fl\u00fcgel entwi\u00adckelte. Seine Vorstel\u00adlung war, mit dem Duplex Piano f\u00fcr alle Epochen der klas\u00adsi\u00adschen Musik ab der Barock\u00adzeit das opti\u00admale Instru\u00adment zu schaffen. F\u00fcr Bachs\u00a0<em>Gold\u00adberg Varia\u00adtionen<\/em>, die f\u00fcr ein zwei\u00adma\u00adnua\u00adliges Tasten\u00adin\u00adstru\u00adment kompo\u00adniert sind, sah er sein Duplex Piano als ideales Instru\u00adment an. Was verdop\u00adpelt werden soll, \u00fcber\u00adlie\u00df er dem Pianisten. Der kann es vorher fest\u00adlegen oder impro\u00advi\u00adsieren. Man kann sich das \u00e4hnlich vorstellen, wie wenn man ein St\u00fcck regis\u00adtriert.<\/p><p><strong>Wie und wo haben Sie das Duplex Piano f\u00fcr die Aufnahme gefunden?<\/strong><\/p><p>Ich habe welt\u00adweit gesucht. Im Metro\u00adpo\u00adlitan Museum in New York fand ich ein Duplex Piano von B\u00f6sen\u00addorfer. Im Instru\u00admenten-Museum in Berlin steht eines von Pleyel. Auf weitere stie\u00df ich bei Instru\u00admen\u00adten\u00adbauern. Aber sie waren alle nicht spielbar. Schlie\u00df\u00adlich fand ich einen Klavier\u00adbauer in Schleswig-Holstein, der auf seiner Website ein Foto von einem Duplex Piano zeigte. Er gab mir den Hinweis auf ein Schloss in Schleswig-Holstein, in dem sich ein solcher Fl\u00fcgel befinden solle. Dieses Schloss stand in Verbin\u00addung mit dem Museum f\u00fcr Kunst und Gewerbe in Hamburg, das von dem Sammler Andreas Beur\u00admann eine gro\u00dfe Anzahl histo\u00adri\u00adscher Tasten\u00adin\u00adstru\u00admente besitzt. Der Fl\u00fcgel war in dem Schloss geblieben, in dem Beur\u00admann einst gelebt hatte. Er stand dort unter einem Blumen\u00adstrau\u00df zur Deko\u00adra\u00adtion. Seinen Wert hatte niemand erkannt. Aber ich hatte das Gef\u00fchl, dass in ihm Poten\u00adzial schlum\u00admerte und Beur\u00admanns Frau gab mir die Geneh\u00admi\u00adgung, ihn zu nutzen.<\/p><p><strong>War Florian Uhlig gleich bereit darauf zu spielen, oder mussten Sie ihn \u00fcber\u00adzeugen?<\/strong><\/p><p>Er sagte sofort zu, noch bevor er auf dem Fl\u00fcgel gespielt hatte.<\/p><p><strong>Wie war es f\u00fcr ihn, darauf zu spielen?<\/strong><\/p><p>Es war schwer im wahrsten Sinne des Wortes. Wir lie\u00dfen das Anschlags\u00adge\u00adwicht ausmessen. Bereits unge\u00adkop\u00adpelt erfor\u00adderte der Fl\u00fcgel ein erh\u00f6htes Anschlags\u00adge\u00adwicht von 70 Gramm. Mit akti\u00advierter Kopp\u00adlung erfor\u00addert er 180 Gramm, also mehr als das Doppelte. Damit wird es unglaub\u00adlich m\u00fchsam f\u00fcr den Pianisten. Er muss viel Kraft aufwenden und zugleich Fein\u00adf\u00fch\u00adlig\u00adkeit mitbringen, um trotz des erh\u00f6hten Anschlags\u00adge\u00adwichts diffe\u00adren\u00adziert und sensibel zu musi\u00adzieren. Wir probten und spielten gemein\u00adsame \u00dcbungs\u00adkon\u00adzerte. Es war ein verr\u00fccktes Risiko. Aber als der Fl\u00fcgel im Studio stand, ahnten wir, dass es ein gutes Projekt sein w\u00fcrde. Der Fl\u00fcgel ist ein klang\u00adli\u00adches Ereignis.<\/p><p>\u00a0<\/p><div class=\"flex\"><div class=\"w-4\">&gt;<\/div><div class=\"w-full font-sans text-lg leading-normal space-y-3\"><p>In der Elbphilharmonie Hamburg findet am 27. September 2023, am 19. Februar 2024 und am 27. Juni 2024 die zweite Staffel der Emanuel Mo\u00f3r Konzertreihe mit dem Duplex Piano statt. Zur Auff\u00fchrung kommt jeweils eine Komposition von Mo\u00f3r, begleitet von Werken anderer Komponisten. Das Duplex Piano spielt Florian Uhlig. Cellist ist David Stromberg. Zu den weiteren Mitwirkenden geh\u00f6ren die Geiger Niklas Liepe, Andrej Bielow und Albrecht Menzel, die Bratschisten Anna Kreetta Gribajcevic und Hartmut Rohde sowie die Klarinettistin Shirley Brill.<\/p><p>Weitere Informationen zu dem Cellisten David Stromberg:\u00a0<a href=\"http:\/\/www.davidstromberg.de\/\">www.davidstromberg.de<\/a><\/p><\/div><\/div><div class=\"text-sm leading-tight\">Fotos: Raimar von Wienskowski<\/div><\/main><\/div><\/div><\/div><\/div><\/header><\/article><p>\u00a0<\/p><\/main><p>\u00a0<\/p>\t\t\t\t\t\t\t\t<\/div>\n\t\t\t\t<\/div>\n\t\t\t\t\t<\/div>\n\t\t<\/div>\n\t\t\t\t\t<\/div>\n\t\t<\/section>\n\t\t\t\t<\/div>\n\t\t","protected":false},"excerpt":{"rendered":"<p>David Stromberg und Florian Uhlig: Ein klang\u00adli\u00adches Ereignis &nbsp; David Stromberg und Florian Uhlig Ein klang\u00adli\u00adches Ereignis von Ruth Ren\u00e9e Reif 20. Juni 2023 David Stromberg hat mit Florian Uhlig ein Album mit Sonaten f\u00fcr Cello und Duplex Piano aufgenommen. Im Gespr\u00e4ch stellt er das Instrument vor und erz\u00e4hlt von seiner Entdeckung.&nbsp; Der Cellist&nbsp;David&nbsp;Strom\u00adberg und [&hellip;]<\/p>\n","protected":false},"author":1,"featured_media":0,"parent":0,"menu_order":0,"comment_status":"closed","ping_status":"closed","template":"","meta":{"ocean_post_layout":"","ocean_both_sidebars_style":"","ocean_both_sidebars_content_width":0,"ocean_both_sidebars_sidebars_width":0,"ocean_sidebar":"","ocean_second_sidebar":"","ocean_disable_margins":"enable","ocean_add_body_class":"","ocean_shortcode_before_top_bar":"","ocean_shortcode_after_top_bar":"","ocean_shortcode_before_header":"","ocean_shortcode_after_header":"","ocean_has_shortcode":"","ocean_shortcode_after_title":"","ocean_shortcode_before_footer_widgets":"","ocean_shortcode_after_footer_widgets":"","ocean_shortcode_before_footer_bottom":"","ocean_shortcode_after_footer_bottom":"","ocean_display_top_bar":"default","ocean_display_header":"default","ocean_header_style":"","ocean_center_header_left_menu":"","ocean_custom_header_template":"","ocean_custom_logo":0,"ocean_custom_retina_logo":0,"ocean_custom_logo_max_width":0,"ocean_custom_logo_tablet_max_width":0,"ocean_custom_logo_mobile_max_width":0,"ocean_custom_logo_max_height":0,"ocean_custom_logo_tablet_max_height":0,"ocean_custom_logo_mobile_max_height":0,"ocean_header_custom_menu":"","ocean_menu_typo_font_family":"","ocean_menu_typo_font_subset":"","ocean_menu_typo_font_size":0,"ocean_menu_typo_font_size_tablet":0,"ocean_menu_typo_font_size_mobile":0,"ocean_menu_typo_font_size_unit":"px","ocean_menu_typo_font_weight":"","ocean_menu_typo_font_weight_tablet":"","ocean_menu_typo_font_weight_mobile":"","ocean_menu_typo_transform":"","ocean_menu_typo_transform_tablet":"","ocean_menu_typo_transform_mobile":"","ocean_menu_typo_line_height":0,"ocean_menu_typo_line_height_tablet":0,"ocean_menu_typo_line_height_mobile":0,"ocean_menu_typo_line_height_unit":"","ocean_menu_typo_spacing":0,"ocean_menu_typo_spacing_tablet":0,"ocean_menu_typo_spacing_mobile":0,"ocean_menu_typo_spacing_unit":"","ocean_menu_link_color":"","ocean_menu_link_color_hover":"","ocean_menu_link_color_active":"","ocean_menu_link_background":"","ocean_menu_link_hover_background":"","ocean_menu_link_active_background":"","ocean_menu_social_links_bg":"","ocean_menu_social_hover_links_bg":"","ocean_menu_social_links_color":"","ocean_menu_social_hover_links_color":"","ocean_disable_title":"default","ocean_disable_heading":"default","ocean_post_title":"","ocean_post_subheading":"","ocean_post_title_style":"","ocean_post_title_background_color":"","ocean_post_title_background":0,"ocean_post_title_bg_image_position":"","ocean_post_title_bg_image_attachment":"","ocean_post_title_bg_image_repeat":"","ocean_post_title_bg_image_size":"","ocean_post_title_height":0,"ocean_post_title_bg_overlay":0.5,"ocean_post_title_bg_overlay_color":"","ocean_disable_breadcrumbs":"default","ocean_breadcrumbs_color":"","ocean_breadcrumbs_separator_color":"","ocean_breadcrumbs_links_color":"","ocean_breadcrumbs_links_hover_color":"","ocean_display_footer_widgets":"default","ocean_display_footer_bottom":"default","ocean_custom_footer_template":"","footnotes":""},"class_list":["post-2327","page","type-page","status-publish","hentry","entry"],"_links":{"self":[{"href":"https:\/\/duplexpiano.de\/en\/wp-json\/wp\/v2\/pages\/2327","targetHints":{"allow":["GET"]}}],"collection":[{"href":"https:\/\/duplexpiano.de\/en\/wp-json\/wp\/v2\/pages"}],"about":[{"href":"https:\/\/duplexpiano.de\/en\/wp-json\/wp\/v2\/types\/page"}],"author":[{"embeddable":true,"href":"https:\/\/duplexpiano.de\/en\/wp-json\/wp\/v2\/users\/1"}],"replies":[{"embeddable":true,"href":"https:\/\/duplexpiano.de\/en\/wp-json\/wp\/v2\/comments?post=2327"}],"version-history":[{"count":0,"href":"https:\/\/duplexpiano.de\/en\/wp-json\/wp\/v2\/pages\/2327\/revisions"}],"wp:attachment":[{"href":"https:\/\/duplexpiano.de\/en\/wp-json\/wp\/v2\/media?parent=2327"}],"curies":[{"name":"wp","href":"https:\/\/api.w.org\/{rel}","templated":true}]}}