{"id":2322,"date":"2023-07-19T22:09:33","date_gmt":"2023-07-19T20:09:33","guid":{"rendered":"http:\/\/duplexpiano.de\/?page_id=2322"},"modified":"2023-07-19T22:09:56","modified_gmt":"2023-07-19T20:09:56","slug":"pizzikato","status":"publish","type":"page","link":"https:\/\/duplexpiano.de\/en\/pizzikato\/","title":{"rendered":"Pizzikato"},"content":{"rendered":"<div data-elementor-type=\"wp-page\" data-elementor-id=\"2322\" class=\"elementor elementor-2322\">\n\t\t\t\t\t\t<section class=\"elementor-section elementor-top-section elementor-element elementor-element-d104b69 elementor-section-boxed elementor-section-height-default elementor-section-height-default\" data-id=\"d104b69\" data-element_type=\"section\" data-e-type=\"section\">\n\t\t\t\t\t\t<div class=\"elementor-container elementor-column-gap-default\">\n\t\t\t\t\t<div class=\"elementor-column elementor-col-100 elementor-top-column elementor-element elementor-element-4d2e919\" data-id=\"4d2e919\" data-element_type=\"column\" data-e-type=\"column\">\n\t\t\t<div class=\"elementor-widget-wrap elementor-element-populated\">\n\t\t\t\t\t\t<div class=\"elementor-element elementor-element-57da1eb elementor-widget elementor-widget-text-editor\" data-id=\"57da1eb\" data-element_type=\"widget\" data-e-type=\"widget\" data-widget_type=\"text-editor.default\">\n\t\t\t\t<div class=\"elementor-widget-container\">\n\t\t\t\t\t\t\t\t\t<div class=\"postHeader\"><div class=\"title\"><h2><a title=\"Permanent Link to Cellist David Stromberg und das Duplex Piano: \u00ab\u00a0Ich bin mit einer enormen Klangf\u00fclle konfrontiert\u00a0\u00bb\" href=\"https:\/\/www.pizzicato.lu\/cellist-david-stromberg-und-das-duplex-piano-ich-bin-mit-einer-enormen-klangfulle-konfrontiert\/\" rel=\"bookmark\">Cellist David Stromberg und das Duplex Piano: \u00ab\u00a0Ich bin mit einer enormen Klangf\u00fclle konfrontiert\u00a0\u00bb<\/a><\/h2><\/div><div class=\"postmeta\"><span class=\"pmet\">25\/06\/2023\u00a0<\/span><\/div><div class=\"clear\">\u00a0<\/div><\/div><div class=\"entry\"><div><b>Der Cellist David Stromberg sucht gerne nach neuen H\u00f6rererlebnissen \u2013 sei es mit dem Barockcello, dem Cello piccolo oder dem modernen Cello.\u00a0 Jetzt hat er eine CD mit Solo- und Kammermusikwerken von Emanuel Mo\u00f3r aufgenommen. Emanuel Mo\u00f3r entwickelte das Duplex Coupler Grand Piano, ein Klavier mit zwei Manualen und besonderen Klangmerkmalen. Das Duplex Coupler Grand Piano spielt darauf der Pianist Florian Uhlig.<\/b><\/div><div class=\"clear\">\u00a0<\/div><div class=\"wp-caption alignleft\"><a href=\"https:\/\/www.pizzicato.lu\/cellist-david-stromberg-und-das-duplex-piano-ich-bin-mit-einer-enormen-klangfulle-konfrontiert\/\"><img decoding=\"async\" class=\"size-full wp-image-180\" src=\"https:\/\/www.pizzicato.lu\/wp-content\/themes\/Pizzicato\/timthumb.php?src=https:\/\/www.pizzicato.lu\/wp-content\/uploads\/2023\/06\/Stromberg3.jpeg&amp;w=160&amp;q=100&amp;zc=1\" alt=\"\" \/><\/a><p>David Stromberg<\/p><\/div><p><strong>Herr Stromberg, Sie sind Cellist \u2013 wie sind Sie dann ausgerechnet auf ein Instrument wie das Duplex-Piano aufmerksam geworden?<\/strong><br \/>Im Sommer 2017 suchte ich nach Literatur f\u00fcr zwei Celli und stie\u00df auf ein Doppelkonzert f\u00fcr zwei Celli und Orchester von Emanuel Mo\u00f3r \u2013 sp\u00e4tromantische Musik allererster G\u00fcte. Aus der Begeisterung f\u00fcr Mo\u00f3rs Musik brachten der Cellist Sebastian Hess und ich eine Mo\u00f3r-CD auf den Markt.\u00a0<span id=\"more-76553\"><\/span>Ich bemerkte dabei, dass Mo\u00f3r auch ein Erfinder war und machte es mir zur Aufgabe, sein Duplex Piano, das er entwickelt hatte, auf die Konzertb\u00fchne zur\u00fcckzubringen.<\/p><p><strong>F\u00fcr alle, die es noch nicht kennen: Was ist das Duplex-Piano bzw. was ist seine Besonderheit?<\/strong><br \/>Das Duplex Piano ist ein Konzertfl\u00fcgel mit zwei Manualen, bei dem mittels eines Pedals die T\u00f6ne auf dem unteren Manual oktaviert und dadurch verdoppelt gespielt werden k\u00f6nnen. So entsteht eine enorme Klangf\u00fclle. Aber auch im Piano, also, wenn man leise spielt, kommt es zu besonderen Klangwirkungen. Dar\u00fcber hinaus kann eine Hauptstimme oktaviert auf dem unteren Manual und eine Nebenstimme unverdoppelt auf dem oberen dargeboten werden. Dieser Fl\u00fcgel war um 1930 in den wichtigsten Zentren der klassischen Musik h\u00e4ufig zu h\u00f6ren.<\/p><p><strong><a href=\"https:\/\/www.pizzicato.lu\/wp-content\/uploads\/2023\/04\/cd-duplex-piano-oehms.jpg\"><img fetchpriority=\"high\" decoding=\"async\" class=\"alignright size-medium wp-image-75330\" src=\"https:\/\/www.pizzicato.lu\/wp-content\/uploads\/2023\/04\/cd-duplex-piano-oehms-300x300.jpg\" sizes=\"(max-width: 300px) 100vw, 300px\" srcset=\"https:\/\/www.pizzicato.lu\/wp-content\/uploads\/2023\/04\/cd-duplex-piano-oehms-300x300.jpg 300w, https:\/\/www.pizzicato.lu\/wp-content\/uploads\/2023\/04\/cd-duplex-piano-oehms-1024x1024.jpg 1024w, https:\/\/www.pizzicato.lu\/wp-content\/uploads\/2023\/04\/cd-duplex-piano-oehms-150x150.jpg 150w, https:\/\/www.pizzicato.lu\/wp-content\/uploads\/2023\/04\/cd-duplex-piano-oehms-768x768.jpg 768w, https:\/\/www.pizzicato.lu\/wp-content\/uploads\/2023\/04\/cd-duplex-piano-oehms.jpg 1200w\" alt=\"\" width=\"300\" height=\"300\" \/><\/a>Die Entstehung des Duplex-Pianos ist eng verwoben mit der Biografie seines Erfinders, des Komponisten und Pianisten Emanuel Mo\u00f3r. Was hat Mo\u00f3r dazu bewogen, das Konzept des Klaviers zu \u00fcberdenken und das Duplex-Piano zu entwickeln?\u00a0<\/strong><br \/>Mo\u00f3r lernte zun\u00e4chst von seinem Vater das Orgelspiel. Daher waren ihm die klanglichen und spieltechnischen M\u00f6glichkeiten eines Instrumentes mit zwei Manualen vertraut. Er fand, dass das einmanualige Klavier in seinen Ausdrucksm\u00f6glichkeiten begrenzt sei. Er setzte dann alles daran, mit seinem Duplex Piano das Klavier der Zukunft zu entwickeln.<\/p><p><strong>W\u00e4hrend des ersten Viertels des 20. Jahrhunderts haben mehrere namhafte Klavierhersteller Mo\u00f3rs Erfindung offenbar begeistert aufgegriffen. Warum scheint es heute nur noch so wenige gut erhaltene Exemplare des Duplex-Pianos zu geben?<\/strong><br \/>Pleyel, Bechstein, Steinway, B\u00f6sendorfer, und einige andere Manufakturen bauten das Duplex Piano. Die Entwicklung begann 1920 und es entstanden rund 70 Instrumente. Z.B. befindet sich ein B\u00f6sendorfer-Fl\u00fcgel im Metropolitan Museum of Art in New York. In der Sammlung des Berliner Musikinstrumentenmuseums wird ein Pleyel-Fl\u00fcgel ausgestellt. Andere Exemplare befinden sich in Privatbesitz. Aber das Duplex Piano geriet nach und nach in Vergessenheit, und die Instrumente wurden nicht mehr genutzt.<\/p><p><strong>War das Duplex-Piano mehr als eine kurzzeitige Modeerscheinung?<\/strong><br \/>Die Berliner Philharmoniker, die Wiener Philharmoniker, das Amsterdam Concertgebouw Orchester, die renommiertesten Dirigenten der Welt wie Bruno Walter, Walter Mengelberg, Hans Knappertsbusch und bekannte Solisten nutzten das Duplex Piano in Konzerten. Wenn es eine Idee soweit schafft, muss etwas Substantielles daran sein.<\/p><p><strong>Auf Ihrem Album, das Sie zusammen mit dem Pianisten Florian Uhlig eingespielt haben, pr\u00e4sentieren Sie Musik von Richard Strauss, Ernst von Dohn\u00e1nyi und von Emanuel Mo\u00f3r selbst. Wie sind Sie vorgegangen, als Sie Werke f\u00fcr solch ein Album suchten?<\/strong><br \/>Wir haben diese Sonaten ausgew\u00e4hlt, weil sie besonders gut zum Duplex Piano passen. Emanuel Mo\u00f3r wollten wir nat\u00fcrlich auch als Komponisten pr\u00e4sentieren. Uns fiel ein Foto in die Hand, auf dem Ernst von Dohn\u00e1yni ein Konzert in Budapest mit dem Duplex Piano dirigiert. Der Saal ist bis auf den letzten Platz gef\u00fcllt und Winifred Christie, die zweite Ehefrau von Emanuel Mo\u00f3r, sitzt am Fl\u00fcgel. Da war uns klar: seine Sonate f\u00fcr Cello und Klavier m\u00fcssen wir aufs Album nehmen. Und das Jugendwerk von Richard Strauss passt mit seinem \u201eSturm und Drang\u201c wunderbar zum Duplex Piano und zur Kraft neuer Ideen.<\/p><div id=\"attachment_76554\" class=\"wp-caption aligncenter\"><a href=\"https:\/\/www.pizzicato.lu\/wp-content\/uploads\/2023\/06\/David-Stromberg-Florian-Uhlig-credit-Raimar-von-Wienskowski.jpg\"><img decoding=\"async\" class=\"wp-image-76554 size-full\" src=\"https:\/\/www.pizzicato.lu\/wp-content\/uploads\/2023\/06\/David-Stromberg-Florian-Uhlig-credit-Raimar-von-Wienskowski.jpg\" sizes=\"(max-width: 624px) 100vw, 624px\" srcset=\"https:\/\/www.pizzicato.lu\/wp-content\/uploads\/2023\/06\/David-Stromberg-Florian-Uhlig-credit-Raimar-von-Wienskowski.jpg 624w, https:\/\/www.pizzicato.lu\/wp-content\/uploads\/2023\/06\/David-Stromberg-Florian-Uhlig-credit-Raimar-von-Wienskowski-300x232.jpg 300w\" alt=\"\" width=\"624\" height=\"483\" aria-describedby=\"caption-attachment-76554\" \/><\/a><p id=\"caption-attachment-76554\" class=\"wp-caption-text\">David Stromberg \u2013 FlorianUhlig<br \/>\u00a9 Raimar von Wienkowski<\/p><\/div><p><strong>M\u00fcssen Sie sich als Cellist im Duo mit einem Duplex-Pianisten irgendwie klanglich anders disponieren als im Zusammenspiel mit einem normalen Klavier, und falls ja, wie machen Sie das?<\/strong><br \/>Ich bin mit einer enormen Klangf\u00fclle konfrontiert. Ich nehme das als einen Anreiz, noch lebendiger und ausdrucksvoller zu musizieren.<\/p><p><strong>Sie stellen das Duplex-Piano auch live vor, geben Konzerte mit mannigfachem Repertoire. Nun hat ja aber nicht jeder Klavierverleih in Deutschland auch ein Duplex-Klavier im Angebot. Wie organisieren Sie den Transport und die Logistik?\u00a0<\/strong><br \/>Das stimmt: Bislang hat kein Klavierverleih ein Duplex Piano im Angebot\u2026 Jeder Transport des Duplex Pianos muss also professionell bewerkstelligt werden. Zwei M\u00e4nner bew\u00e4ltigen das enorme Gewicht \u2013 \u201aso grade eben\u2018.<\/p><p><strong>Wenn dann der Klavierstimmer vor dem Konzert kommt: Der wundert sich doch sicher sehr, was er da pl\u00f6tzlich vorfindet, oder? Kommen die Klavierstimmer sofort mit dem Instrument zurecht oder m\u00fcssen die sich erst einmal ein wenig orientieren?<\/strong><br \/>Ja, sie wundern sich, weil auch sie so ein Instrument meist nicht kennen. Das Duplex Piano l\u00e4sst sich aber wie ein normaler Konzertfl\u00fcgel stimmen. Die Besaitung ist die eines normalen Fl\u00fcgels.<\/p><p><strong>Das obere Manual des Duplex Pianos ist um eine Oktave reduziert. Warum ist das so?<\/strong><br \/>Eine Taste des oberen Manuals aktiviert den Hammer eine Oktave h\u00f6her als die entsprechende Taste auf dem unteren Manual. Damit wollte Mo\u00f3r spieltechnische Erleichterungen bei gro\u00dfen Spr\u00fcngen herbeif\u00fchren. Somit ist das obere Manual auch um eine Oktave k\u00fcrzer.<\/p><p><strong>Wie viele spielbare Duplex Pianos nach Mo\u00f3rs Vorbild gibt es heute noch?\u00a0<\/strong><br \/>Es fragt sich, was \u2018spielbar\u2019 bedeutet. Wir haben gro\u00dfen Aufwand betrieben, um \u2018unseren\u2019 B\u00f6sendorfer-Fl\u00fcgel CD- und konzerttauglich zu machen. Ich vermute, dass auch die verbleibenden Fl\u00fcgel, bevor sie im Konzert erklingen k\u00f6nnten, erst einmal in die Werkstatt m\u00fcssten.<\/p><p><strong>Was sind Ihre Pl\u00e4ne f\u00fcr die Zukunft?\u00a0<\/strong><br \/>Wir realisieren in der Elbphilharmonie Hamburg in der Saison 2024\/2025 eine Kammermusikreihe. In drei Konzerten werden Shirley Brill, Anna-Kreetta Gribajcevic, Niklas Liepe, Albrecht Menzel, Andrej Bielow, Hartmut Rohde, Florian Uhlig und ich das Duplex Piano feiern. Wir freuen uns darauf schon sehr und laden herzlich dazu ein, den einmaligen Klang selbst live zu erleben!<\/p><\/div>\t\t\t\t\t\t\t\t<\/div>\n\t\t\t\t<\/div>\n\t\t\t\t\t<\/div>\n\t\t<\/div>\n\t\t\t\t\t<\/div>\n\t\t<\/section>\n\t\t\t\t<\/div>","protected":false},"excerpt":{"rendered":"<p>Cellist David Stromberg und das Duplex Piano: \u00ab\u00a0Ich bin mit einer enormen Klangf\u00fclle konfrontiert\u00a0\u00bb 25\/06\/2023\u00a0\u00a0Der Cellist David Stromberg sucht gerne nach neuen H\u00f6rererlebnissen \u2013 sei es mit dem Barockcello, dem Cello piccolo oder dem modernen Cello.\u00a0 Jetzt hat er eine CD mit Solo- und Kammermusikwerken von Emanuel Mo\u00f3r aufgenommen. Emanuel Mo\u00f3r entwickelte das Duplex Coupler [&hellip;]<\/p>\n","protected":false},"author":1,"featured_media":0,"parent":0,"menu_order":0,"comment_status":"closed","ping_status":"closed","template":"","meta":{"ocean_post_layout":"","ocean_both_sidebars_style":"","ocean_both_sidebars_content_width":0,"ocean_both_sidebars_sidebars_width":0,"ocean_sidebar":"","ocean_second_sidebar":"","ocean_disable_margins":"enable","ocean_add_body_class":"","ocean_shortcode_before_top_bar":"","ocean_shortcode_after_top_bar":"","ocean_shortcode_before_header":"","ocean_shortcode_after_header":"","ocean_has_shortcode":"","ocean_shortcode_after_title":"","ocean_shortcode_before_footer_widgets":"","ocean_shortcode_after_footer_widgets":"","ocean_shortcode_before_footer_bottom":"","ocean_shortcode_after_footer_bottom":"","ocean_display_top_bar":"default","ocean_display_header":"default","ocean_header_style":"","ocean_center_header_left_menu":"","ocean_custom_header_template":"","ocean_custom_logo":0,"ocean_custom_retina_logo":0,"ocean_custom_logo_max_width":0,"ocean_custom_logo_tablet_max_width":0,"ocean_custom_logo_mobile_max_width":0,"ocean_custom_logo_max_height":0,"ocean_custom_logo_tablet_max_height":0,"ocean_custom_logo_mobile_max_height":0,"ocean_header_custom_menu":"","ocean_menu_typo_font_family":"","ocean_menu_typo_font_subset":"","ocean_menu_typo_font_size":0,"ocean_menu_typo_font_size_tablet":0,"ocean_menu_typo_font_size_mobile":0,"ocean_menu_typo_font_size_unit":"px","ocean_menu_typo_font_weight":"","ocean_menu_typo_font_weight_tablet":"","ocean_menu_typo_font_weight_mobile":"","ocean_menu_typo_transform":"","ocean_menu_typo_transform_tablet":"","ocean_menu_typo_transform_mobile":"","ocean_menu_typo_line_height":0,"ocean_menu_typo_line_height_tablet":0,"ocean_menu_typo_line_height_mobile":0,"ocean_menu_typo_line_height_unit":"","ocean_menu_typo_spacing":0,"ocean_menu_typo_spacing_tablet":0,"ocean_menu_typo_spacing_mobile":0,"ocean_menu_typo_spacing_unit":"","ocean_menu_link_color":"","ocean_menu_link_color_hover":"","ocean_menu_link_color_active":"","ocean_menu_link_background":"","ocean_menu_link_hover_background":"","ocean_menu_link_active_background":"","ocean_menu_social_links_bg":"","ocean_menu_social_hover_links_bg":"","ocean_menu_social_links_color":"","ocean_menu_social_hover_links_color":"","ocean_disable_title":"default","ocean_disable_heading":"default","ocean_post_title":"","ocean_post_subheading":"","ocean_post_title_style":"","ocean_post_title_background_color":"","ocean_post_title_background":0,"ocean_post_title_bg_image_position":"","ocean_post_title_bg_image_attachment":"","ocean_post_title_bg_image_repeat":"","ocean_post_title_bg_image_size":"","ocean_post_title_height":0,"ocean_post_title_bg_overlay":0.5,"ocean_post_title_bg_overlay_color":"","ocean_disable_breadcrumbs":"default","ocean_breadcrumbs_color":"","ocean_breadcrumbs_separator_color":"","ocean_breadcrumbs_links_color":"","ocean_breadcrumbs_links_hover_color":"","ocean_display_footer_widgets":"default","ocean_display_footer_bottom":"default","ocean_custom_footer_template":"","footnotes":""},"class_list":["post-2322","page","type-page","status-publish","hentry","entry"],"_links":{"self":[{"href":"https:\/\/duplexpiano.de\/en\/wp-json\/wp\/v2\/pages\/2322","targetHints":{"allow":["GET"]}}],"collection":[{"href":"https:\/\/duplexpiano.de\/en\/wp-json\/wp\/v2\/pages"}],"about":[{"href":"https:\/\/duplexpiano.de\/en\/wp-json\/wp\/v2\/types\/page"}],"author":[{"embeddable":true,"href":"https:\/\/duplexpiano.de\/en\/wp-json\/wp\/v2\/users\/1"}],"replies":[{"embeddable":true,"href":"https:\/\/duplexpiano.de\/en\/wp-json\/wp\/v2\/comments?post=2322"}],"version-history":[{"count":0,"href":"https:\/\/duplexpiano.de\/en\/wp-json\/wp\/v2\/pages\/2322\/revisions"}],"wp:attachment":[{"href":"https:\/\/duplexpiano.de\/en\/wp-json\/wp\/v2\/media?parent=2322"}],"curies":[{"name":"wp","href":"https:\/\/api.w.org\/{rel}","templated":true}]}}