{"id":2272,"date":"2023-07-14T22:21:53","date_gmt":"2023-07-14T20:21:53","guid":{"rendered":"http:\/\/duplexpiano.de\/?page_id=2272"},"modified":"2023-07-14T22:47:10","modified_gmt":"2023-07-14T20:47:10","slug":"quartett","status":"publish","type":"page","link":"https:\/\/duplexpiano.de\/en\/quartett\/","title":{"rendered":"Quartett"},"content":{"rendered":"<div data-elementor-type=\"wp-page\" data-elementor-id=\"2272\" class=\"elementor elementor-2272\">\n\t\t\t\t\t\t<section class=\"elementor-section elementor-top-section elementor-element elementor-element-8feed03 elementor-section-full_width elementor-section-height-default elementor-section-height-default\" data-id=\"8feed03\" data-element_type=\"section\" data-e-type=\"section\">\n\t\t\t\t\t\t<div class=\"elementor-container elementor-column-gap-default\">\n\t\t\t\t\t<div class=\"elementor-column elementor-col-100 elementor-top-column elementor-element elementor-element-ae1aa1d\" data-id=\"ae1aa1d\" data-element_type=\"column\" data-e-type=\"column\">\n\t\t\t<div class=\"elementor-widget-wrap elementor-element-populated\">\n\t\t\t\t\t\t<div class=\"elementor-element elementor-element-52f0e6c elementor-widget elementor-widget-text-editor\" data-id=\"52f0e6c\" data-element_type=\"widget\" data-e-type=\"widget\" data-widget_type=\"text-editor.default\">\n\t\t\t\t<div class=\"elementor-widget-container\">\n\t\t\t\t\t\t\t\t\t<div><article><div><div data-elementor-type=\"wp-page\" data-elementor-id=\"1657\"><section data-id=\"640678f\" data-element_type=\"section\"><div><div data-id=\"8f905b0\" data-element_type=\"column\"><div><div data-id=\"aec24b1\" data-element_type=\"widget\" data-widget_type=\"text-editor.default\"><div><p><strong>Programm I<\/strong><\/p><p>Mirijam Contzen \u2013 Violine<br \/>Hartmut Rohde \u2013 Bratsche<br \/>David Stromberg \u2013 Violoncello<br \/>Florian Uhlig \u2013 Duplex Coupler Grand Piano<\/p><p>Camille Saint-Sa\u00ebns<br \/>Klavierquartett Nr. 2 B- Dur op. 41<br \/>Allegretto<br \/>Andante\u00a0maestoso ma con moto<br \/>Poco\u00a0allegro pi\u00f9 tosto moderato<br \/>Allegro<\/p><div>Emanuel\u00a0Mo\u00f3r<br \/>Romanze\u00a0op. 196 f\u00fcr Viola und Klavier<\/div><div><p>Emanuel\u00a0Mo\u00f3r<br \/>Sonate\u00a0op. 53 a-moll\u00a0f\u00fcr Cello und Klavier<br \/>Allegro\u00a0moderato<br \/>Adagio<br \/>Allegro\u00a0con brio<br \/>18\u00a0Min<\/p><p>Pause<\/p><p>Claude\u00a0Debussy<br \/>Sonate\u00a0g-Moll f\u00fcr Violine und Klavier (1917)<br \/>Allegro\u00a0vivo<br \/>Interm\u00e8de.\u00a0Fantastique et l\u00e9ger<br \/>Finale.\u00a0Tr\u00e8s\u00a0anim\u00e9<\/p><p>Arnold\u00a0Sch\u00f6nberg<br \/>\u00bbVerkl\u00e4rte\u00a0Nacht\u00ab Sextett\u00a0op. 4 (1899)\u00a0in der Bearbeitung f\u00fcr Klavierquartett von Christoph Schickedanz.\u00a0Urauff\u00fchrung<\/p><p>\u00a0<\/p><\/div><p><strong>Programm II<\/strong><\/p><p>Gabriel\u00a0Faur\u00e9<br \/>Klavierquartett\u00a0Nr. 1 op. 15 (1876-79, \u00fcberarbeitet 1883)<br \/>Allegro\u00a0molto moderato<br \/>Scherzo:\u00a0Allegro vivo<br \/>Adagio<br \/>Allegro\u00a0molto<\/p><p>Emanuel\u00a0Mo\u00f3r<br \/>Sonate\u00a0Nr. 5 f\u00fcr Violine und Klavier op. 54.\u00a0\u00c0\u00a0Jaques Thibaud<br \/>Allegro\u00a0moderato<br \/>Scherzo.\u00a0Presto<br \/>Adagio<br \/>Allegro\u00a0con fuoco<\/p><p>Pause<\/p><p>Robert\u00a0Schumann<br \/>Fantasiest\u00fccke\u00a0op. 73 Nr. 1<br \/>Zart\u00a0und mit Ausdruck<br \/>Lebhaft,\u00a0leicht<br \/>Rasch\u00a0und mit Feuer<\/p><p>Johannes\u00a0Brahms<br \/>Klavierquartett\u00a0g-Moll, op. 25<br \/>f\u00fcr\u00a0Violine, Viola, Violoncello und Klavier, op. 25<br \/>Allegro<br \/>Intermezzo.\u00a0Allegro ma non troppo \u2013 Trio Animato<br \/>Andante con moto<br \/>Rondo\u00a0alla Zingarese. Presto<\/p><p>\u00a0<\/p><p>Andrej Bielow \u2013 Violine<br \/>Hartmut Rohde \u2013 Bratsche<br \/>David Stromberg \u2013 Violoncello<br \/>Florian Uhlig \u2013 Duplex Piano<\/p><p>\u00a0<\/p><p>\u00a0<\/p><p><strong>Programm III<\/strong><\/p><p>Friedrich Smetana\u00a0(30 min)<br \/>Klaviertrio g-Moll, op. 15 f\u00fcr Violine, Violoncello und Klavier<br \/>Moderato assai<br \/>Allegro, ma non agitato \u2013 Alternativo I. Andante \u2013 Alternativo II. Maestoso<br \/>Finale. Presto<\/p><p>Emanuel Mo\u00f3r\u00a0(25 Min)<br \/>Sonate Nr. 5 f\u00fcr Violine und Klavier op. 54.\u00a0\u00c0 Jaques Thibaud<br \/>Allegro moderato<br \/>Scherzo. Presto<br \/>Adagio<br \/>Allegro con fuoco<\/p><p>Pause<\/p><p>Antonin Dvo\u0159\u00e1k\u00a0(34 min)<br \/>Klavierquartett Nr. 2 op. 87 in Es-Dur\u00a0<br \/>Allegro con fuoco<br \/>Lento<br \/>Allegro moderato, grazioso<br \/>Finale. Allegro ma non troppo<\/p><p>Niklas Liepe \u2013 Violine<br \/>Anna Kreetta Gribajcevic \u2013 Bratsche<br \/>David Stromberg \u2013 Violoncello<br \/>Florian Uhlig \u2013 Duplex Piano<\/p><p>\u00a0<\/p><p><strong>Programm IV<\/strong><br \/>Emanuel Mo\u00f3r\u00a0(6 min)<br \/>Pr\u00e9lude op. 71 Nr. 4\u00a0f\u00fcr Klavier solo<br \/>Andante sostenuto (poco adagio)<\/p><p>Johannes Brahms\u00a0(25 min)<br \/>Trio a-Moll, op. 114 f\u00fcr Klarinette, Violoncello und Klavier<br \/>Allegro<br \/>Adagio<br \/>Andantino grazioso<br \/>Allegro<\/p><p>Pause<\/p><p>Olivier Messiaen\u00a0(50 min)<br \/>Quatuor pour la fin du temps (1941)<br \/>Liturgie de cristal<br \/>Vocalise, pour l\u2019Ange qui annonce la fin du Temps<br \/>Ab\u00eeme des oiseaux<br \/>Interm\u00e8de<br \/>Louange \u00e0 l\u2019\u00c9ternit\u00e9 de J\u00e9sus<br \/>Danse de la fureur, pour les sept trompettes<br \/>Fouillis d\u2019arcs-en-ciel, pour l\u2019Ange qui annonce la fin du Temps<br \/>Louange \u00e0 l\u2019Immortalit\u00e9 de J\u00e9sus<\/p><\/div><p>Shirley Brill \u2013 Klarinette<br \/>Albrecht Menzel \u2013 Violine<br \/>David Stromberg \u2013 Violoncello<br \/>Florian Uhlig \u2013 Duplex Piano<\/p><div><p><style type=\"text\/css\">P { margin-bottom: 0.21cm }A:link { so-language: zxx }<\/style><\/p><\/div><\/div><\/div><\/div><\/div><\/section><\/div><\/div><\/article><\/div>\t\t\t\t\t\t\t\t<\/div>\n\t\t\t\t<\/div>\n\t\t\t\t\t<\/div>\n\t\t<\/div>\n\t\t\t\t\t<\/div>\n\t\t<\/section>\n\t\t\t\t<\/div>","protected":false},"excerpt":{"rendered":"<p>Programm I Mirijam Contzen \u2013 ViolineHartmut Rohde \u2013 BratscheDavid Stromberg \u2013 VioloncelloFlorian Uhlig \u2013 Duplex Coupler Grand Piano Camille Saint-Sa\u00ebnsKlavierquartett Nr. 2 B- Dur op. 41AllegrettoAndante\u00a0maestoso ma con motoPoco\u00a0allegro pi\u00f9 tosto moderatoAllegro Emanuel\u00a0Mo\u00f3rRomanze\u00a0op. 196 f\u00fcr Viola und Klavier Emanuel\u00a0Mo\u00f3rSonate\u00a0op. 53 a-moll\u00a0f\u00fcr Cello und KlavierAllegro\u00a0moderatoAdagioAllegro\u00a0con brio18\u00a0Min Pause Claude\u00a0DebussySonate\u00a0g-Moll f\u00fcr Violine und Klavier (1917)Allegro\u00a0vivoInterm\u00e8de.\u00a0Fantastique et l\u00e9gerFinale.\u00a0Tr\u00e8s\u00a0anim\u00e9 Arnold\u00a0Sch\u00f6nberg\u00bbVerkl\u00e4rte\u00a0Nacht\u00ab [&hellip;]<\/p>\n","protected":false},"author":1,"featured_media":0,"parent":0,"menu_order":0,"comment_status":"closed","ping_status":"closed","template":"","meta":{"ocean_post_layout":"","ocean_both_sidebars_style":"","ocean_both_sidebars_content_width":0,"ocean_both_sidebars_sidebars_width":0,"ocean_sidebar":"","ocean_second_sidebar":"","ocean_disable_margins":"enable","ocean_add_body_class":"","ocean_shortcode_before_top_bar":"","ocean_shortcode_after_top_bar":"","ocean_shortcode_before_header":"","ocean_shortcode_after_header":"","ocean_has_shortcode":"","ocean_shortcode_after_title":"","ocean_shortcode_before_footer_widgets":"","ocean_shortcode_after_footer_widgets":"","ocean_shortcode_before_footer_bottom":"","ocean_shortcode_after_footer_bottom":"","ocean_display_top_bar":"default","ocean_display_header":"default","ocean_header_style":"","ocean_center_header_left_menu":"","ocean_custom_header_template":"","ocean_custom_logo":0,"ocean_custom_retina_logo":0,"ocean_custom_logo_max_width":0,"ocean_custom_logo_tablet_max_width":0,"ocean_custom_logo_mobile_max_width":0,"ocean_custom_logo_max_height":0,"ocean_custom_logo_tablet_max_height":0,"ocean_custom_logo_mobile_max_height":0,"ocean_header_custom_menu":"","ocean_menu_typo_font_family":"","ocean_menu_typo_font_subset":"","ocean_menu_typo_font_size":0,"ocean_menu_typo_font_size_tablet":0,"ocean_menu_typo_font_size_mobile":0,"ocean_menu_typo_font_size_unit":"px","ocean_menu_typo_font_weight":"","ocean_menu_typo_font_weight_tablet":"","ocean_menu_typo_font_weight_mobile":"","ocean_menu_typo_transform":"","ocean_menu_typo_transform_tablet":"","ocean_menu_typo_transform_mobile":"","ocean_menu_typo_line_height":0,"ocean_menu_typo_line_height_tablet":0,"ocean_menu_typo_line_height_mobile":0,"ocean_menu_typo_line_height_unit":"","ocean_menu_typo_spacing":0,"ocean_menu_typo_spacing_tablet":0,"ocean_menu_typo_spacing_mobile":0,"ocean_menu_typo_spacing_unit":"","ocean_menu_link_color":"","ocean_menu_link_color_hover":"","ocean_menu_link_color_active":"","ocean_menu_link_background":"","ocean_menu_link_hover_background":"","ocean_menu_link_active_background":"","ocean_menu_social_links_bg":"","ocean_menu_social_hover_links_bg":"","ocean_menu_social_links_color":"","ocean_menu_social_hover_links_color":"","ocean_disable_title":"default","ocean_disable_heading":"default","ocean_post_title":"","ocean_post_subheading":"","ocean_post_title_style":"","ocean_post_title_background_color":"","ocean_post_title_background":0,"ocean_post_title_bg_image_position":"","ocean_post_title_bg_image_attachment":"","ocean_post_title_bg_image_repeat":"","ocean_post_title_bg_image_size":"","ocean_post_title_height":0,"ocean_post_title_bg_overlay":0.5,"ocean_post_title_bg_overlay_color":"","ocean_disable_breadcrumbs":"default","ocean_breadcrumbs_color":"","ocean_breadcrumbs_separator_color":"","ocean_breadcrumbs_links_color":"","ocean_breadcrumbs_links_hover_color":"","ocean_display_footer_widgets":"default","ocean_display_footer_bottom":"default","ocean_custom_footer_template":"","footnotes":""},"class_list":["post-2272","page","type-page","status-publish","hentry","entry"],"_links":{"self":[{"href":"https:\/\/duplexpiano.de\/en\/wp-json\/wp\/v2\/pages\/2272","targetHints":{"allow":["GET"]}}],"collection":[{"href":"https:\/\/duplexpiano.de\/en\/wp-json\/wp\/v2\/pages"}],"about":[{"href":"https:\/\/duplexpiano.de\/en\/wp-json\/wp\/v2\/types\/page"}],"author":[{"embeddable":true,"href":"https:\/\/duplexpiano.de\/en\/wp-json\/wp\/v2\/users\/1"}],"replies":[{"embeddable":true,"href":"https:\/\/duplexpiano.de\/en\/wp-json\/wp\/v2\/comments?post=2272"}],"version-history":[{"count":0,"href":"https:\/\/duplexpiano.de\/en\/wp-json\/wp\/v2\/pages\/2272\/revisions"}],"wp:attachment":[{"href":"https:\/\/duplexpiano.de\/en\/wp-json\/wp\/v2\/media?parent=2272"}],"curies":[{"name":"wp","href":"https:\/\/api.w.org\/{rel}","templated":true}]}}