{"id":2198,"date":"2023-07-10T08:16:35","date_gmt":"2023-07-10T06:16:35","guid":{"rendered":"http:\/\/duplexpiano.de\/?page_id=2198"},"modified":"2023-07-14T23:09:28","modified_gmt":"2023-07-14T21:09:28","slug":"anna-kreetta-gribajcevic","status":"publish","type":"page","link":"https:\/\/duplexpiano.de\/en\/anna-kreetta-gribajcevic\/","title":{"rendered":"Anna-Kreetta Gribajcevic"},"content":{"rendered":"<div data-elementor-type=\"wp-page\" data-elementor-id=\"2198\" class=\"elementor elementor-2198\">\n\t\t\t\t\t\t<section class=\"elementor-section elementor-top-section elementor-element elementor-element-c253666 elementor-section-full_width elementor-section-height-default elementor-section-height-default\" data-id=\"c253666\" data-element_type=\"section\" data-e-type=\"section\">\n\t\t\t\t\t\t<div class=\"elementor-container elementor-column-gap-default\">\n\t\t\t\t\t<div class=\"elementor-column elementor-col-100 elementor-top-column elementor-element elementor-element-64a952d\" data-id=\"64a952d\" data-element_type=\"column\" data-e-type=\"column\">\n\t\t\t<div class=\"elementor-widget-wrap elementor-element-populated\">\n\t\t\t\t\t\t<div class=\"elementor-element elementor-element-f64585e elementor-widget elementor-widget-image\" data-id=\"f64585e\" data-element_type=\"widget\" data-e-type=\"widget\" data-widget_type=\"image.default\">\n\t\t\t\t<div class=\"elementor-widget-container\">\n\t\t\t\t\t\t\t\t\t\t\t\t\t\t\t<img fetchpriority=\"high\" decoding=\"async\" width=\"675\" height=\"684\" src=\"https:\/\/duplexpiano.de\/wp-content\/uploads\/2023\/07\/Gribajcevic-Anna-Kreetta-1-675x684-1.jpg\" class=\"attachment-large size-large wp-image-2210\" alt=\"\" srcset=\"https:\/\/duplexpiano.de\/wp-content\/uploads\/2023\/07\/Gribajcevic-Anna-Kreetta-1-675x684-1.jpg 675w, https:\/\/duplexpiano.de\/wp-content\/uploads\/2023\/07\/Gribajcevic-Anna-Kreetta-1-675x684-1-296x300.jpg 296w, https:\/\/duplexpiano.de\/wp-content\/uploads\/2023\/07\/Gribajcevic-Anna-Kreetta-1-675x684-1-12x12.jpg 12w\" sizes=\"(max-width: 675px) 100vw, 675px\" \/>\t\t\t\t\t\t\t\t\t\t\t\t\t\t\t<\/div>\n\t\t\t\t<\/div>\n\t\t\t\t\t<\/div>\n\t\t<\/div>\n\t\t\t\t\t<\/div>\n\t\t<\/section>\n\t\t\t\t<section class=\"elementor-section elementor-top-section elementor-element elementor-element-92ec515 elementor-section-full_width elementor-section-height-default elementor-section-height-default\" data-id=\"92ec515\" data-element_type=\"section\" data-e-type=\"section\">\n\t\t\t\t\t\t<div class=\"elementor-container elementor-column-gap-default\">\n\t\t\t\t\t<div class=\"elementor-column elementor-col-100 elementor-top-column elementor-element elementor-element-73b4f95\" data-id=\"73b4f95\" data-element_type=\"column\" data-e-type=\"column\">\n\t\t\t<div class=\"elementor-widget-wrap elementor-element-populated\">\n\t\t\t\t\t\t<div class=\"elementor-element elementor-element-aa6ddf7 elementor-widget elementor-widget-text-editor\" data-id=\"aa6ddf7\" data-element_type=\"widget\" data-e-type=\"widget\" data-widget_type=\"text-editor.default\">\n\t\t\t\t<div class=\"elementor-widget-container\">\n\t\t\t\t\t\t\t\t\t<p><br \/>Die finnische Bratschistin Anna Kreetta Gribajcevic studierte Viola bei Matti Hirvikangas an der Sibelius Akademie in ihrer Heimatstadt Helsinki, sowie an der Hochschule f\u00fcr Musik Saar bei Prof. Diemut Poppen und an der Hochschule f\u00fcr Musik \u201cHanns Eisler\u201d in Berlin bei Prof. Kim Kashkashian. Dort schloss sie ihr Studium mit dem Konzertexamen mit Auszeichnung ab.<br \/>Als Solistin spielte sie mit Orchestern wie dem Finnish Radio Symphony Orchestra, dem Les Si\u00e9cles Paris, Chamber Orchestra of Lapland oder dem Philharmonia Orchestra London, und arbeitete dabei mit Dirigenten wie Jukka-Pekka Saraste, Sakari Oramo, Philippe Jordan und Francois-Xavier Roth zusammen.<br \/><br \/>Gribajcevic spielte die finnischen Erstauff\u00fchrungen von Ligetis Solo-Sonate und von den Viola-Konzerten Kurtags, Shchedrins, Ahmas und Ahos. Ihre Aufnahme der Viola-Konzert von Kalevi Aho wurde sowohl in Finnland wie auch international mit mehreren Preisen ausgezeichnet (Label BIS, mit dem Chamber Orchestra of Lapland).<br \/><br \/>Als eine \u00e4u\u00dferst engagierte Kammermusikerin wird sie gerne auf internationale Festivals eingeladen, und konzertiert mit K\u00fcnstlern wie beispielsweise Miriam Fried, Pekka Kuusisto, Gordan Nikolic, Arto Noras, Frans Helmerson, Alexandre Tharaud und Olli Mustonen.<br \/>Anna Kreetta Gribajcevic war langj\u00e4hrige 1. Solo-Bratschistin des Lahti Symphony Orchestras und hielt zus\u00e4tzlich in mehreren finnischen Orchestern die Position der Solo-Bratschistin inne, wie z. B. im Helsinki Philharmonic Orchestra, im Avanti Chamber Orchestra und im Finnish Chamber Orchestra.<br \/><br \/>F\u00fcr die Labels BIS, Ondine und TYXart spielte sie bereits mehrere CDs ein und ist k\u00fcnstlerische Leiterin des Kammermusikfestivals in Lohja\/ Finnland, welches immer auch selten aufgef\u00fchrten Werken der Kammermusik gewidmet ist.<br \/><br \/>Anna Kreetta Gribajcevic ist seit 2012 Professorin f\u00fcr Viola an der Hochschule f\u00fcr Musik und Theater in Hamburg und unterrichtet auch an der Sibelius Akademie in Helsinki. Gribajcevic spielt eine Viola von Vincenzo Postiglione (ca. 1850)<\/p>\t\t\t\t\t\t\t\t<\/div>\n\t\t\t\t<\/div>\n\t\t\t\t\t<\/div>\n\t\t<\/div>\n\t\t\t\t\t<\/div>\n\t\t<\/section>\n\t\t\t\t<\/div>","protected":false},"excerpt":{"rendered":"<p>Die finnische Bratschistin Anna Kreetta Gribajcevic studierte Viola bei Matti Hirvikangas an der Sibelius Akademie in ihrer Heimatstadt Helsinki, sowie an der Hochschule f\u00fcr Musik Saar bei Prof. Diemut Poppen und an der Hochschule f\u00fcr Musik \u201cHanns Eisler\u201d in Berlin bei Prof. Kim Kashkashian. Dort schloss sie ihr Studium mit dem Konzertexamen mit Auszeichnung ab.Als [&hellip;]<\/p>\n","protected":false},"author":1,"featured_media":0,"parent":0,"menu_order":0,"comment_status":"closed","ping_status":"closed","template":"","meta":{"ocean_post_layout":"","ocean_both_sidebars_style":"","ocean_both_sidebars_content_width":0,"ocean_both_sidebars_sidebars_width":0,"ocean_sidebar":"","ocean_second_sidebar":"","ocean_disable_margins":"enable","ocean_add_body_class":"","ocean_shortcode_before_top_bar":"","ocean_shortcode_after_top_bar":"","ocean_shortcode_before_header":"","ocean_shortcode_after_header":"","ocean_has_shortcode":"","ocean_shortcode_after_title":"","ocean_shortcode_before_footer_widgets":"","ocean_shortcode_after_footer_widgets":"","ocean_shortcode_before_footer_bottom":"","ocean_shortcode_after_footer_bottom":"","ocean_display_top_bar":"default","ocean_display_header":"default","ocean_header_style":"","ocean_center_header_left_menu":"","ocean_custom_header_template":"","ocean_custom_logo":0,"ocean_custom_retina_logo":0,"ocean_custom_logo_max_width":0,"ocean_custom_logo_tablet_max_width":0,"ocean_custom_logo_mobile_max_width":0,"ocean_custom_logo_max_height":0,"ocean_custom_logo_tablet_max_height":0,"ocean_custom_logo_mobile_max_height":0,"ocean_header_custom_menu":"","ocean_menu_typo_font_family":"","ocean_menu_typo_font_subset":"","ocean_menu_typo_font_size":0,"ocean_menu_typo_font_size_tablet":0,"ocean_menu_typo_font_size_mobile":0,"ocean_menu_typo_font_size_unit":"px","ocean_menu_typo_font_weight":"","ocean_menu_typo_font_weight_tablet":"","ocean_menu_typo_font_weight_mobile":"","ocean_menu_typo_transform":"","ocean_menu_typo_transform_tablet":"","ocean_menu_typo_transform_mobile":"","ocean_menu_typo_line_height":0,"ocean_menu_typo_line_height_tablet":0,"ocean_menu_typo_line_height_mobile":0,"ocean_menu_typo_line_height_unit":"","ocean_menu_typo_spacing":0,"ocean_menu_typo_spacing_tablet":0,"ocean_menu_typo_spacing_mobile":0,"ocean_menu_typo_spacing_unit":"","ocean_menu_link_color":"","ocean_menu_link_color_hover":"","ocean_menu_link_color_active":"","ocean_menu_link_background":"","ocean_menu_link_hover_background":"","ocean_menu_link_active_background":"","ocean_menu_social_links_bg":"","ocean_menu_social_hover_links_bg":"","ocean_menu_social_links_color":"","ocean_menu_social_hover_links_color":"","ocean_disable_title":"default","ocean_disable_heading":"default","ocean_post_title":"","ocean_post_subheading":"","ocean_post_title_style":"","ocean_post_title_background_color":"","ocean_post_title_background":0,"ocean_post_title_bg_image_position":"","ocean_post_title_bg_image_attachment":"","ocean_post_title_bg_image_repeat":"","ocean_post_title_bg_image_size":"","ocean_post_title_height":0,"ocean_post_title_bg_overlay":0.5,"ocean_post_title_bg_overlay_color":"","ocean_disable_breadcrumbs":"default","ocean_breadcrumbs_color":"","ocean_breadcrumbs_separator_color":"","ocean_breadcrumbs_links_color":"","ocean_breadcrumbs_links_hover_color":"","ocean_display_footer_widgets":"default","ocean_display_footer_bottom":"default","ocean_custom_footer_template":"","footnotes":""},"class_list":["post-2198","page","type-page","status-publish","hentry","entry"],"_links":{"self":[{"href":"https:\/\/duplexpiano.de\/en\/wp-json\/wp\/v2\/pages\/2198","targetHints":{"allow":["GET"]}}],"collection":[{"href":"https:\/\/duplexpiano.de\/en\/wp-json\/wp\/v2\/pages"}],"about":[{"href":"https:\/\/duplexpiano.de\/en\/wp-json\/wp\/v2\/types\/page"}],"author":[{"embeddable":true,"href":"https:\/\/duplexpiano.de\/en\/wp-json\/wp\/v2\/users\/1"}],"replies":[{"embeddable":true,"href":"https:\/\/duplexpiano.de\/en\/wp-json\/wp\/v2\/comments?post=2198"}],"version-history":[{"count":0,"href":"https:\/\/duplexpiano.de\/en\/wp-json\/wp\/v2\/pages\/2198\/revisions"}],"wp:attachment":[{"href":"https:\/\/duplexpiano.de\/en\/wp-json\/wp\/v2\/media?parent=2198"}],"curies":[{"name":"wp","href":"https:\/\/api.w.org\/{rel}","templated":true}]}}