{"id":2184,"date":"2023-07-10T08:11:07","date_gmt":"2023-07-10T06:11:07","guid":{"rendered":"http:\/\/duplexpiano.de\/?page_id=2184"},"modified":"2023-07-10T08:53:24","modified_gmt":"2023-07-10T06:53:24","slug":"hartmut-rohde-2","status":"publish","type":"page","link":"https:\/\/duplexpiano.de\/en\/hartmut-rohde-2\/","title":{"rendered":"Hartmut Rohde"},"content":{"rendered":"<div data-elementor-type=\"wp-page\" data-elementor-id=\"2184\" class=\"elementor elementor-2184\">\n\t\t\t\t\t\t<section class=\"elementor-section elementor-top-section elementor-element elementor-element-eb668e3 elementor-section-boxed elementor-section-height-default elementor-section-height-default\" data-id=\"eb668e3\" data-element_type=\"section\" data-e-type=\"section\">\n\t\t\t\t\t\t<div class=\"elementor-container elementor-column-gap-default\">\n\t\t\t\t\t<div class=\"elementor-column elementor-col-100 elementor-top-column elementor-element elementor-element-dad25ea\" data-id=\"dad25ea\" data-element_type=\"column\" data-e-type=\"column\">\n\t\t\t<div class=\"elementor-widget-wrap elementor-element-populated\">\n\t\t\t\t\t\t<div class=\"elementor-element elementor-element-be79e58 elementor-widget elementor-widget-image\" data-id=\"be79e58\" data-element_type=\"widget\" data-e-type=\"widget\" data-widget_type=\"image.default\">\n\t\t\t\t<div class=\"elementor-widget-container\">\n\t\t\t\t\t\t\t\t\t\t\t\t\t\t\t<img decoding=\"async\" src=\"https:\/\/duplexpiano.de\/wp-content\/uploads\/2023\/07\/hartmut-rohde-06-copyright-josep-molina-scaled.jpg\" title=\"hartmut-rohde-06-copyright-josep-molina\" alt=\"hartmut-rohde-06-copyright-josep-molina\" loading=\"lazy\" \/>\t\t\t\t\t\t\t\t\t\t\t\t\t\t\t<\/div>\n\t\t\t\t<\/div>\n\t\t\t\t\t<\/div>\n\t\t<\/div>\n\t\t\t\t\t<\/div>\n\t\t<\/section>\n\t\t\t\t<section class=\"elementor-section elementor-top-section elementor-element elementor-element-f641736 elementor-section-full_width elementor-section-height-default elementor-section-height-default\" data-id=\"f641736\" data-element_type=\"section\" data-e-type=\"section\">\n\t\t\t\t\t\t<div class=\"elementor-container elementor-column-gap-default\">\n\t\t\t\t\t<div class=\"elementor-column elementor-col-100 elementor-top-column elementor-element elementor-element-c2cf3cd\" data-id=\"c2cf3cd\" data-element_type=\"column\" data-e-type=\"column\">\n\t\t\t<div class=\"elementor-widget-wrap elementor-element-populated\">\n\t\t\t\t\t\t<div class=\"elementor-element elementor-element-54750fa elementor-widget elementor-widget-text-editor\" data-id=\"54750fa\" data-element_type=\"widget\" data-e-type=\"widget\" data-widget_type=\"text-editor.default\">\n\t\t\t\t<div class=\"elementor-widget-container\">\n\t\t\t\t\t\t\t\t\t<p>Hartmut Rohde begeistert das Publikum durch seine besonderen Klangfarben sowie seine variable musikalische Sprache. Seine Interpretationen sind stets eine affektvolle und elektrisierende Ausleuchtung der Partitur. Ein Hauptinteresse liegt f\u00fcr ihn in der historischen Hinterfragung der verschiedenen Stilrichtungen, der Wirkung der rhetorischen Musiksprache des Barock und der Klassik hinein in die Romantik. Perspektiven und neues Erleben im musikalischen Dialog sind Grundlage der Interpretationen. Nach erfolgreichen Auff\u00fchrungen der Konzerte von Walton, Hindemith, Mozart sowie der Violafassung des Konzerts von Edward Elgar in den letzten Jahren stand eine Erstauff\u00fchrung des Violakonzerts von Gehra unter Reinhard Goebel im Fokus. In der D\u00fcsseldorfer Tonhalle erklang die Fantasie von Hummel sowie das mitrei\u00dfende Andante und Rondo ungarese von Carl Maria von Weber. Mit dem English Symphony Orchestra ist 2020 eine Weltpremiere des Viola Konzerts von Philip Sawyers in London sowie eine CD Einspielung des Violakonzerts von Josef Tal in Zusammenarbeit mit Deutschlandradio Kultur in Planung. Soloauftritte f\u00fchren ihn aktuell nach Brasilien sowie Litauen.<br \/>Als Kammermusiker f\u00fchren Hartmut Rohde Konzerte regelm\u00e4\u00dfig nach Australien, in die USA und nach Kanada, S\u00fcdamerika, Israel, S\u00fcdamerika, Europa oder die Schweiz. Zahlreiche Wettbewerbsauszeichnungen waren die Basis f\u00fcr eine internationale Konzertt\u00e4tigkeit als Solist und Kammermusiker. u. a. mit Heinrich Schiff, David Geringas, Lars Vogt, Daniel Hope, Janine Jansen, Arto Noras, Patrick Gallois, J\u00f6rg Widmann sowie dem Auryn Quartett und dem Artis Quartett. Der Bratschist ist Gr\u00fcndungsmitglied des Mozart Piano Quartets, das zu den weltweit f\u00fchrenden Klavierkammermusikensembles z\u00e4hlt. Das Quartett erhielt im Oktober 2018 den neu geschaffenen OPUS Klassik Preis und wird in 2019-2021 Tourneen nach Asien, S\u00fcdamerika sowie in die USA unternehmen und dort in den wichtigsten Musikzentren auftreten.<br \/>Solistisch konzertiert Hartmut Rohde mit Dirigenten wie Kent Nagano, Pavel Baleff, Werner Stiefel, Paavo J\u00e4rvi, Massimo Zanetti, Christoph Prick und Michael Sanderling. Dar\u00fcber hinaus gastiert er regelm\u00e4\u00dfig in der Carnegie Hall New York, der Wigmore Hall in London, dem Concertgebouw Amsterdam sowie bei den Berliner Festspielen, dem Schleswig-Holstein Musik Festival, den Salzburger Festspielen, den \u201eSpannungen\u201c Heimbach, dem Festival Pablo Casals, Moritzburg Festival, Bantry West Cork Music Festival, Australian Chamber Music Festival und dem Kumho Asiana Festival in Seoul. Sein Engagement f\u00fcr zeitgen\u00f6ssische Musik zeigt sich in der Zusammenarbeit mit Komponisten wie J\u00f6rg Widmann, Detlev Glanert, Brett Dean, Wolfgang Rihm oder Krzystof Penderecki, Garth Knox sowie David Philipp Hefti, S\u00f6ren Nils Eichberg oder Arvydas Malcys.<br \/>Von 2013-2017 war er Dirigent und k\u00fcnstlerischer Leiter des Leopoldinum Chamber Orchestra Wroc\u0142aw (Breslau). Bei Label cpo erscheinen hochgelobte CDs mit Werken von Laks und Jarnach sowie Erich Wolfgang Korngold. Weitere Dirigate f\u00fchrten ihn zum Sinfonieorchester Biel, Sinfonieorchester Lemberg, Sommerakademie Cervo, Aurora Kammerorchester Schweden oder zum Kammorchester Klaipeda. Gastkonzerte gab er in der Berliner Philharmonie, der Tonhalle D\u00fcsseldorf, dem Festival Wratislawia Cantans und dem Casals Festival in Frankreich. Mit dem Franz Liszt Kammerorchester Budapest und der Hamburger Camerata f\u00fchren ihn als Dirigent Konzerte 2019 u.a. in das Konzerthaus Wien oder die Hamburger Musikhalle. Eine Einspielung des Klavierkonzerts von Hans Gal erscheint in 2020 erneut bei cpo. Im September 2019 gastierte Rohde als Dirigent und Solist zur Er\u00f6ffnung des Festivals f\u00fcr neue Musik beim Kammerorchester Klaipeda. Rohde hat im November Beethovens 2. Sinfonie sowie die Zauberfl\u00f6ten-Ouvert\u00fcre von Mozart mit dem Orquestra Filharmonica Projeto in Sao Paulo aufgef\u00fchrt. F\u00fcr 2021 steht Brahms 2. Sinfonie im Mittelpunkt.\u00a0Nach seiner fr\u00fchen Ausbildung bei Christian Pohl sowie dem Studium bei Prof. Hatto Beyerle wurde er bald zu einem der erfolgreichsten europ\u00e4ischen Lehrer und lehrt seit 1993 als Professor an der Universit\u00e4t der K\u00fcnste Berlin. Dar\u00fcber hinaus ist er Ehrenmitglied der Royal Academy of Music in London. Erfolge seiner Studierenden sind u. a. f\u00fchrende Positionen bei den Berliner und M\u00fcnchner Philharmonikern, bei allen Rundfunkorchestern, dem Leipziger Gewandhaus, London, Paris, Rom etc. sowie zahlreiche Preise bei Wettbewerben wie Banff, ARD M\u00fcnchen, Young Concert Artists NY, Mendelssohn Wettbewerb, Brahms Wettbewerb, Genfer Wettbewerb. Er ist k\u00fcnstlerischer Leiter des Internationalen Max Rostal Wettbewerbs Berlin.\u00a0Weitere CD-Aufnahmen liegen bei EMI Classics, Decca, BMG\/Sony, MDG sowie Naxos vor. 2003 erhielt er den Supersonic Award.<br \/>Hartmut Rohde spielt ein Instrument von Ivo Luliano (2016) sowie eine Giuseppe Fiorini (1899).<br \/><br \/>https:\/\/www.hartmut-rohde.de\/<\/p>\t\t\t\t\t\t\t\t<\/div>\n\t\t\t\t<\/div>\n\t\t\t\t\t<\/div>\n\t\t<\/div>\n\t\t\t\t\t<\/div>\n\t\t<\/section>\n\t\t\t\t<\/div>","protected":false},"excerpt":{"rendered":"<p>Hartmut Rohde begeistert das Publikum durch seine besonderen Klangfarben sowie seine variable musikalische Sprache. Seine Interpretationen sind stets eine affektvolle und elektrisierende Ausleuchtung der Partitur. Ein Hauptinteresse liegt f\u00fcr ihn in der historischen Hinterfragung der verschiedenen Stilrichtungen, der Wirkung der rhetorischen Musiksprache des Barock und der Klassik hinein in die Romantik. Perspektiven und neues Erleben [&hellip;]<\/p>\n","protected":false},"author":1,"featured_media":0,"parent":0,"menu_order":0,"comment_status":"closed","ping_status":"closed","template":"","meta":{"ocean_post_layout":"","ocean_both_sidebars_style":"","ocean_both_sidebars_content_width":0,"ocean_both_sidebars_sidebars_width":0,"ocean_sidebar":"","ocean_second_sidebar":"","ocean_disable_margins":"enable","ocean_add_body_class":"","ocean_shortcode_before_top_bar":"","ocean_shortcode_after_top_bar":"","ocean_shortcode_before_header":"","ocean_shortcode_after_header":"","ocean_has_shortcode":"","ocean_shortcode_after_title":"","ocean_shortcode_before_footer_widgets":"","ocean_shortcode_after_footer_widgets":"","ocean_shortcode_before_footer_bottom":"","ocean_shortcode_after_footer_bottom":"","ocean_display_top_bar":"default","ocean_display_header":"default","ocean_header_style":"","ocean_center_header_left_menu":"","ocean_custom_header_template":"","ocean_custom_logo":0,"ocean_custom_retina_logo":0,"ocean_custom_logo_max_width":0,"ocean_custom_logo_tablet_max_width":0,"ocean_custom_logo_mobile_max_width":0,"ocean_custom_logo_max_height":0,"ocean_custom_logo_tablet_max_height":0,"ocean_custom_logo_mobile_max_height":0,"ocean_header_custom_menu":"","ocean_menu_typo_font_family":"","ocean_menu_typo_font_subset":"","ocean_menu_typo_font_size":0,"ocean_menu_typo_font_size_tablet":0,"ocean_menu_typo_font_size_mobile":0,"ocean_menu_typo_font_size_unit":"px","ocean_menu_typo_font_weight":"","ocean_menu_typo_font_weight_tablet":"","ocean_menu_typo_font_weight_mobile":"","ocean_menu_typo_transform":"","ocean_menu_typo_transform_tablet":"","ocean_menu_typo_transform_mobile":"","ocean_menu_typo_line_height":0,"ocean_menu_typo_line_height_tablet":0,"ocean_menu_typo_line_height_mobile":0,"ocean_menu_typo_line_height_unit":"","ocean_menu_typo_spacing":0,"ocean_menu_typo_spacing_tablet":0,"ocean_menu_typo_spacing_mobile":0,"ocean_menu_typo_spacing_unit":"","ocean_menu_link_color":"","ocean_menu_link_color_hover":"","ocean_menu_link_color_active":"","ocean_menu_link_background":"","ocean_menu_link_hover_background":"","ocean_menu_link_active_background":"","ocean_menu_social_links_bg":"","ocean_menu_social_hover_links_bg":"","ocean_menu_social_links_color":"","ocean_menu_social_hover_links_color":"","ocean_disable_title":"default","ocean_disable_heading":"default","ocean_post_title":"","ocean_post_subheading":"","ocean_post_title_style":"","ocean_post_title_background_color":"","ocean_post_title_background":0,"ocean_post_title_bg_image_position":"","ocean_post_title_bg_image_attachment":"","ocean_post_title_bg_image_repeat":"","ocean_post_title_bg_image_size":"","ocean_post_title_height":0,"ocean_post_title_bg_overlay":0.5,"ocean_post_title_bg_overlay_color":"","ocean_disable_breadcrumbs":"default","ocean_breadcrumbs_color":"","ocean_breadcrumbs_separator_color":"","ocean_breadcrumbs_links_color":"","ocean_breadcrumbs_links_hover_color":"","ocean_display_footer_widgets":"default","ocean_display_footer_bottom":"default","ocean_custom_footer_template":"","footnotes":""},"class_list":["post-2184","page","type-page","status-publish","hentry","entry"],"_links":{"self":[{"href":"https:\/\/duplexpiano.de\/en\/wp-json\/wp\/v2\/pages\/2184","targetHints":{"allow":["GET"]}}],"collection":[{"href":"https:\/\/duplexpiano.de\/en\/wp-json\/wp\/v2\/pages"}],"about":[{"href":"https:\/\/duplexpiano.de\/en\/wp-json\/wp\/v2\/types\/page"}],"author":[{"embeddable":true,"href":"https:\/\/duplexpiano.de\/en\/wp-json\/wp\/v2\/users\/1"}],"replies":[{"embeddable":true,"href":"https:\/\/duplexpiano.de\/en\/wp-json\/wp\/v2\/comments?post=2184"}],"version-history":[{"count":0,"href":"https:\/\/duplexpiano.de\/en\/wp-json\/wp\/v2\/pages\/2184\/revisions"}],"wp:attachment":[{"href":"https:\/\/duplexpiano.de\/en\/wp-json\/wp\/v2\/media?parent=2184"}],"curies":[{"name":"wp","href":"https:\/\/api.w.org\/{rel}","templated":true}]}}