{"id":21,"date":"2021-02-08T19:32:58","date_gmt":"2021-02-08T18:32:58","guid":{"rendered":"http:\/\/duplexpiano.de\/?page_id=21"},"modified":"2025-10-23T18:02:42","modified_gmt":"2025-10-23T16:02:42","slug":"foerderer","status":"publish","type":"page","link":"https:\/\/duplexpiano.de\/en\/foerderer\/","title":{"rendered":"Sponsors"},"content":{"rendered":"<div data-elementor-type=\"wp-page\" data-elementor-id=\"21\" class=\"elementor elementor-21\">\n\t\t\t\t\t\t<section class=\"elementor-section elementor-top-section elementor-element elementor-element-46a617f elementor-section-full_width elementor-section-height-default elementor-section-height-default\" data-id=\"46a617f\" data-element_type=\"section\" data-e-type=\"section\">\n\t\t\t\t\t\t<div class=\"elementor-container elementor-column-gap-default\">\n\t\t\t\t\t<div class=\"elementor-column elementor-col-100 elementor-top-column elementor-element elementor-element-6b9f799\" data-id=\"6b9f799\" data-element_type=\"column\" data-e-type=\"column\">\n\t\t\t<div class=\"elementor-widget-wrap elementor-element-populated\">\n\t\t\t\t\t\t<div class=\"elementor-element elementor-element-13ae225 elementor-widget__width-initial elementor-widget elementor-widget-text-editor\" data-id=\"13ae225\" data-element_type=\"widget\" data-e-type=\"widget\" data-widget_type=\"text-editor.default\">\n\t\t\t\t<div class=\"elementor-widget-container\">\n\t\t\t\t\t\t\t\t\t<p><strong>Wir <\/strong><strong>danken den F\u00f6rderern und Partnern der Konzertreihe in der Elbphilharmonie Saison 2025:<\/strong><br>Heikedine K\u00f6rting-Beurmann<br>Hans-Otto und Engelke Sch\u00fcmann Stiftung<br>Hans Br\u00f6kel Stiftung<br>GVL<br>Funk Stiftung<br>Henrik und Emanuel Moor Stiftung<br>Georg-Plate-Stiftung<br>Dwight und Ursula Mamlok-Stiftung<br>Deutscher Tonk\u00fcnstlerverband Hamburg, Tr\u00e4ger der Konzertreihe<\/p>\n<p><strong>Wir danken den F\u00f6rderern und Partnern der Konzertreihe in der Elbphilharmonie Saison 2023\/2024:<\/strong><br>Heikedine K\u00f6rting-Beurmann<br>Hans-Otto und Engelke Sch\u00fcmann Stiftung<br>Hans Br\u00f6kel Stiftung<br>Brougier-Seisser-Cleve-Werhahn-Stiftung<br>GVL<br>Henrik und Emanuel Moor Stiftung<br>Eberhard Stiftung<br>Deutscher Tonk\u00fcnstlerverband Hamburg, Tr\u00e4ger der Konzertreihe<\/p>\n<p><strong>Wir danken den F\u00f6rderern, die die Wiederentdeckung des Duplex Pianos erm\u00f6glichten:<\/strong> <br>Heikedine K\u00f6rting-Beurmann<br>ZEIT-Stiftung Ebelin und Gerd Buccerius<br>Hans Br\u00f6kel Stiftung<br>Henrik und Emanuel Moor Stiftung<br>Feldtmann kulturell<br>Matzen Stiftung<br>GVL<br>Berthold Leibinger Stiftung<br>Prof. Dr. Max Urban<br>Deutschlandradio<br>Museum f\u00fcr Kunst und Gewerbe Hamburg<\/p>\t\t\t\t\t\t\t\t<\/div>\n\t\t\t\t<\/div>\n\t\t\t\t\t<\/div>\n\t\t<\/div>\n\t\t\t\t\t<\/div>\n\t\t<\/section>\n\t\t\t\t<\/div>","protected":false},"excerpt":{"rendered":"<p>Wir danken den F\u00f6rderern und Partnern der Konzertreihe in der Elbphilharmonie Saison 2025:Heikedine K\u00f6rting-BeurmannHans-Otto und Engelke Sch\u00fcmann StiftungHans Br\u00f6kel StiftungGVLFunk StiftungHenrik und Emanuel Moor StiftungGeorg-Plate-StiftungDwight und Ursula Mamlok-StiftungDeutscher Tonk\u00fcnstlerverband Hamburg, Tr\u00e4ger der Konzertreihe Wir danken den F\u00f6rderern und Partnern der Konzertreihe in der Elbphilharmonie Saison 2023\/2024:Heikedine K\u00f6rting-BeurmannHans-Otto und Engelke Sch\u00fcmann StiftungHans Br\u00f6kel StiftungBrougier-Seisser-Cleve-Werhahn-StiftungGVLHenrik und Emanuel [&hellip;]<\/p>\n","protected":false},"author":1,"featured_media":0,"parent":0,"menu_order":0,"comment_status":"closed","ping_status":"closed","template":"","meta":{"ocean_post_layout":"","ocean_both_sidebars_style":"","ocean_both_sidebars_content_width":0,"ocean_both_sidebars_sidebars_width":0,"ocean_sidebar":"","ocean_second_sidebar":"","ocean_disable_margins":"enable","ocean_add_body_class":"","ocean_shortcode_before_top_bar":"","ocean_shortcode_after_top_bar":"","ocean_shortcode_before_header":"","ocean_shortcode_after_header":"","ocean_has_shortcode":"","ocean_shortcode_after_title":"","ocean_shortcode_before_footer_widgets":"","ocean_shortcode_after_footer_widgets":"","ocean_shortcode_before_footer_bottom":"","ocean_shortcode_after_footer_bottom":"","ocean_display_top_bar":"default","ocean_display_header":"default","ocean_header_style":"","ocean_center_header_left_menu":"","ocean_custom_header_template":"","ocean_custom_logo":0,"ocean_custom_retina_logo":0,"ocean_custom_logo_max_width":0,"ocean_custom_logo_tablet_max_width":0,"ocean_custom_logo_mobile_max_width":0,"ocean_custom_logo_max_height":0,"ocean_custom_logo_tablet_max_height":0,"ocean_custom_logo_mobile_max_height":0,"ocean_header_custom_menu":"","ocean_menu_typo_font_family":"","ocean_menu_typo_font_subset":"","ocean_menu_typo_font_size":0,"ocean_menu_typo_font_size_tablet":0,"ocean_menu_typo_font_size_mobile":0,"ocean_menu_typo_font_size_unit":"px","ocean_menu_typo_font_weight":"","ocean_menu_typo_font_weight_tablet":"","ocean_menu_typo_font_weight_mobile":"","ocean_menu_typo_transform":"","ocean_menu_typo_transform_tablet":"","ocean_menu_typo_transform_mobile":"","ocean_menu_typo_line_height":0,"ocean_menu_typo_line_height_tablet":0,"ocean_menu_typo_line_height_mobile":0,"ocean_menu_typo_line_height_unit":"","ocean_menu_typo_spacing":0,"ocean_menu_typo_spacing_tablet":0,"ocean_menu_typo_spacing_mobile":0,"ocean_menu_typo_spacing_unit":"","ocean_menu_link_color":"","ocean_menu_link_color_hover":"","ocean_menu_link_color_active":"","ocean_menu_link_background":"","ocean_menu_link_hover_background":"","ocean_menu_link_active_background":"","ocean_menu_social_links_bg":"","ocean_menu_social_hover_links_bg":"","ocean_menu_social_links_color":"","ocean_menu_social_hover_links_color":"","ocean_disable_title":"default","ocean_disable_heading":"default","ocean_post_title":"","ocean_post_subheading":"","ocean_post_title_style":"","ocean_post_title_background_color":"","ocean_post_title_background":0,"ocean_post_title_bg_image_position":"","ocean_post_title_bg_image_attachment":"","ocean_post_title_bg_image_repeat":"","ocean_post_title_bg_image_size":"","ocean_post_title_height":0,"ocean_post_title_bg_overlay":0.5,"ocean_post_title_bg_overlay_color":"","ocean_disable_breadcrumbs":"default","ocean_breadcrumbs_color":"","ocean_breadcrumbs_separator_color":"","ocean_breadcrumbs_links_color":"","ocean_breadcrumbs_links_hover_color":"","ocean_display_footer_widgets":"default","ocean_display_footer_bottom":"default","ocean_custom_footer_template":"","footnotes":""},"class_list":["post-21","page","type-page","status-publish","hentry","entry"],"_links":{"self":[{"href":"https:\/\/duplexpiano.de\/en\/wp-json\/wp\/v2\/pages\/21","targetHints":{"allow":["GET"]}}],"collection":[{"href":"https:\/\/duplexpiano.de\/en\/wp-json\/wp\/v2\/pages"}],"about":[{"href":"https:\/\/duplexpiano.de\/en\/wp-json\/wp\/v2\/types\/page"}],"author":[{"embeddable":true,"href":"https:\/\/duplexpiano.de\/en\/wp-json\/wp\/v2\/users\/1"}],"replies":[{"embeddable":true,"href":"https:\/\/duplexpiano.de\/en\/wp-json\/wp\/v2\/comments?post=21"}],"version-history":[{"count":0,"href":"https:\/\/duplexpiano.de\/en\/wp-json\/wp\/v2\/pages\/21\/revisions"}],"wp:attachment":[{"href":"https:\/\/duplexpiano.de\/en\/wp-json\/wp\/v2\/media?parent=21"}],"curies":[{"name":"wp","href":"https:\/\/api.w.org\/{rel}","templated":true}]}}