{"id":1542,"date":"2022-02-09T19:38:47","date_gmt":"2022-02-09T18:38:47","guid":{"rendered":"http:\/\/duplexpiano.de\/?page_id=1542"},"modified":"2022-02-09T19:41:31","modified_gmt":"2022-02-09T18:41:31","slug":"sophia-jaffe","status":"publish","type":"page","link":"https:\/\/duplexpiano.de\/en\/sophia-jaffe\/","title":{"rendered":"Sophia Jaff\u00e9"},"content":{"rendered":"<div data-elementor-type=\"wp-post\" data-elementor-id=\"1542\" class=\"elementor elementor-1542\">\n\t\t\t\t\t\t<section class=\"elementor-section elementor-top-section elementor-element elementor-element-c9d19bf elementor-section-full_width elementor-section-height-default elementor-section-height-default\" data-id=\"c9d19bf\" data-element_type=\"section\" data-e-type=\"section\">\n\t\t\t\t\t\t<div class=\"elementor-container elementor-column-gap-default\">\n\t\t\t\t\t<div class=\"elementor-column elementor-col-66 elementor-top-column elementor-element elementor-element-bca3a8c\" data-id=\"bca3a8c\" data-element_type=\"column\" data-e-type=\"column\">\n\t\t\t<div class=\"elementor-widget-wrap elementor-element-populated\">\n\t\t\t\t\t\t<div class=\"elementor-element elementor-element-051c21b elementor-widget elementor-widget-text-editor\" data-id=\"051c21b\" data-element_type=\"widget\" data-e-type=\"widget\" data-widget_type=\"text-editor.default\">\n\t\t\t\t<div class=\"elementor-widget-container\">\n\t\t\t\t\t\t\t\t\t<p>Geboren\u00a0in einer Musikerfamilie in Berlin, trat Sophia Jaff\u00e9 im Alter von\u00a0sieben Jahren zum ersten Mal\u00a0\u00f6ffentlich im Kammermusiksaal der Berliner\u00a0Philharmonie auf.\u00a0<br \/>Seitdem gewann sie zahlreiche Preise bei zun\u00e4chst\u00a0nationalen und sp\u00e4ter bei internationalen\u00a0Wettbewerben, wie z.B. dem\u00a0Leopold Mozart Wettbewerb Augsburg, dem Concours de Gen\u00e8ve, beim\u00a0Deutschen Musikwettbewerb sowie beim Concours Reine Elisabeth Br\u00fcssel.<br \/><br \/>Sophia Jaff\u00e9s breitgef\u00e4chertes Solorepertoire allein mit\u00a0Orchester\u00a0umfasst mittlerweile um die 70 Werke des 17.\u00a0Jahrhunderts bis hin zu\u00a0zeitgen\u00f6ssischen Werken. Sie\u00a0arbeitet dabei immer wieder mit heutigen\u00a0Komponisten\u00a0zusammen, wie Slavomir Horinka, dessen Violinkonzert\u00a0sie\u00a0urauff\u00fchrte und John Casken, dessen Violinkonzert sie\u00a0mit dem Hall\u00e9\u00a0Symphony Orchestra Manchester auf CD\u00a0einspielte.<br \/>Auch Rarit\u00e4ten des\u00a0Repertoires wie Musik von Emil von\u00a0Reznicek, dessen Konzertst\u00fcck sie mit\u00a0dem RSB Berlin\u00a0unter Leitung von Marcus Bosch in Kooperation mit\u00a0Deutschlandradio Kultur aufnahm, sowie Werke zur Zeit\u00a0des 3. Reichs\u00a0verfemter Komponisten wie Erich Jaques\u00a0Wolff (1909) oder Konzerte von\u00a0Mozarts Zeitgenossen\u00a0Myslive\u010dek und Rosetti brachte sie zu Geh\u00f6r.<br \/><br \/>Ihre Konzertt\u00e4tigkeit f\u00fchrt sie als Solistin zur\u00a0Zusammenarbeit mit\u00a0renommierten Orchestern, wie dem\u00a0RSB und DSO Berlin, den\u00a0Kammerorchestern Stuttgart,\u00a0M\u00fcnchen, Heilbronn, dem Mozarteum Orchester\u00a0Salzburg, dem Bruckner Symphonie Orchester Linz, dem\u00a0Hall\u00e9 Symphony\u00a0Orchester Manchester, dem\u00a0Sinfonieorchester Basel, dem Orchestre de la\u00a0Suisse\u00a0Romande, der Tschechischen Philharmonie Prag, sowie\u00a0dem National\u00a0Symphonie Orchester Br\u00fcssel, etc.<br \/>Bei zahlreichen internationalen\u00a0Festivals war sie zu Gast,\u00a0wie in Ludwigsburg, im Rheingau, dem\u00a0Concentus\u00a0Moravie\/Tschechien, den Passauer Musikwochen, dem\u00a0Bachfest\u00a0Leipzig, sowie in Delft und vielen mehr.<br \/><br \/>Des Weiteren wird im Herbst 2022 eine CD mit ihrem\u00a0langj\u00e4hirgen\u00a0Kammermusikpartner Bj\u00f6rn Lehmann mit\u00a0Brahms Sonaten und den Romanzen von\u00a0Clara Schumann\u00a0erscheinen.<br \/><br \/>Sophia Jaff\u00e9 unterrichtet seit 2011 als Professorin eine\u00a0Violinklasse\u00a0an der Hochschule f\u00fcr Musik und\u00a0Darstellende Kunst Frankfurt am Main.<br \/><br \/>www.sophiajaffe.com<\/p>\t\t\t\t\t\t\t\t<\/div>\n\t\t\t\t<\/div>\n\t\t\t\t\t<\/div>\n\t\t<\/div>\n\t\t\t\t<div class=\"elementor-column elementor-col-33 elementor-top-column elementor-element elementor-element-eb03ad8\" data-id=\"eb03ad8\" data-element_type=\"column\" data-e-type=\"column\">\n\t\t\t<div class=\"elementor-widget-wrap elementor-element-populated\">\n\t\t\t\t\t\t<div class=\"elementor-element elementor-element-8f4bf7e elementor-widget elementor-widget-image\" data-id=\"8f4bf7e\" data-element_type=\"widget\" data-e-type=\"widget\" data-widget_type=\"image.default\">\n\t\t\t\t<div class=\"elementor-widget-container\">\n\t\t\t\t\t\t\t\t\t\t\t\t\t\t\t<img fetchpriority=\"high\" decoding=\"async\" width=\"1024\" height=\"796\" src=\"http:\/\/duplexpiano.de\/wp-content\/uploads\/2022\/02\/Sophia_Download\u00a9Ire\u0300neZandel-1024x796.jpg\" class=\"attachment-large size-large wp-image-1532\" alt=\"\" srcset=\"http:\/\/duplexpiano.de\/wp-content\/uploads\/2022\/02\/Sophia_Download\u00a9Ire\u0300neZandel-1024x796.jpg 1024w, http:\/\/duplexpiano.de\/wp-content\/uploads\/2022\/02\/Sophia_Download\u00a9Ire\u0300neZandel-300x233.jpg 300w, http:\/\/duplexpiano.de\/wp-content\/uploads\/2022\/02\/Sophia_Download\u00a9Ire\u0300neZandel-768x597.jpg 768w, http:\/\/duplexpiano.de\/wp-content\/uploads\/2022\/02\/Sophia_Download\u00a9Ire\u0300neZandel-1536x1194.jpg 1536w, http:\/\/duplexpiano.de\/wp-content\/uploads\/2022\/02\/Sophia_Download\u00a9Ire\u0300neZandel-2048x1591.jpg 2048w, http:\/\/duplexpiano.de\/wp-content\/uploads\/2022\/02\/Sophia_Download\u00a9Ire\u0300neZandel-16x12.jpg 16w\" sizes=\"(max-width: 1024px) 100vw, 1024px\" \/>\t\t\t\t\t\t\t\t\t\t\t\t\t\t\t<\/div>\n\t\t\t\t<\/div>\n\t\t\t\t\t<\/div>\n\t\t<\/div>\n\t\t\t\t\t<\/div>\n\t\t<\/section>\n\t\t\t\t<\/div>","protected":false},"excerpt":{"rendered":"<p>Geboren\u00a0in einer Musikerfamilie in Berlin, trat Sophia Jaff\u00e9 im Alter von\u00a0sieben Jahren zum ersten Mal\u00a0\u00f6ffentlich im Kammermusiksaal der Berliner\u00a0Philharmonie auf.\u00a0Seitdem gewann sie zahlreiche Preise bei zun\u00e4chst\u00a0nationalen und sp\u00e4ter bei internationalen\u00a0Wettbewerben, wie z.B. dem\u00a0Leopold Mozart Wettbewerb Augsburg, dem Concours de Gen\u00e8ve, beim\u00a0Deutschen Musikwettbewerb sowie beim Concours Reine Elisabeth Br\u00fcssel. Sophia Jaff\u00e9s breitgef\u00e4chertes Solorepertoire allein mit\u00a0Orchester\u00a0umfasst mittlerweile [&hellip;]<\/p>\n","protected":false},"author":1,"featured_media":0,"parent":0,"menu_order":0,"comment_status":"closed","ping_status":"closed","template":"","meta":{"ocean_post_layout":"","ocean_both_sidebars_style":"","ocean_both_sidebars_content_width":0,"ocean_both_sidebars_sidebars_width":0,"ocean_sidebar":"","ocean_second_sidebar":"","ocean_disable_margins":"enable","ocean_add_body_class":"","ocean_shortcode_before_top_bar":"","ocean_shortcode_after_top_bar":"","ocean_shortcode_before_header":"","ocean_shortcode_after_header":"","ocean_has_shortcode":"","ocean_shortcode_after_title":"","ocean_shortcode_before_footer_widgets":"","ocean_shortcode_after_footer_widgets":"","ocean_shortcode_before_footer_bottom":"","ocean_shortcode_after_footer_bottom":"","ocean_display_top_bar":"default","ocean_display_header":"default","ocean_header_style":"","ocean_center_header_left_menu":"","ocean_custom_header_template":"","ocean_custom_logo":0,"ocean_custom_retina_logo":0,"ocean_custom_logo_max_width":0,"ocean_custom_logo_tablet_max_width":0,"ocean_custom_logo_mobile_max_width":0,"ocean_custom_logo_max_height":0,"ocean_custom_logo_tablet_max_height":0,"ocean_custom_logo_mobile_max_height":0,"ocean_header_custom_menu":"","ocean_menu_typo_font_family":"","ocean_menu_typo_font_subset":"","ocean_menu_typo_font_size":0,"ocean_menu_typo_font_size_tablet":0,"ocean_menu_typo_font_size_mobile":0,"ocean_menu_typo_font_size_unit":"px","ocean_menu_typo_font_weight":"","ocean_menu_typo_font_weight_tablet":"","ocean_menu_typo_font_weight_mobile":"","ocean_menu_typo_transform":"","ocean_menu_typo_transform_tablet":"","ocean_menu_typo_transform_mobile":"","ocean_menu_typo_line_height":0,"ocean_menu_typo_line_height_tablet":0,"ocean_menu_typo_line_height_mobile":0,"ocean_menu_typo_line_height_unit":"","ocean_menu_typo_spacing":0,"ocean_menu_typo_spacing_tablet":0,"ocean_menu_typo_spacing_mobile":0,"ocean_menu_typo_spacing_unit":"","ocean_menu_link_color":"","ocean_menu_link_color_hover":"","ocean_menu_link_color_active":"","ocean_menu_link_background":"","ocean_menu_link_hover_background":"","ocean_menu_link_active_background":"","ocean_menu_social_links_bg":"","ocean_menu_social_hover_links_bg":"","ocean_menu_social_links_color":"","ocean_menu_social_hover_links_color":"","ocean_disable_title":"default","ocean_disable_heading":"default","ocean_post_title":"","ocean_post_subheading":"","ocean_post_title_style":"","ocean_post_title_background_color":"","ocean_post_title_background":0,"ocean_post_title_bg_image_position":"","ocean_post_title_bg_image_attachment":"","ocean_post_title_bg_image_repeat":"","ocean_post_title_bg_image_size":"","ocean_post_title_height":0,"ocean_post_title_bg_overlay":0.5,"ocean_post_title_bg_overlay_color":"","ocean_disable_breadcrumbs":"default","ocean_breadcrumbs_color":"","ocean_breadcrumbs_separator_color":"","ocean_breadcrumbs_links_color":"","ocean_breadcrumbs_links_hover_color":"","ocean_display_footer_widgets":"default","ocean_display_footer_bottom":"default","ocean_custom_footer_template":"","footnotes":""},"class_list":["post-1542","page","type-page","status-publish","hentry","entry"],"_links":{"self":[{"href":"https:\/\/duplexpiano.de\/en\/wp-json\/wp\/v2\/pages\/1542","targetHints":{"allow":["GET"]}}],"collection":[{"href":"https:\/\/duplexpiano.de\/en\/wp-json\/wp\/v2\/pages"}],"about":[{"href":"https:\/\/duplexpiano.de\/en\/wp-json\/wp\/v2\/types\/page"}],"author":[{"embeddable":true,"href":"https:\/\/duplexpiano.de\/en\/wp-json\/wp\/v2\/users\/1"}],"replies":[{"embeddable":true,"href":"https:\/\/duplexpiano.de\/en\/wp-json\/wp\/v2\/comments?post=1542"}],"version-history":[{"count":0,"href":"https:\/\/duplexpiano.de\/en\/wp-json\/wp\/v2\/pages\/1542\/revisions"}],"wp:attachment":[{"href":"https:\/\/duplexpiano.de\/en\/wp-json\/wp\/v2\/media?parent=1542"}],"curies":[{"name":"wp","href":"https:\/\/api.w.org\/{rel}","templated":true}]}}