{"id":1224,"date":"2021-05-04T23:22:32","date_gmt":"2021-05-04T21:22:32","guid":{"rendered":"http:\/\/duplexpiano.de\/?page_id=1224"},"modified":"2022-01-23T17:43:41","modified_gmt":"2022-01-23T16:43:41","slug":"on-tour","status":"publish","type":"page","link":"https:\/\/duplexpiano.de\/en\/on-tour\/","title":{"rendered":"On Tour"},"content":{"rendered":"<div data-elementor-type=\"wp-page\" data-elementor-id=\"1224\" class=\"elementor elementor-1224\">\n\t\t\t\t\t\t<section class=\"elementor-section elementor-top-section elementor-element elementor-element-815633f elementor-section-full_width elementor-section-height-default elementor-section-height-default\" data-id=\"815633f\" data-element_type=\"section\" data-e-type=\"section\">\n\t\t\t\t\t\t<div class=\"elementor-container elementor-column-gap-default\">\n\t\t\t\t\t<div class=\"elementor-column elementor-col-100 elementor-top-column elementor-element elementor-element-171c781\" data-id=\"171c781\" data-element_type=\"column\" data-e-type=\"column\">\n\t\t\t<div class=\"elementor-widget-wrap elementor-element-populated\">\n\t\t\t\t\t\t<div class=\"elementor-element elementor-element-6c73582 elementor-widget elementor-widget-text-editor\" data-id=\"6c73582\" data-element_type=\"widget\" data-e-type=\"widget\" data-widget_type=\"text-editor.default\">\n\t\t\t\t<div class=\"elementor-widget-container\">\n\t\t\t\t\t\t\t\t\t<p>Florian Uhlig und David Stromberg haben sich mit dem Bratscher Hartmut Rohde zusammen getan. Gemeinsam bringen Sie neue Kl\u00e4nge und Visionen in die Konzerts\u00e4le und f\u00fchren das Duplex Coupler Grand Piano nach einem langen Dornr\u00f6schenschlaf auf die B\u00fchne zur\u00fcck.<\/p>\t\t\t\t\t\t\t\t<\/div>\n\t\t\t\t<\/div>\n\t\t\t\t\t<\/div>\n\t\t<\/div>\n\t\t\t\t\t<\/div>\n\t\t<\/section>\n\t\t\t\t<section class=\"elementor-section elementor-top-section elementor-element elementor-element-8184b7e elementor-section-boxed elementor-section-height-default elementor-section-height-default\" data-id=\"8184b7e\" data-element_type=\"section\" data-e-type=\"section\">\n\t\t\t\t\t\t<div class=\"elementor-container elementor-column-gap-default\">\n\t\t\t\t\t<div class=\"elementor-column elementor-col-100 elementor-top-column elementor-element elementor-element-5764c93\" data-id=\"5764c93\" data-element_type=\"column\" data-e-type=\"column\">\n\t\t\t<div class=\"elementor-widget-wrap elementor-element-populated\">\n\t\t\t\t\t\t<div class=\"elementor-element elementor-element-4491006 elementor-widget elementor-widget-spacer\" data-id=\"4491006\" data-element_type=\"widget\" data-e-type=\"widget\" data-widget_type=\"spacer.default\">\n\t\t\t\t<div class=\"elementor-widget-container\">\n\t\t\t\t\t\t\t<div class=\"elementor-spacer\">\n\t\t\t<div class=\"elementor-spacer-inner\"><\/div>\n\t\t<\/div>\n\t\t\t\t\t\t<\/div>\n\t\t\t\t<\/div>\n\t\t\t\t\t<\/div>\n\t\t<\/div>\n\t\t\t\t\t<\/div>\n\t\t<\/section>\n\t\t\t\t<section class=\"elementor-section elementor-top-section elementor-element elementor-element-f169a2d elementor-section-full_width elementor-section-height-default elementor-section-height-default\" data-id=\"f169a2d\" data-element_type=\"section\" data-e-type=\"section\">\n\t\t\t\t\t\t\t<div class=\"elementor-background-overlay\"><\/div>\n\t\t\t\t\t\t\t<div class=\"elementor-container elementor-column-gap-default\">\n\t\t\t\t\t<div class=\"elementor-column elementor-col-25 elementor-top-column elementor-element elementor-element-7847db5\" data-id=\"7847db5\" data-element_type=\"column\" data-e-type=\"column\">\n\t\t\t<div class=\"elementor-widget-wrap\">\n\t\t\t\t\t\t\t<\/div>\n\t\t<\/div>\n\t\t\t\t<div class=\"elementor-column elementor-col-25 elementor-top-column elementor-element elementor-element-ef7b14f\" data-id=\"ef7b14f\" data-element_type=\"column\" data-e-type=\"column\">\n\t\t\t<div class=\"elementor-widget-wrap elementor-element-populated\">\n\t\t\t\t\t\t<div class=\"elementor-element elementor-element-90f6905 elementor-widget elementor-widget-image\" data-id=\"90f6905\" data-element_type=\"widget\" data-e-type=\"widget\" data-widget_type=\"image.default\">\n\t\t\t\t<div class=\"elementor-widget-container\">\n\t\t\t\t\t\t\t\t\t\t\t\t\t\t\t<img fetchpriority=\"high\" decoding=\"async\" width=\"1500\" height=\"1001\" src=\"https:\/\/duplexpiano.de\/wp-content\/uploads\/2021\/05\/hartmut-rohde-viola-01-1500.jpg\" class=\"attachment-1536x1536 size-1536x1536 wp-image-1221\" alt=\"\" srcset=\"https:\/\/duplexpiano.de\/wp-content\/uploads\/2021\/05\/hartmut-rohde-viola-01-1500.jpg 1500w, https:\/\/duplexpiano.de\/wp-content\/uploads\/2021\/05\/hartmut-rohde-viola-01-1500-300x200.jpg 300w, https:\/\/duplexpiano.de\/wp-content\/uploads\/2021\/05\/hartmut-rohde-viola-01-1500-1024x683.jpg 1024w, https:\/\/duplexpiano.de\/wp-content\/uploads\/2021\/05\/hartmut-rohde-viola-01-1500-768x513.jpg 768w\" sizes=\"(max-width: 1500px) 100vw, 1500px\" \/>\t\t\t\t\t\t\t\t\t\t\t\t\t\t\t<\/div>\n\t\t\t\t<\/div>\n\t\t\t\t\t<\/div>\n\t\t<\/div>\n\t\t\t\t<div class=\"elementor-column elementor-col-25 elementor-top-column elementor-element elementor-element-2cedd8c\" data-id=\"2cedd8c\" data-element_type=\"column\" data-e-type=\"column\">\n\t\t\t<div class=\"elementor-widget-wrap elementor-element-populated\">\n\t\t\t\t\t\t<div class=\"elementor-element elementor-element-4fa6497 elementor-widget elementor-widget-image\" data-id=\"4fa6497\" data-element_type=\"widget\" data-e-type=\"widget\" data-widget_type=\"image.default\">\n\t\t\t\t<div class=\"elementor-widget-container\">\n\t\t\t\t\t\t\t\t\t\t\t\t\t\t\t<img decoding=\"async\" width=\"731\" height=\"1024\" src=\"https:\/\/duplexpiano.de\/wp-content\/uploads\/2021\/05\/Blaibach-erster-Schulterblick-credit-Raimar-von-Wienskowski-95-731x1024.jpg\" class=\"attachment-large size-large wp-image-1223\" alt=\"\" srcset=\"https:\/\/duplexpiano.de\/wp-content\/uploads\/2021\/05\/Blaibach-erster-Schulterblick-credit-Raimar-von-Wienskowski-95-731x1024.jpg 731w, https:\/\/duplexpiano.de\/wp-content\/uploads\/2021\/05\/Blaibach-erster-Schulterblick-credit-Raimar-von-Wienskowski-95-214x300.jpg 214w, https:\/\/duplexpiano.de\/wp-content\/uploads\/2021\/05\/Blaibach-erster-Schulterblick-credit-Raimar-von-Wienskowski-95-768x1075.jpg 768w, https:\/\/duplexpiano.de\/wp-content\/uploads\/2021\/05\/Blaibach-erster-Schulterblick-credit-Raimar-von-Wienskowski-95-1097x1536.jpg 1097w, https:\/\/duplexpiano.de\/wp-content\/uploads\/2021\/05\/Blaibach-erster-Schulterblick-credit-Raimar-von-Wienskowski-95-1463x2048.jpg 1463w, https:\/\/duplexpiano.de\/wp-content\/uploads\/2021\/05\/Blaibach-erster-Schulterblick-credit-Raimar-von-Wienskowski-95-scaled.jpg 1828w\" sizes=\"(max-width: 731px) 100vw, 731px\" \/>\t\t\t\t\t\t\t\t\t\t\t\t\t\t\t<\/div>\n\t\t\t\t<\/div>\n\t\t\t\t\t<\/div>\n\t\t<\/div>\n\t\t\t\t<div class=\"elementor-column elementor-col-25 elementor-top-column elementor-element elementor-element-c6390be\" data-id=\"c6390be\" data-element_type=\"column\" data-e-type=\"column\">\n\t\t\t<div class=\"elementor-widget-wrap elementor-element-populated\">\n\t\t\t\t\t\t<div class=\"elementor-element elementor-element-ba75595 elementor-widget elementor-widget-image\" data-id=\"ba75595\" data-element_type=\"widget\" data-e-type=\"widget\" data-widget_type=\"image.default\">\n\t\t\t\t<div class=\"elementor-widget-container\">\n\t\t\t\t\t\t\t\t\t\t\t\t\t\t\t<img decoding=\"async\" width=\"1024\" height=\"778\" src=\"https:\/\/duplexpiano.de\/wp-content\/uploads\/2021\/05\/florian_uhlig_001-1024x778.jpg\" class=\"attachment-large size-large wp-image-1222\" alt=\"\" srcset=\"https:\/\/duplexpiano.de\/wp-content\/uploads\/2021\/05\/florian_uhlig_001-1024x778.jpg 1024w, https:\/\/duplexpiano.de\/wp-content\/uploads\/2021\/05\/florian_uhlig_001-300x228.jpg 300w, https:\/\/duplexpiano.de\/wp-content\/uploads\/2021\/05\/florian_uhlig_001-768x584.jpg 768w, https:\/\/duplexpiano.de\/wp-content\/uploads\/2021\/05\/florian_uhlig_001-1536x1167.jpg 1536w, https:\/\/duplexpiano.de\/wp-content\/uploads\/2021\/05\/florian_uhlig_001-2048x1556.jpg 2048w\" sizes=\"(max-width: 1024px) 100vw, 1024px\" \/>\t\t\t\t\t\t\t\t\t\t\t\t\t\t\t<\/div>\n\t\t\t\t<\/div>\n\t\t\t\t\t<\/div>\n\t\t<\/div>\n\t\t\t\t\t<\/div>\n\t\t<\/section>\n\t\t\t\t<section class=\"elementor-section elementor-top-section elementor-element elementor-element-e3c0279 elementor-section-boxed elementor-section-height-default elementor-section-height-default\" data-id=\"e3c0279\" data-element_type=\"section\" data-e-type=\"section\">\n\t\t\t\t\t\t<div class=\"elementor-container elementor-column-gap-default\">\n\t\t\t\t\t<div class=\"elementor-column elementor-col-100 elementor-top-column elementor-element elementor-element-29ce0da\" data-id=\"29ce0da\" data-element_type=\"column\" data-e-type=\"column\">\n\t\t\t<div class=\"elementor-widget-wrap elementor-element-populated\">\n\t\t\t\t\t\t<div class=\"elementor-element elementor-element-1ab149a elementor-widget elementor-widget-spacer\" data-id=\"1ab149a\" data-element_type=\"widget\" data-e-type=\"widget\" data-widget_type=\"spacer.default\">\n\t\t\t\t<div class=\"elementor-widget-container\">\n\t\t\t\t\t\t\t<div class=\"elementor-spacer\">\n\t\t\t<div class=\"elementor-spacer-inner\"><\/div>\n\t\t<\/div>\n\t\t\t\t\t\t<\/div>\n\t\t\t\t<\/div>\n\t\t\t\t\t<\/div>\n\t\t<\/div>\n\t\t\t\t\t<\/div>\n\t\t<\/section>\n\t\t\t\t<section class=\"elementor-section elementor-top-section elementor-element elementor-element-ccadb7f elementor-section-full_width elementor-section-height-default elementor-section-height-default\" data-id=\"ccadb7f\" data-element_type=\"section\" data-e-type=\"section\">\n\t\t\t\t\t\t<div class=\"elementor-container elementor-column-gap-default\">\n\t\t\t\t\t<div class=\"elementor-column elementor-col-100 elementor-top-column elementor-element elementor-element-44e31d7\" data-id=\"44e31d7\" data-element_type=\"column\" data-e-type=\"column\">\n\t\t\t<div class=\"elementor-widget-wrap elementor-element-populated\">\n\t\t\t\t\t\t<div class=\"elementor-element elementor-element-a481bee elementor-widget elementor-widget-text-editor\" data-id=\"a481bee\" data-element_type=\"widget\" data-e-type=\"widget\" data-widget_type=\"text-editor.default\">\n\t\t\t\t<div class=\"elementor-widget-container\">\n\t\t\t\t\t\t\t\t\t<p><b>Compositions overview<\/b><\/p>\n<p><b>Quartets - original works<\/b><\/p>\n<p><b>Johannes Brahms<\/b><br>Piano Quartet No. 3 in C minor, Op. 60 (32 min)<\/p>\n<p><b>Camille Saint-Saens<\/b><br>Piano quartet No. 2 in B flat major, Op. 41 for violin, viola, cello and piano (32 min)<\/p>\n<p><b>Robert Schumann<\/b><br>Piano quartet in E flat major, op.47. (27 min)<\/p>\n<p><b>&nbsp;<\/b><\/p>\n<p><b>Quartets - arrangements<\/b><\/p>\n<p><b>Arnold Sch\u00f6nberg<\/b><br>\"Verkl\u00e4rte Nacht\" Sextet op.4 (1899) in the arrangement for piano quartet by Christoph Schickedanz (34 min)<\/p>\n<div>\n<p><b>Johannes Brahms<\/b><br>Symphony No. 3 in F major op.90<br>arranged for piano quartet by Andreas N. Tarkmann (35 min)<\/p>\n<div>\n<p><b>Ludwig van Beethoven<\/b><br>Symphony No. 3, Op. 50. Eroica<br>arranged for piano quartet by Ferdinand Ries (55 min)<\/p>\n<p><b>&nbsp;<\/b><\/p>\n<p><b>Sonatas<\/b><\/p>\n<p><b>Emanuel Mo\u00f3r<\/b><br>Sonata No. 5 op.54 for violin and piano (25 min)<\/p>\n<p>Romance op.196 for viola and piano (12 min)<\/p>\n<p>Sonata op.22 for cello and piano (25 min)<\/p>\n<p><b>Johannes Brahms<\/b><br>Sonata for Viola and Piano No. 2 in E flat major op.120 (20 min)<\/p>\n<p><b>Robert Schumann, Albert Dietrich und Johannes Brahms<\/b><br>F. A. E. Sonata for violin and piano (FAE: Frei-Aber-Einsam, Free-But-Lonely) (26 min.)<\/p>\n<\/div>\n<\/div>\t\t\t\t\t\t\t\t<\/div>\n\t\t\t\t<\/div>\n\t\t\t\t\t<\/div>\n\t\t<\/div>\n\t\t\t\t\t<\/div>\n\t\t<\/section>\n\t\t\t\t<section class=\"elementor-section elementor-top-section elementor-element elementor-element-0a6fef9 elementor-section-boxed elementor-section-height-default elementor-section-height-default\" data-id=\"0a6fef9\" data-element_type=\"section\" data-e-type=\"section\">\n\t\t\t\t\t\t<div class=\"elementor-container elementor-column-gap-default\">\n\t\t\t\t\t<div class=\"elementor-column elementor-col-100 elementor-top-column elementor-element elementor-element-b2c184c\" data-id=\"b2c184c\" data-element_type=\"column\" data-e-type=\"column\">\n\t\t\t<div class=\"elementor-widget-wrap elementor-element-populated\">\n\t\t\t\t\t\t<div class=\"elementor-element elementor-element-d79d944 elementor-widget elementor-widget-spacer\" data-id=\"d79d944\" data-element_type=\"widget\" data-e-type=\"widget\" data-widget_type=\"spacer.default\">\n\t\t\t\t<div class=\"elementor-widget-container\">\n\t\t\t\t\t\t\t<div class=\"elementor-spacer\">\n\t\t\t<div class=\"elementor-spacer-inner\"><\/div>\n\t\t<\/div>\n\t\t\t\t\t\t<\/div>\n\t\t\t\t<\/div>\n\t\t\t\t\t<\/div>\n\t\t<\/div>\n\t\t\t\t\t<\/div>\n\t\t<\/section>\n\t\t\t\t<section class=\"elementor-section elementor-top-section elementor-element elementor-element-3d238fe elementor-section-full_width elementor-section-height-default elementor-section-height-default\" data-id=\"3d238fe\" data-element_type=\"section\" data-e-type=\"section\">\n\t\t\t\t\t\t<div class=\"elementor-container elementor-column-gap-default\">\n\t\t\t\t\t<div class=\"elementor-column elementor-col-50 elementor-top-column elementor-element elementor-element-6e92745\" data-id=\"6e92745\" data-element_type=\"column\" data-e-type=\"column\">\n\t\t\t<div class=\"elementor-widget-wrap elementor-element-populated\">\n\t\t\t\t\t\t\t<\/div>\n\t\t<\/div>\n\t\t\t\t<div class=\"elementor-column elementor-col-50 elementor-top-column elementor-element elementor-element-1dfce36\" data-id=\"1dfce36\" data-element_type=\"column\" data-e-type=\"column\">\n\t\t\t<div class=\"elementor-widget-wrap elementor-element-populated\">\n\t\t\t\t\t\t<div class=\"elementor-element elementor-element-e32e9d0 elementor-widget elementor-widget-text-editor\" data-id=\"e32e9d0\" data-element_type=\"widget\" data-e-type=\"widget\" data-widget_type=\"text-editor.default\">\n\t\t\t\t<div class=\"elementor-widget-container\">\n\t\t\t\t\t\t\t\t\t<p><b>Hartmut Rohde<\/b> begeistert das Publikum durch seine besonderen Klangfarben sowie seine variable musikalische Sprache. Seine Interpretationen\u00a0sind stets eine affektvolle und elektrisierende Ausleuchtung der Partitur. Ein Hauptinteresse liegt f\u00fcr ihn in der historischen Hinterfragung der\u00a0verschiedenen Stilrichtungen, der Wirkung der rhetorischen Musiksprache des Barock und der Klassik hinein in die Romantik. Perspektiven und\u00a0neues Erleben im musikalischen Dialog sind Grundlage der Interpretationen. Nach erfolgreichen Auff\u00fchrungen der Konzerte von Walton,\u00a0Hindemith, Mozart sowie der Violafassung des Konzerts von Edward Elgar in den letzten Jahren stand eine Erstauff\u00fchrung des Violakonzerts von\u00a0Gehra unter Reinhard Goebel im Fokus. In der D\u00fcsseldorfer Tonhalle erklang die Fantasie von Hummel sowie das mitrei\u00dfende Andante und Rondo\u00a0ungarese von Carl Maria von Weber. Mit dem English Symphony Orchestra ist 2020 eine Weltpremiere des Viola Konzerts von Philip Sawyers in\u00a0London sowie eine CD Einspielung des Violakonzerts von Josef Tal in Zusammenarbeit mit Deutschlandradio Kultur in Planung. Soloauftritte f\u00fchren\u00a0ihn aktuell nach Brasilien sowie Litauen.<\/p><p>Als Kammermusiker f\u00fchren Hartmut Rohde Konzerte regelm\u00e4\u00dfig nach Australien, in die USA und nach Kanada, S\u00fcdamerika, Israel, S\u00fcdamerika,\u00a0Europa oder die Schweiz. Zahlreiche Wettbewerbsauszeichnungen waren die Basis f\u00fcr eine internationale Konzertt\u00e4tigkeit als Solist und\u00a0Kammermusiker. u. a. mit Heinrich Schiff, David Geringas, Lars Vogt, Daniel Hope, Janine Jansen, Arto Noras, Patrick Gallois, J\u00f6rg Widmann sowie\u00a0dem Auryn Quartett und dem Artis Quartett. Der Bratschist ist Gr\u00fcndungsmitglied des Mozart Piano Quartets, das zu den weltweit f\u00fchrenden\u00a0Klavierkammermusikensembles z\u00e4hlt. Das Quartett erhielt im Oktober 2018 den neu geschaffenen OPUS Klassik Preis und wird in 2019-2021\u00a0Tourneen nach Asien, S\u00fcdamerika sowie in die USA unternehmen und dort in den wichtigsten Musikzentren auftreten.<\/p><p>Solistisch konzertiert Hartmut Rohde mit Dirigenten wie Kent Nagano, Pavel Baleff, Werner Stiefel, Paavo J\u00e4rvi, Massimo Zanetti, Christoph Prick\u00a0und Michael Sanderling. Dar\u00fcber hinaus gastiert er regelm\u00e4\u00dfig in der Carnegie Hall New York, der Wigmore Hall in London, dem Concertgebouw\u00a0Amsterdam sowie bei den Berliner Festspielen, dem Schleswig-Holstein Musik Festival, den Salzburger Festspielen, den \u201eSpannungen\u201c Heimbach,\u00a0dem Festival Pablo Casals, Moritzburg Festival, Bantry West Cork Music Festival, Australian Chamber Music Festival und dem Kumho Asiana\u00a0Festival in Seoul. Sein Engagement f\u00fcr zeitgen\u00f6ssische Musik zeigt sich in der Zusammenarbeit mit Komponisten wie J\u00f6rg Widmann, Detlev Glanert,\u00a0Brett Dean, Wolfgang Rihm oder Krzystof Penderecki, Garth Knox sowie David Philipp Hefti, S\u00f6ren Nils Eichberg oder Arvydas Malcys.<\/p><p>Von 2013-2017 war er Dirigent und k\u00fcnstlerischer Leiter des Leopoldinum Chamber Orchestra Wroc\u0142aw (Breslau). Bei Label cpo erscheinen\u00a0hochgelobte CDs mit Werken von Laks und Jarnach sowie Erich Wolfgang Korngold. Weitere Dirigate f\u00fchrten ihn zum Sinfonieorchester Biel,\u00a0Sinfonieorchester Lemberg, Sommerakademie Cervo, Aurora Kammerorchester Schweden oder zum Kammorchester Klaipeda. Gastkonzerte gab er\u00a0in der Berliner Philharmonie, der Tonhalle D\u00fcsseldorf, dem Festival Wratislawia Cantans und dem Casals Festival in Frankreich. Mit dem Franz\u00a0Liszt Kammerorchester Budapest und der Hamburger Camerata f\u00fchren ihn als Dirigent Konzerte 2019 u.a. in das Konzerthaus Wien oder die\u00a0Hamburger Musikhalle. Eine Einspielung des Klavierkonzerts von Hans Gal erscheint in 2020 erneut bei cpo. Im September 2019 gastierte Rohde\u00a0als Dirigent und Solist zur Er\u00f6ffnung des Festivals f\u00fcr neue Musik beim Kammerorchester Klaipeda. Rohde hat im November Beethovens 2. Sinfonie\u00a0sowie die Zauberfl\u00f6ten-Ouvert\u00fcre von Mozart mit dem Orquestra Filharmonica Projeto in Sao Paulo aufgef\u00fchrt. F\u00fcr 2021 steht Brahms 2. Sinfonie\u00a0im Mittelpunkt.<\/p><p>Nach seiner fr\u00fchen Ausbildung bei Christian Pohl sowie dem Studium bei Prof. Hatto Beyerle wurde er bald zu einem der erfolgreichsten\u00a0europ\u00e4ischen Lehrer und lehrt seit 1993 als Professor an der Universit\u00e4t der K\u00fcnste Berlin. Dar\u00fcber hinaus ist er Ehrenmitglied der Royal Academy\u00a0of Music in London. Erfolge seiner Studierenden sind u. a. f\u00fchrende Positionen bei den Berliner und M\u00fcnchner Philharmonikern, bei allen\u00a0Rundfunkorchestern, dem Leipziger Gewandhaus, London, Paris, Rom etc. sowie zahlreiche Preise bei Wettbewerben wie Banff, ARD M\u00fcnchen,\u00a0Young Concert Artists NY, Mendelssohn Wettbewerb, Brahms Wettbewerb, Genfer Wettbewerb. Er ist k\u00fcnstlerischer Leiter des Internationalen Max\u00a0Rostal Wettbewerbs Berlin.<\/p><p>Weitere CD-Aufnahmen liegen bei EMI Classics, Decca, BMG\/Sony, MDG sowie Naxos vor. 2003 erhielt er den Supersonic Award.<\/p><p>Hartmut Rohde spielt ein Instrument von Ivo Luliano (2016) sowie eine Giuseppe Fiorini (1899).<\/p>\t\t\t\t\t\t\t\t<\/div>\n\t\t\t\t<\/div>\n\t\t\t\t\t<\/div>\n\t\t<\/div>\n\t\t\t\t\t<\/div>\n\t\t<\/section>\n\t\t\t\t<\/div>","protected":false},"excerpt":{"rendered":"<p>Florian Uhlig und David Stromberg haben sich mit dem Bratscher Hartmut Rohde zusammen getan. Gemeinsam bringen Sie neue Kl\u00e4nge und Visionen in die Konzerts\u00e4le und f\u00fchren das Duplex Coupler Grand Piano nach einem langen Dornr\u00f6schenschlaf auf die B\u00fchne zur\u00fcck. Werk\u00fcbersicht Quartette &#8211; Originalwerke Johannes BrahmsKlavier Quartett No. 3 in C minor, Op. 60 (32 Min) [&hellip;]<\/p>\n","protected":false},"author":1,"featured_media":0,"parent":0,"menu_order":0,"comment_status":"closed","ping_status":"closed","template":"","meta":{"ocean_post_layout":"","ocean_both_sidebars_style":"","ocean_both_sidebars_content_width":0,"ocean_both_sidebars_sidebars_width":0,"ocean_sidebar":"","ocean_second_sidebar":"","ocean_disable_margins":"enable","ocean_add_body_class":"","ocean_shortcode_before_top_bar":"","ocean_shortcode_after_top_bar":"","ocean_shortcode_before_header":"","ocean_shortcode_after_header":"","ocean_has_shortcode":"","ocean_shortcode_after_title":"","ocean_shortcode_before_footer_widgets":"","ocean_shortcode_after_footer_widgets":"","ocean_shortcode_before_footer_bottom":"","ocean_shortcode_after_footer_bottom":"","ocean_display_top_bar":"default","ocean_display_header":"default","ocean_header_style":"","ocean_center_header_left_menu":"","ocean_custom_header_template":"","ocean_custom_logo":0,"ocean_custom_retina_logo":0,"ocean_custom_logo_max_width":0,"ocean_custom_logo_tablet_max_width":0,"ocean_custom_logo_mobile_max_width":0,"ocean_custom_logo_max_height":0,"ocean_custom_logo_tablet_max_height":0,"ocean_custom_logo_mobile_max_height":0,"ocean_header_custom_menu":"","ocean_menu_typo_font_family":"","ocean_menu_typo_font_subset":"","ocean_menu_typo_font_size":0,"ocean_menu_typo_font_size_tablet":0,"ocean_menu_typo_font_size_mobile":0,"ocean_menu_typo_font_size_unit":"px","ocean_menu_typo_font_weight":"","ocean_menu_typo_font_weight_tablet":"","ocean_menu_typo_font_weight_mobile":"","ocean_menu_typo_transform":"","ocean_menu_typo_transform_tablet":"","ocean_menu_typo_transform_mobile":"","ocean_menu_typo_line_height":0,"ocean_menu_typo_line_height_tablet":0,"ocean_menu_typo_line_height_mobile":0,"ocean_menu_typo_line_height_unit":"","ocean_menu_typo_spacing":0,"ocean_menu_typo_spacing_tablet":0,"ocean_menu_typo_spacing_mobile":0,"ocean_menu_typo_spacing_unit":"","ocean_menu_link_color":"","ocean_menu_link_color_hover":"","ocean_menu_link_color_active":"","ocean_menu_link_background":"","ocean_menu_link_hover_background":"","ocean_menu_link_active_background":"","ocean_menu_social_links_bg":"","ocean_menu_social_hover_links_bg":"","ocean_menu_social_links_color":"","ocean_menu_social_hover_links_color":"","ocean_disable_title":"default","ocean_disable_heading":"default","ocean_post_title":"","ocean_post_subheading":"","ocean_post_title_style":"","ocean_post_title_background_color":"","ocean_post_title_background":0,"ocean_post_title_bg_image_position":"","ocean_post_title_bg_image_attachment":"","ocean_post_title_bg_image_repeat":"","ocean_post_title_bg_image_size":"","ocean_post_title_height":0,"ocean_post_title_bg_overlay":0.5,"ocean_post_title_bg_overlay_color":"","ocean_disable_breadcrumbs":"default","ocean_breadcrumbs_color":"","ocean_breadcrumbs_separator_color":"","ocean_breadcrumbs_links_color":"","ocean_breadcrumbs_links_hover_color":"","ocean_display_footer_widgets":"default","ocean_display_footer_bottom":"default","ocean_custom_footer_template":"","footnotes":""},"class_list":["post-1224","page","type-page","status-publish","hentry","entry"],"_links":{"self":[{"href":"https:\/\/duplexpiano.de\/en\/wp-json\/wp\/v2\/pages\/1224","targetHints":{"allow":["GET"]}}],"collection":[{"href":"https:\/\/duplexpiano.de\/en\/wp-json\/wp\/v2\/pages"}],"about":[{"href":"https:\/\/duplexpiano.de\/en\/wp-json\/wp\/v2\/types\/page"}],"author":[{"embeddable":true,"href":"https:\/\/duplexpiano.de\/en\/wp-json\/wp\/v2\/users\/1"}],"replies":[{"embeddable":true,"href":"https:\/\/duplexpiano.de\/en\/wp-json\/wp\/v2\/comments?post=1224"}],"version-history":[{"count":0,"href":"https:\/\/duplexpiano.de\/en\/wp-json\/wp\/v2\/pages\/1224\/revisions"}],"wp:attachment":[{"href":"https:\/\/duplexpiano.de\/en\/wp-json\/wp\/v2\/media?parent=1224"}],"curies":[{"name":"wp","href":"https:\/\/api.w.org\/{rel}","templated":true}]}}