{"id":36,"date":"2021-02-08T19:35:43","date_gmt":"2021-02-08T18:35:43","guid":{"rendered":"http:\/\/duplexpiano.de\/?page_id=36"},"modified":"2025-12-04T18:28:05","modified_gmt":"2025-12-04T17:28:05","slug":"erfinder","status":"publish","type":"page","link":"http:\/\/duplexpiano.de\/en\/erfinder\/","title":{"rendered":"Inventor"},"content":{"rendered":"<div data-elementor-type=\"wp-page\" data-elementor-id=\"36\" class=\"elementor elementor-36\">\n\t\t\t\t\t\t<section class=\"elementor-section elementor-top-section elementor-element elementor-element-8a96956 elementor-section-full_width elementor-section-height-default elementor-section-height-default\" data-id=\"8a96956\" data-element_type=\"section\" data-e-type=\"section\">\n\t\t\t\t\t\t<div class=\"elementor-container elementor-column-gap-default\">\n\t\t\t\t\t<div class=\"elementor-column elementor-col-100 elementor-top-column elementor-element elementor-element-b7b4e43\" data-id=\"b7b4e43\" data-element_type=\"column\" data-e-type=\"column\">\n\t\t\t<div class=\"elementor-widget-wrap elementor-element-populated\">\n\t\t\t\t\t\t<div class=\"elementor-element elementor-element-43af37a elementor-widget elementor-widget-spacer\" data-id=\"43af37a\" data-element_type=\"widget\" data-e-type=\"widget\" data-widget_type=\"spacer.default\">\n\t\t\t\t<div class=\"elementor-widget-container\">\n\t\t\t\t\t\t\t<div class=\"elementor-spacer\">\n\t\t\t<div class=\"elementor-spacer-inner\"><\/div>\n\t\t<\/div>\n\t\t\t\t\t\t<\/div>\n\t\t\t\t<\/div>\n\t\t\t\t<div class=\"elementor-element elementor-element-db6284f elementor-widget elementor-widget-text-editor\" data-id=\"db6284f\" data-element_type=\"widget\" data-e-type=\"widget\" data-widget_type=\"text-editor.default\">\n\t\t\t\t<div class=\"elementor-widget-container\">\n\t\t\t\t\t\t\t\t\t<p><em>\"It is the greatest achievement in piano making since the invention of the fortepiano\" <\/em><\/p><p>Wilhelm Backhaus <br \/>The History of the Emanuel Mo\u00f3r Keyboard, 1978<\/p><p><i>\"I do not hesitate for a moment to say what a strong impression the Mo\u00f3r grand piano has made on me. It is not only the richness of sound, never thought possible, which is created by the coupling and the octavations, but it is above all the stimulus for the creation of new piano literature in combination with the technical innovations that has made the greatest impression on me.\"<\/i><\/p><p>Bruno Walter<br \/>The History of the Emanuel Mo\u00f3r Keyboard, 1978<\/p>\t\t\t\t\t\t\t\t<\/div>\n\t\t\t\t<\/div>\n\t\t\t\t<div class=\"elementor-element elementor-element-f3afa14 elementor-widget elementor-widget-spacer\" data-id=\"f3afa14\" data-element_type=\"widget\" data-e-type=\"widget\" data-widget_type=\"spacer.default\">\n\t\t\t\t<div class=\"elementor-widget-container\">\n\t\t\t\t\t\t\t<div class=\"elementor-spacer\">\n\t\t\t<div class=\"elementor-spacer-inner\"><\/div>\n\t\t<\/div>\n\t\t\t\t\t\t<\/div>\n\t\t\t\t<\/div>\n\t\t\t\t\t<\/div>\n\t\t<\/div>\n\t\t\t\t\t<\/div>\n\t\t<\/section>\n\t\t\t\t<section class=\"elementor-section elementor-top-section elementor-element elementor-element-8965582 elementor-section-full_width elementor-section-height-default elementor-section-height-default\" data-id=\"8965582\" data-element_type=\"section\" data-e-type=\"section\">\n\t\t\t\t\t\t<div class=\"elementor-container elementor-column-gap-default\">\n\t\t\t\t\t<div class=\"elementor-column elementor-col-33 elementor-top-column elementor-element elementor-element-c185831\" data-id=\"c185831\" data-element_type=\"column\" data-e-type=\"column\">\n\t\t\t<div class=\"elementor-widget-wrap elementor-element-populated\">\n\t\t\t\t\t\t<div class=\"elementor-element elementor-element-d51edbd elementor-widget elementor-widget-text-editor\" data-id=\"d51edbd\" data-element_type=\"widget\" data-e-type=\"widget\" data-widget_type=\"text-editor.default\">\n\t\t\t\t<div class=\"elementor-widget-container\">\n\t\t\t\t\t\t\t\t\t<p>In the middle of his life, Emanuel Mo\u00f3r stopped composing and became an inventor. He had a vision to expand the piano sound and create new ways of playing the piano. He developed the Duplex Coupler Grand Piano. Pleyel, Bechstein, Steinway, B\u00f6sendorfer: they all built this piano and saw potential in it. Today, there are only a few playable examples left.<\/p>\n<p>Mo\u00f3r's second wife, Winifred Christie, toured the world as a soloist, playing a two-manual Mo\u00f3r grand piano. For example, in November 1927 she played Beethoven's Emperor Concerto and the Chopin Concerto with the Berlin Philharmonic under Bruno Walter in Berlin. In December she performed in Paris and on 8 January 1928 she played the two-manual piano in Vienna with the Vienna Philharmonic, again conducted by Bruno Walter. She performed under Willem Mengelberg at the Concertgebouw Amsterdam. Winifred Christie made her debut at Carnegie Hall in New York in 1930 with the Mo\u00f3r grand piano.<\/p>\n<p>Alfred Cortot established a piano class for this instrument in Paris. Werner von Siemens had a Mo\u00f3r grand piano built by Steinway, which was then played in the concert hall of his villa in Berlin.<\/p>\n<p>The project \"The Duplex Coupler Grand Piano\" delves into an exciting chapter of music history. And the most important personalities of the time play a role in it.<\/p>\t\t\t\t\t\t\t\t<\/div>\n\t\t\t\t<\/div>\n\t\t\t\t\t<\/div>\n\t\t<\/div>\n\t\t\t\t<div class=\"elementor-column elementor-col-66 elementor-top-column elementor-element elementor-element-264221c\" data-id=\"264221c\" data-element_type=\"column\" data-e-type=\"column\">\n\t\t\t<div class=\"elementor-widget-wrap elementor-element-populated\">\n\t\t\t\t\t\t<div class=\"elementor-element elementor-element-410743a elementor-widget elementor-widget-image\" data-id=\"410743a\" data-element_type=\"widget\" data-e-type=\"widget\" data-widget_type=\"image.default\">\n\t\t\t\t<div class=\"elementor-widget-container\">\n\t\t\t\t\t\t\t\t\t\t\t\t<figure class=\"wp-caption\">\n\t\t\t\t\t\t\t\t\t\t<img fetchpriority=\"high\" decoding=\"async\" width=\"1024\" height=\"1011\" src=\"http:\/\/duplexpiano.de\/wp-content\/uploads\/2021\/03\/Moor-am-Duplex-1024x1011.jpeg\" class=\"attachment-large size-large wp-image-201\" alt=\"\" srcset=\"http:\/\/duplexpiano.de\/wp-content\/uploads\/2021\/03\/Moor-am-Duplex-1024x1011.jpeg 1024w, http:\/\/duplexpiano.de\/wp-content\/uploads\/2021\/03\/Moor-am-Duplex-300x296.jpeg 300w, http:\/\/duplexpiano.de\/wp-content\/uploads\/2021\/03\/Moor-am-Duplex-768x758.jpeg 768w, http:\/\/duplexpiano.de\/wp-content\/uploads\/2021\/03\/Moor-am-Duplex-1536x1517.jpeg 1536w, http:\/\/duplexpiano.de\/wp-content\/uploads\/2021\/03\/Moor-am-Duplex-2048x2022.jpeg 2048w, http:\/\/duplexpiano.de\/wp-content\/uploads\/2021\/03\/Moor-am-Duplex-61x60.jpeg 61w\" sizes=\"(max-width: 1024px) 100vw, 1024px\" \/>\t\t\t\t\t\t\t\t\t\t\t<figcaption class=\"widget-image-caption wp-caption-text\">Emanuel around 1925<\/figcaption>\n\t\t\t\t\t\t\t\t\t\t<\/figure>\n\t\t\t\t\t\t\t\t\t<\/div>\n\t\t\t\t<\/div>\n\t\t\t\t<div class=\"elementor-element elementor-element-4bc9278 elementor-widget elementor-widget-image\" data-id=\"4bc9278\" data-element_type=\"widget\" data-e-type=\"widget\" data-widget_type=\"image.default\">\n\t\t\t\t<div class=\"elementor-widget-container\">\n\t\t\t\t\t\t\t\t\t\t\t\t<figure class=\"wp-caption\">\n\t\t\t\t\t\t\t\t\t\t<img decoding=\"async\" width=\"1024\" height=\"939\" src=\"http:\/\/duplexpiano.de\/wp-content\/uploads\/2021\/03\/Winifred.v1-1024x939.jpg\" class=\"attachment-large size-large wp-image-768\" alt=\"\" srcset=\"http:\/\/duplexpiano.de\/wp-content\/uploads\/2021\/03\/Winifred.v1-1024x939.jpg 1024w, http:\/\/duplexpiano.de\/wp-content\/uploads\/2021\/03\/Winifred.v1-300x275.jpg 300w, http:\/\/duplexpiano.de\/wp-content\/uploads\/2021\/03\/Winifred.v1-768x704.jpg 768w, http:\/\/duplexpiano.de\/wp-content\/uploads\/2021\/03\/Winifred.v1.jpg 1510w\" sizes=\"(max-width: 1024px) 100vw, 1024px\" \/>\t\t\t\t\t\t\t\t\t\t\t<figcaption class=\"widget-image-caption wp-caption-text\">Winifred<\/figcaption>\n\t\t\t\t\t\t\t\t\t\t<\/figure>\n\t\t\t\t\t\t\t\t\t<\/div>\n\t\t\t\t<\/div>\n\t\t\t\t\t<\/div>\n\t\t<\/div>\n\t\t\t\t\t<\/div>\n\t\t<\/section>\n\t\t\t\t<section class=\"elementor-section elementor-top-section elementor-element elementor-element-c62c2c9 elementor-section-full_width elementor-section-height-default elementor-section-height-default\" data-id=\"c62c2c9\" data-element_type=\"section\" data-e-type=\"section\">\n\t\t\t\t\t\t<div class=\"elementor-container elementor-column-gap-default\">\n\t\t\t\t\t<div class=\"elementor-column elementor-col-100 elementor-top-column elementor-element elementor-element-026a4e8\" data-id=\"026a4e8\" data-element_type=\"column\" data-e-type=\"column\">\n\t\t\t<div class=\"elementor-widget-wrap elementor-element-populated\">\n\t\t\t\t\t\t\t<\/div>\n\t\t<\/div>\n\t\t\t\t\t<\/div>\n\t\t<\/section>\n\t\t\t\t<\/div>","protected":false},"excerpt":{"rendered":"<p>&#8222;Es ist die gr\u00f6\u00dfte Errungenschaft im Klavierbau seit der Erfindung des Hammerfl\u00fcgels&#8220; Wilhelm Backhaus The History of the Emanuel Mo\u00f3r Keyboard, 1978 \u201eIch z\u00f6gere nicht einen Moment zu sagen, welch einen starken Eindruck der Mo\u00f3r-Fl\u00fcgel auf mich gemacht hat. Es ist nicht nur die nie f\u00fcr m\u00f6glich gehaltene F\u00fclle des Klangs, die durch die Kopplung [&hellip;]<\/p>\n","protected":false},"author":1,"featured_media":0,"parent":0,"menu_order":0,"comment_status":"closed","ping_status":"closed","template":"","meta":{"ocean_post_layout":"","ocean_both_sidebars_style":"","ocean_both_sidebars_content_width":0,"ocean_both_sidebars_sidebars_width":0,"ocean_sidebar":"","ocean_second_sidebar":"","ocean_disable_margins":"enable","ocean_add_body_class":"","ocean_shortcode_before_top_bar":"","ocean_shortcode_after_top_bar":"","ocean_shortcode_before_header":"","ocean_shortcode_after_header":"","ocean_has_shortcode":"","ocean_shortcode_after_title":"","ocean_shortcode_before_footer_widgets":"","ocean_shortcode_after_footer_widgets":"","ocean_shortcode_before_footer_bottom":"","ocean_shortcode_after_footer_bottom":"","ocean_display_top_bar":"default","ocean_display_header":"default","ocean_header_style":"","ocean_center_header_left_menu":"","ocean_custom_header_template":"","ocean_custom_logo":0,"ocean_custom_retina_logo":0,"ocean_custom_logo_max_width":0,"ocean_custom_logo_tablet_max_width":0,"ocean_custom_logo_mobile_max_width":0,"ocean_custom_logo_max_height":0,"ocean_custom_logo_tablet_max_height":0,"ocean_custom_logo_mobile_max_height":0,"ocean_header_custom_menu":"","ocean_menu_typo_font_family":"","ocean_menu_typo_font_subset":"","ocean_menu_typo_font_size":0,"ocean_menu_typo_font_size_tablet":0,"ocean_menu_typo_font_size_mobile":0,"ocean_menu_typo_font_size_unit":"px","ocean_menu_typo_font_weight":"","ocean_menu_typo_font_weight_tablet":"","ocean_menu_typo_font_weight_mobile":"","ocean_menu_typo_transform":"","ocean_menu_typo_transform_tablet":"","ocean_menu_typo_transform_mobile":"","ocean_menu_typo_line_height":0,"ocean_menu_typo_line_height_tablet":0,"ocean_menu_typo_line_height_mobile":0,"ocean_menu_typo_line_height_unit":"","ocean_menu_typo_spacing":0,"ocean_menu_typo_spacing_tablet":0,"ocean_menu_typo_spacing_mobile":0,"ocean_menu_typo_spacing_unit":"","ocean_menu_link_color":"","ocean_menu_link_color_hover":"","ocean_menu_link_color_active":"","ocean_menu_link_background":"","ocean_menu_link_hover_background":"","ocean_menu_link_active_background":"","ocean_menu_social_links_bg":"","ocean_menu_social_hover_links_bg":"","ocean_menu_social_links_color":"","ocean_menu_social_hover_links_color":"","ocean_disable_title":"default","ocean_disable_heading":"default","ocean_post_title":"","ocean_post_subheading":"","ocean_post_title_style":"","ocean_post_title_background_color":"","ocean_post_title_background":0,"ocean_post_title_bg_image_position":"","ocean_post_title_bg_image_attachment":"","ocean_post_title_bg_image_repeat":"","ocean_post_title_bg_image_size":"","ocean_post_title_height":0,"ocean_post_title_bg_overlay":0.5,"ocean_post_title_bg_overlay_color":"","ocean_disable_breadcrumbs":"default","ocean_breadcrumbs_color":"","ocean_breadcrumbs_separator_color":"","ocean_breadcrumbs_links_color":"","ocean_breadcrumbs_links_hover_color":"","ocean_display_footer_widgets":"default","ocean_display_footer_bottom":"default","ocean_custom_footer_template":"","footnotes":""},"class_list":["post-36","page","type-page","status-publish","hentry","entry"],"_links":{"self":[{"href":"http:\/\/duplexpiano.de\/en\/wp-json\/wp\/v2\/pages\/36","targetHints":{"allow":["GET"]}}],"collection":[{"href":"http:\/\/duplexpiano.de\/en\/wp-json\/wp\/v2\/pages"}],"about":[{"href":"http:\/\/duplexpiano.de\/en\/wp-json\/wp\/v2\/types\/page"}],"author":[{"embeddable":true,"href":"http:\/\/duplexpiano.de\/en\/wp-json\/wp\/v2\/users\/1"}],"replies":[{"embeddable":true,"href":"http:\/\/duplexpiano.de\/en\/wp-json\/wp\/v2\/comments?post=36"}],"version-history":[{"count":0,"href":"http:\/\/duplexpiano.de\/en\/wp-json\/wp\/v2\/pages\/36\/revisions"}],"wp:attachment":[{"href":"http:\/\/duplexpiano.de\/en\/wp-json\/wp\/v2\/media?parent=36"}],"curies":[{"name":"wp","href":"https:\/\/api.w.org\/{rel}","templated":true}]}}