{"id":2188,"date":"2023-07-10T08:11:50","date_gmt":"2023-07-10T06:11:50","guid":{"rendered":"http:\/\/duplexpiano.de\/?page_id=2188"},"modified":"2023-07-10T08:49:21","modified_gmt":"2023-07-10T06:49:21","slug":"niklas-liepe","status":"publish","type":"page","link":"http:\/\/duplexpiano.de\/en\/niklas-liepe\/","title":{"rendered":"Niklas Liepe"},"content":{"rendered":"<div data-elementor-type=\"wp-page\" data-elementor-id=\"2188\" class=\"elementor elementor-2188\">\n\t\t\t\t\t\t<section class=\"elementor-section elementor-top-section elementor-element elementor-element-b89c619 elementor-section-boxed elementor-section-height-default elementor-section-height-default\" data-id=\"b89c619\" data-element_type=\"section\" data-e-type=\"section\">\n\t\t\t\t\t\t<div class=\"elementor-container elementor-column-gap-default\">\n\t\t\t\t\t<div class=\"elementor-column elementor-col-100 elementor-top-column elementor-element elementor-element-a25685e\" data-id=\"a25685e\" data-element_type=\"column\" data-e-type=\"column\">\n\t\t\t<div class=\"elementor-widget-wrap elementor-element-populated\">\n\t\t\t\t\t\t<div class=\"elementor-element elementor-element-2b961de elementor-widget elementor-widget-image\" data-id=\"2b961de\" data-element_type=\"widget\" data-e-type=\"widget\" data-widget_type=\"image.default\">\n\t\t\t\t<div class=\"elementor-widget-container\">\n\t\t\t\t\t\t\t\t\t\t\t\t\t\t\t<img decoding=\"async\" src=\"http:\/\/duplexpiano.de\/wp-content\/uploads\/elementor\/thumbs\/7XDwHmKg-qfhdz710uyun4i9t8yrzb0du053stealr2wer1ge4o.jpeg\" title=\"7XDwHmKg\" alt=\"7XDwHmKg\" loading=\"lazy\" \/>\t\t\t\t\t\t\t\t\t\t\t\t\t\t\t<\/div>\n\t\t\t\t<\/div>\n\t\t\t\t\t<\/div>\n\t\t<\/div>\n\t\t\t\t\t<\/div>\n\t\t<\/section>\n\t\t\t\t<section class=\"elementor-section elementor-top-section elementor-element elementor-element-da56d1e elementor-section-full_width elementor-section-height-default elementor-section-height-default\" data-id=\"da56d1e\" data-element_type=\"section\" data-e-type=\"section\">\n\t\t\t\t\t\t<div class=\"elementor-container elementor-column-gap-default\">\n\t\t\t\t\t<div class=\"elementor-column elementor-col-100 elementor-top-column elementor-element elementor-element-1163a6b\" data-id=\"1163a6b\" data-element_type=\"column\" data-e-type=\"column\">\n\t\t\t<div class=\"elementor-widget-wrap elementor-element-populated\">\n\t\t\t\t\t\t<div class=\"elementor-element elementor-element-05208f8 elementor-widget elementor-widget-text-editor\" data-id=\"05208f8\" data-element_type=\"widget\" data-e-type=\"widget\" data-widget_type=\"text-editor.default\">\n\t\t\t\t<div class=\"elementor-widget-container\">\n\t\t\t\t\t\t\t\t\t<p>Der Opus Klassik Preistr\u00e4ger Niklas Liepe ist einer dieser hochtalentierten jungen Solisten, die konsequent ihren eigenen Weg beschreiten. Einer jener K\u00fcnstler, die st\u00e4ndig neue Ideen ausbr\u00fcten und dabei auch Vorhaben in Angriff nehmen, die wirklich nach Mut verlangen: weil Konzept und k\u00fcnstlerischer Anspruch geradezu an Vermessenheit grenzen.<br \/>Mit seinem Paganini-Projekt hat Niklas Liepe aus Hamburg, im vergangenen Jahr international f\u00fcr Erstaunen und gl\u00e4nzende Rezensionen gesorgt. An die zwanzig Komponisten und Arrangeure hat er beauftragt, die haarstr\u00e4ubend schweren Capricen f\u00fcr Violine solo von Niccol\u00f2 Paganini mit Orchesterbegleitungen zu versehen \u2013 dies aber so, dass jedes der St\u00fccke in einem anderen stilistischen Gewand erscheint. Foxtrott und Tango, Jazz und romantischer Bombast wechseln sich ab in diesen ebenso am\u00fcsanten wie nahezu respektlosen Neudeutungen, wobei der originale Geigenpart stets unangetastet bleibt. Im Jahr 2017 gr\u00fcndete er zusammen mit seinem Bruder das Festival \u201eLiepe &amp; Co. Festival in den Stahlhallen am S\u00fcdbahnhof in Hannover\u201c, in dem er ebenfalls die Grenzen der Klassik neu auslotet.<br \/>In der Saison 2022\/2023 wird Niklas Liepe mit der NDR Radiophilharmonie, dem WDR Funkhausorchester, den HeFai Symphony Orchestras und dem Rijeka Opera Symphony Orchestra in Europa und Asien auftreten. Deb\u00fctauftritte f\u00fchren ihn zum Beethovenfest Bonn, zum Norrlands Symphony Orchestra in Schweden und in die Philharmonie Berlin.<br \/>Im Herbst 2023 wird sein drittes CD-Projekt #Elements zusammen mit der Oscar-pr\u00e4mierten Komponistin Rachel Portman bei SONY Classical erscheinen, zusammen mit der Dirigentin Erina Yashima und dem WDR Funkhausorchester.<br \/><br \/>Im Herbst 2020 erschien sein zweites CD-Projekt #GoldergReflections zusammen mit dem Dirigenten Jamie Phillips und der NDR Radiophilharmonie bei SONY Classical.<br \/><br \/>Niklas Liepe konzertierte mit K\u00fcnstlern wie Gidon Kremer, Yuri Bashmet, Fazil Say, Christoph Eschenbach und Andras Schiff.<br \/><br \/>Als Solist konzertiert Niklas Liepe mit verschiedenen Orchestern wie dem Frankfurter Opern- und Museumsorchester, dem slowakischen Radiosinfonieorchester Bratislava, dem Kaohsiung City Symphony Orchestra, dem Staatsorchester Rheinland-Pfalz oder der Deutschen Radiophilharmonie Saarbr\u00fccken\/Kaiserslautern unter Dirigenten wie Garry Walker, Hartmut Haenchen, Christoph Eschenbach, Gregor B\u00fchl u.a.<br \/>Er ist Kulturpreistr\u00e4ger des Norddeutschen Rundfunks, Preistr\u00e4ger des \u201eBraunschweig Classix Festival\u201c, der Festspielwochen Gdansk in Polen, des Kocian Violinwettbewerbs in Tschechien sowie zwei Mal des Internationalen Henryk-Wieniawski-Violinwettbewerbs in Polen und 2017 Preistr\u00e4ger des deutschen Musikwettbewerbs. Er studierte an der Musikhochschule Hannover bei Prof. Krzysztof Wegrzyn, an der Musikhochschule K\u00f6ln bei Prof. Zakhar Bron und an der Kronberg Academy bei Prof. Ana Chumachenco und Prof. Mihaela Martin.\u00a0Seit 2022 ist Niklas Liepe als Hochschullehrer an der Hochschule f\u00fcr Musik und Theater Hamburg t\u00e4tig.\u00a0<\/p>\t\t\t\t\t\t\t\t<\/div>\n\t\t\t\t<\/div>\n\t\t\t\t\t<\/div>\n\t\t<\/div>\n\t\t\t\t\t<\/div>\n\t\t<\/section>\n\t\t\t\t<\/div>","protected":false},"excerpt":{"rendered":"<p>Der Opus Klassik Preistr\u00e4ger Niklas Liepe ist einer dieser hochtalentierten jungen Solisten, die konsequent ihren eigenen Weg beschreiten. Einer jener K\u00fcnstler, die st\u00e4ndig neue Ideen ausbr\u00fcten und dabei auch Vorhaben in Angriff nehmen, die wirklich nach Mut verlangen: weil Konzept und k\u00fcnstlerischer Anspruch geradezu an Vermessenheit grenzen.Mit seinem Paganini-Projekt hat Niklas Liepe aus Hamburg, im [&hellip;]<\/p>\n","protected":false},"author":1,"featured_media":0,"parent":0,"menu_order":0,"comment_status":"closed","ping_status":"closed","template":"","meta":{"ocean_post_layout":"","ocean_both_sidebars_style":"","ocean_both_sidebars_content_width":0,"ocean_both_sidebars_sidebars_width":0,"ocean_sidebar":"","ocean_second_sidebar":"","ocean_disable_margins":"enable","ocean_add_body_class":"","ocean_shortcode_before_top_bar":"","ocean_shortcode_after_top_bar":"","ocean_shortcode_before_header":"","ocean_shortcode_after_header":"","ocean_has_shortcode":"","ocean_shortcode_after_title":"","ocean_shortcode_before_footer_widgets":"","ocean_shortcode_after_footer_widgets":"","ocean_shortcode_before_footer_bottom":"","ocean_shortcode_after_footer_bottom":"","ocean_display_top_bar":"default","ocean_display_header":"default","ocean_header_style":"","ocean_center_header_left_menu":"","ocean_custom_header_template":"","ocean_custom_logo":0,"ocean_custom_retina_logo":0,"ocean_custom_logo_max_width":0,"ocean_custom_logo_tablet_max_width":0,"ocean_custom_logo_mobile_max_width":0,"ocean_custom_logo_max_height":0,"ocean_custom_logo_tablet_max_height":0,"ocean_custom_logo_mobile_max_height":0,"ocean_header_custom_menu":"","ocean_menu_typo_font_family":"","ocean_menu_typo_font_subset":"","ocean_menu_typo_font_size":0,"ocean_menu_typo_font_size_tablet":0,"ocean_menu_typo_font_size_mobile":0,"ocean_menu_typo_font_size_unit":"px","ocean_menu_typo_font_weight":"","ocean_menu_typo_font_weight_tablet":"","ocean_menu_typo_font_weight_mobile":"","ocean_menu_typo_transform":"","ocean_menu_typo_transform_tablet":"","ocean_menu_typo_transform_mobile":"","ocean_menu_typo_line_height":0,"ocean_menu_typo_line_height_tablet":0,"ocean_menu_typo_line_height_mobile":0,"ocean_menu_typo_line_height_unit":"","ocean_menu_typo_spacing":0,"ocean_menu_typo_spacing_tablet":0,"ocean_menu_typo_spacing_mobile":0,"ocean_menu_typo_spacing_unit":"","ocean_menu_link_color":"","ocean_menu_link_color_hover":"","ocean_menu_link_color_active":"","ocean_menu_link_background":"","ocean_menu_link_hover_background":"","ocean_menu_link_active_background":"","ocean_menu_social_links_bg":"","ocean_menu_social_hover_links_bg":"","ocean_menu_social_links_color":"","ocean_menu_social_hover_links_color":"","ocean_disable_title":"default","ocean_disable_heading":"default","ocean_post_title":"","ocean_post_subheading":"","ocean_post_title_style":"","ocean_post_title_background_color":"","ocean_post_title_background":0,"ocean_post_title_bg_image_position":"","ocean_post_title_bg_image_attachment":"","ocean_post_title_bg_image_repeat":"","ocean_post_title_bg_image_size":"","ocean_post_title_height":0,"ocean_post_title_bg_overlay":0.5,"ocean_post_title_bg_overlay_color":"","ocean_disable_breadcrumbs":"default","ocean_breadcrumbs_color":"","ocean_breadcrumbs_separator_color":"","ocean_breadcrumbs_links_color":"","ocean_breadcrumbs_links_hover_color":"","ocean_display_footer_widgets":"default","ocean_display_footer_bottom":"default","ocean_custom_footer_template":"","footnotes":""},"class_list":["post-2188","page","type-page","status-publish","hentry","entry"],"_links":{"self":[{"href":"http:\/\/duplexpiano.de\/en\/wp-json\/wp\/v2\/pages\/2188","targetHints":{"allow":["GET"]}}],"collection":[{"href":"http:\/\/duplexpiano.de\/en\/wp-json\/wp\/v2\/pages"}],"about":[{"href":"http:\/\/duplexpiano.de\/en\/wp-json\/wp\/v2\/types\/page"}],"author":[{"embeddable":true,"href":"http:\/\/duplexpiano.de\/en\/wp-json\/wp\/v2\/users\/1"}],"replies":[{"embeddable":true,"href":"http:\/\/duplexpiano.de\/en\/wp-json\/wp\/v2\/comments?post=2188"}],"version-history":[{"count":0,"href":"http:\/\/duplexpiano.de\/en\/wp-json\/wp\/v2\/pages\/2188\/revisions"}],"wp:attachment":[{"href":"http:\/\/duplexpiano.de\/en\/wp-json\/wp\/v2\/media?parent=2188"}],"curies":[{"name":"wp","href":"https:\/\/api.w.org\/{rel}","templated":true}]}}